

{"id":9458,"date":"2023-01-10T13:36:31","date_gmt":"2023-01-10T13:36:31","guid":{"rendered":"https:\/\/www.museodegrandas.es\/acheter-des-billets\/"},"modified":"2024-12-19T12:54:39","modified_gmt":"2024-12-19T12:54:39","slug":"acheter-des-billets","status":"publish","type":"page","link":"https:\/\/www.museodegrandas.es\/fr\/acheter-des-billets\/","title":{"rendered":"ACHETER DES BILLETS"},"content":{"rendered":"<p>&nbsp;<\/p>\n<p><strong>Conditions g\u00e9n\u00e9rales<\/strong><\/p>\n<ul>\n<li>Les tickets pour visiter le Mus\u00e9e ou pour participer aux activit\u00e9s organis\u00e9es peuvent \u00eatre achet\u00e9s en ligne sur le lien ci-dessous, au Centre d\u2019information touristique des Asturies \u00e0 Oviedo\/Uvi\u00e9u, \u00e0 la r\u00e9ception du Mus\u00e9e ou par t\u00e9l\u00e9phone, tous les jours de 17h \u00e0 19h, au +34 985 122 553.<\/li>\n<li>Vous pouvez acheter les billets pour visiter le Muss\u00e9 ou pour participer \u00e0 l\u2019une des activit\u00e9s organis\u00e9es online desde el enlace disponible m\u00e1s abajo, en el <a href=\"https:\/\/www.turismoasturias.es\/organiza-tu-viaje\/oficinas-de-turismo\/oficina-de-turismo-de-asturias\">Centro de Informaci\u00f3n Tur\u00edstica de Asturias<\/a> en Oviedo\/Uvi\u00e9u, en la recepci\u00f3n del Museo et\u00a0par t\u00e9l\u00e9phone en appelant le +34 985 122 553 tous les jours<strong>,\u00a0<\/strong>de 17h00 \u00e0 19h00.<\/li>\n<li>Avant d\u00b4acheter votre billet, consultez les <a href=\"https:\/\/www.museodegrandas.es\/horarios-y-tarifas\/\">tarifs et les horaires<\/a>. Le visiteur a l\u00b4obligation d\u00b4arriver avec suffisamment d\u2019avance pour pouvoir r\u00e9aliser la visite de mani\u00e8re appropri\u00e9e.<\/li>\n<li>Le billet n\u00b4est valide que pour la date et heure indiqu\u00e9es sur celui-ci.<\/li>\n<li>Aucun retour ou \u00e9change de billet n\u2019est admis si le visiteur annule sa visite ou n\u2019arrive pas assez t\u00f4t. Les changements de date et les modifications du type de billet ne sont pas non plus autoris\u00e9s.<\/li>\n<li>L\u00b4organisation se r\u00e9serve le droit de modifier la programmation des \u00e9v\u00e9nements dans chaque \u00e9tablissement En cas d\u00b4annulation, l\u00b4organisation s\u2019engage \u00e0 rembourser le montant du billet.<\/li>\n<li>Le visiteur a l\u00b4obligation de conserver son billet pendant toute la dur\u00e9e de la visite.<\/li>\n<li>Les billets qui ont \u00e9t\u00e9 achet\u00e9s avec une remise ou un tarif sp\u00e9cial doivent \u00eatre accompagn\u00e9s d\u2019une pi\u00e8ce justificative lors de l\u00b4acc\u00e8s \u00e0 l\u00b4\u00e9tablissement. Si vous ne pouvez pas pr\u00e9senter de pi\u00e8ce justificative, ces billets ne seront pas valid\u00e9s.<\/li>\n<li>Les enfants doivent \u00eatre accompagn\u00e9s \u00e0 tout moment d\u00b4un adulte qui doit les surveiller (sauf pendant les activit\u00e9s pour enfants).<\/li>\n<li>Les billets n\u00b4incluent pas l\u00b4acc\u00e8s \u00e0 certaines activit\u00e9s compl\u00e9mentaires, comme les ateliers p\u00e9dagogiques ou les expositions temporaires qui peuvent supposer un co\u00fbt suppl\u00e9mentair<\/li>\n<\/ul>\n<p>&nbsp;<\/p>\n<p><strong>Informations importantes pour la visite du Mus\u00e9e <\/strong><\/p>\n<ul>\n<li>Le mardi, l&rsquo;acc\u00e8s est gratuit.<\/li>\n<li>La visite du Mus\u00e9e est libre. Nous mettons \u00e0 votre disposition des petits guides en espagnol, anglais, fran\u00e7ais et galicien-asturien. Le personnel vous fournit une vision globale du Mus\u00e9e \u00e0 l\u2019entr\u00e9e et reste \u00e0 votre disposition pour vous orienter et r\u00e9pondre \u00e0 vos questions. Des visites guid\u00e9es ou th\u00e9matiques sont propos\u00e9es \u00e0 certaines dates.<\/li>\n<li>La visite dure environ une heure et demie. Nous vous recommandons de vous rendre au Mus\u00e9e suffisamment t\u00f4t pour pouvoir prendre votre temps pour la visite.<\/li>\n<li>Si vous avez achet\u00e9 un billet en ligne, rendez-vous dans la zone concern\u00e9e \u00e0 l\u00b4accueil du Mus\u00e9e pour valider votre billet.<\/li>\n<li>Les photographies avec et sans flash ainsi que les vid\u00e9os sont autoris\u00e9es (sauf pour les audiovisuels du mus\u00e9e et les visites guid\u00e9es).<\/li>\n<li>Il est interdit d\u2019acc\u00e9der aux espaces int\u00e9rieurs du Mus\u00e9e avec des animaux de compagnie. Vous pouvez acc\u00e9der aux espaces ouverts du complexe avec votre animal de compagnie \u00e0 condition qu\u2019il puisse rester attach\u00e9 ou qu\u2019une personne responsable le surveille pendant la visite.<\/li>\n<li>Si vous pr\u00e9sentez le billet au <a href=\"http:\/\/www.museojurasicoasturias.com\/\">Museo del Jur\u00e1sico de Asturias<\/a>, <a href=\"http:\/\/www.parquedelaprehistoria.es\/\">Parque de la Prehistoria de Teverga,<\/a> <a href=\"http:\/\/www.centrotitobustillo.com\/\">Centro de Arte Rupestre Tito Bustillo<\/a>, un tarif r\u00e9duit sera appliqu\u00e9.<\/li>\n<\/ul>\n<p style=\"text-align: center;\"><a href=\"https:\/\/entradas.turismoasturias.es\/es\/museo-etnografico-grandas-de-salime\/\"><strong>Acheter des billets<\/strong><\/a><\/p>\n<p>&nbsp;<\/p>\n","protected":false},"excerpt":{"rendered":"<p>&nbsp; Conditions g\u00e9n\u00e9rales Les tickets pour visiter le Mus\u00e9e ou pour participer aux activit\u00e9s organis\u00e9es peuvent \u00eatre achet\u00e9s en ligne sur le lien ci-dessous, au Centre d\u2019information touristique des Asturies \u00e0 Oviedo\/Uvi\u00e9u, \u00e0 la r\u00e9ception du Mus\u00e9e ou par t\u00e9l\u00e9phone, tous les jours de 17h \u00e0 19h, au +34 985 122 553. Vous pouvez acheter [&hellip;]<\/p>\n","protected":false},"author":8,"featured_media":0,"parent":0,"menu_order":0,"comment_status":"closed","ping_status":"closed","template":"","meta":{"_et_pb_use_builder":"","_et_pb_old_content":"","_et_gb_content_width":""},"_links":{"self":[{"href":"https:\/\/www.museodegrandas.es\/fr\/wp-json\/wp\/v2\/pages\/9458"}],"collection":[{"href":"https:\/\/www.museodegrandas.es\/fr\/wp-json\/wp\/v2\/pages"}],"about":[{"href":"https:\/\/www.museodegrandas.es\/fr\/wp-json\/wp\/v2\/types\/page"}],"author":[{"embeddable":true,"href":"https:\/\/www.museodegrandas.es\/fr\/wp-json\/wp\/v2\/users\/8"}],"replies":[{"embeddable":true,"href":"https:\/\/www.museodegrandas.es\/fr\/wp-json\/wp\/v2\/comments?post=9458"}],"version-history":[{"count":4,"href":"https:\/\/www.museodegrandas.es\/fr\/wp-json\/wp\/v2\/pages\/9458\/revisions"}],"predecessor-version":[{"id":10827,"href":"https:\/\/www.museodegrandas.es\/fr\/wp-json\/wp\/v2\/pages\/9458\/revisions\/10827"}],"wp:attachment":[{"href":"https:\/\/www.museodegrandas.es\/fr\/wp-json\/wp\/v2\/media?parent=9458"}],"curies":[{"name":"wp","href":"https:\/\/api.w.org\/{rel}","templated":true}]}}