

{"id":8639,"date":"2022-05-23T12:43:50","date_gmt":"2022-05-23T12:43:50","guid":{"rendered":"https:\/\/www.museodegrandas.es\/servicies\/"},"modified":"2022-05-23T12:43:52","modified_gmt":"2022-05-23T12:43:52","slug":"servicies","status":"publish","type":"page","link":"https:\/\/www.museodegrandas.es\/fr\/servicies\/","title":{"rendered":"Servicies"},"content":{"rendered":"<p>[et_pb_section][et_pb_row][et_pb_column type=\u00a0\u00bb4_4&Prime;][et_pb_text]<\/p>\n<p><!--:es--><div class='one_half'>\n\t\t\t\t\t[custom_frame_left shadow=\u00a0\u00bbon\u00a0\u00bb]\n<a href=\"http:\/\/www.museodegrandas.es\/wp-content\/uploads\/2014\/02\/Visitas.jpg\"><img loading=\"lazy\" class=\"alignnone size-medium wp-image-7895\" src=\"https:\/\/www.museodegrandas.es\/wp-content\/uploads\/2014\/02\/Visitas-200x300.jpg\" alt=\"Visitas\" width=\"200\" height=\"300\" \/><\/a>\n[\/custom_frame_left]<\/p>\n<h3><a href=\"http:\/\/www.museodegrandas.es\/category\/servicios\/visitas\/\">Visitas<\/a><\/h3>\n<p><a href=\"http:\/\/www.museodegrandas.es\/category\/servicios\/visitas\/\">Visitar el Museo Etnogr\u00e1fico de Grandas de Salime es una actividad que conviene disfrutar con tiempo y sin prisas. Descubra la modalidad de visita que mejor se adapta a sus necesidades, los requisitos para acudir en grupo, c\u00f3mo hacer una reserva previa y las recomendaciones que le ayudar\u00e1n a convertir su estancia en el Museo en una experiencia gratificante.<\/a>\n\t\t\t\t<\/div><\/p>\n<div class='one_half et_column_last'>\n\t\t\t\t\t[custom_frame_right shadow=\u00a0\u00bbon\u00a0\u00bb]\n<a href=\"http:\/\/www.museodegrandas.es\/wp-content\/uploads\/2014\/02\/servicios02.jpg\"><img loading=\"lazy\" class=\"alignnone size-medium wp-image-8625\" src=\"https:\/\/www.museodegrandas.es\/wp-content\/uploads\/2014\/02\/servicios02-200x300.jpg\" alt=\"servicios02\" width=\"200\" height=\"300\" \/><\/a>\n[\/custom_frame_right]<\/p>\n<h3><a href=\"http:\/\/www.museodegrandas.es\/category\/servicios\/talleres\/\">Talleres<\/a><\/h3>\n<p><a href=\"http:\/\/www.museodegrandas.es\/category\/servicios\/talleres\/\">Los talleres que programa el Museo proponen al p\u00fablico otras formas de acercarse a las colecciones y los contenidos del centro. A trav\u00e9s ellos los visitantes tienen la oportunidad de adentrarse en el modo de vida de la sociedad rural campesina, participando de forma activa en las labores y oficios tradicionales que sosten\u00edan la comunidad y conociendo sus herramientas y t\u00e9cnicas.<\/a>\n\t\t\t\t<\/div><div class='clear'><\/div>\n<p>[divider]<\/p>\n<div class='one_half'>\n\t\t\t\t\t[custom_frame_left shadow=\u00a0\u00bbon\u00a0\u00bb]\n<a href=\"http:\/\/www.museodegrandas.es\/wp-content\/uploads\/2014\/02\/servicios04.jpg\"><img loading=\"lazy\" class=\"alignnone size-medium wp-image-8626\" src=\"https:\/\/www.museodegrandas.es\/wp-content\/uploads\/2014\/02\/servicios04-200x300.jpg\" alt=\"servicios04\" width=\"200\" height=\"300\" \/><\/a>\n[\/custom_frame_left]<\/p>\n<h3><a href=\"http:\/\/www.museodegrandas.es\/category\/servicios\/biblioteca\/\">Biblioteca<\/a><\/h3>\n<p><a href=\"http:\/\/www.museodegrandas.es\/category\/servicios\/biblioteca\/\">El Museo cuenta con una biblioteca especializada en temas de etnograf\u00eda, ubicada en la planta alta de <i>A Casoa<\/i>. Tambi\u00e9n en la biblioteca se localizan los fondos documentales antiguos que, procedentes mayoritariamente de los concejos del entorno, el Museo ha ido incorporando a su colecci\u00f3n. Tanto los fondos bibliogr\u00e1ficos como la colecci\u00f3n documental se encuentran a disposici\u00f3n de aquellos investigadores que lo soliciten.<\/a>\n\t\t\t\t<\/div>\n<p><div class='one_half et_column_last'>\n\t\t\t\t\t[custom_frame_right shadow=\u00a0\u00bbon\u00a0\u00bb]\n<a href=\"http:\/\/www.museodegrandas.es\/wp-content\/uploads\/2014\/02\/area-conservacion.jpg\"><img loading=\"lazy\" class=\"alignnone size-medium wp-image-8627\" src=\"https:\/\/www.museodegrandas.es\/wp-content\/uploads\/2014\/02\/area-conservacion-199x300.jpg\" alt=\"area-conservacion\" width=\"199\" height=\"300\" \/><\/a>\n[\/custom_frame_right]<\/p>\n<h3><a href=\"http:\/\/www.museodegrandas.es\/category\/servicios\/area-de-conservacion\/\">\u00c1rea de conservaci\u00f3n<\/a><\/h3>\n<p><a href=\"http:\/\/www.museodegrandas.es\/category\/servicios\/area-de-conservacion\/\">Desde sus inicios, garantizar la preservaci\u00f3n de las colecciones ha sido una prioridad para el Museo Etnogr\u00e1fico de Grandas de Salime. En la planta baja de la Casa del Molinero se localiza el \u00e1rea de carpinter\u00eda y conservaci\u00f3n. El taller atiende la revisi\u00f3n peri\u00f3dica y el mantenimiento preventivo de los objetos y bienes muebles de la colecci\u00f3n. Adem\u00e1s se ocupa de la recuperaci\u00f3n y reintegraci\u00f3n de las piezas para facilitar su comprensi\u00f3n expositiva.<\/a>\n\t\t\t\t<\/div><div class='clear'><\/div><!--:--><\/p>\n<p>[\/et_pb_text][\/et_pb_column][\/et_pb_row][\/et_pb_section]<\/p>\n","protected":false},"excerpt":{"rendered":"<p><div class=\"et_pb_section et_pb_section_0 et_pb_with_background et_section_regular\" >\n\t\t\t\t\n\t\t\t\t\n\t\t\t\t\n\t\t\t\t\n\t\t\t\t\n\t\t\t\t\n\t\t\t\t\n\t\t\t\t\n\t\t\t\t\n\t\t\t<\/div><div class=\"et_pb_row et_pb_row_0 et_pb_row_empty\">\n\t\t\t\t\n\t\t\t\t\n\t\t\t\t\n\t\t\t\t\n\t\t\t\t\n\t\t\t<\/div><div class=\"et_pb_module et_pb_text et_pb_text_0  et_pb_text_align_left et_pb_bg_layout_light\">\n\t\t\t\t\n\t\t\t\t\n\t\t\t\t\n\t\t\t\t\n\t\t\t\t\n\t\t\t<\/div> <div class='one_half'>\n\t\t\t\t\t\n\t\t\t\t<\/div> [custom_frame_left shadow=\u00a0\u00bbon\u00a0\u00bb] [\/custom_frame_left] Visitas Visitar el Museo Etnogr\u00e1fico de Grandas de Salime es una actividad que conviene disfrutar con tiempo y sin prisas. Descubra la modalidad de visita que mejor se adapta a sus necesidades, los requisitos para acudir en grupo, c\u00f3mo hacer una reserva previa y las recomendaciones que le ayudar\u00e1n a [&hellip;]<\/p>\n","protected":false},"author":2,"featured_media":0,"parent":0,"menu_order":0,"comment_status":"closed","ping_status":"closed","template":"","meta":{"_et_pb_use_builder":"on","_et_pb_old_content":"","_et_gb_content_width":""},"_links":{"self":[{"href":"https:\/\/www.museodegrandas.es\/fr\/wp-json\/wp\/v2\/pages\/8639"}],"collection":[{"href":"https:\/\/www.museodegrandas.es\/fr\/wp-json\/wp\/v2\/pages"}],"about":[{"href":"https:\/\/www.museodegrandas.es\/fr\/wp-json\/wp\/v2\/types\/page"}],"author":[{"embeddable":true,"href":"https:\/\/www.museodegrandas.es\/fr\/wp-json\/wp\/v2\/users\/2"}],"replies":[{"embeddable":true,"href":"https:\/\/www.museodegrandas.es\/fr\/wp-json\/wp\/v2\/comments?post=8639"}],"version-history":[{"count":2,"href":"https:\/\/www.museodegrandas.es\/fr\/wp-json\/wp\/v2\/pages\/8639\/revisions"}],"predecessor-version":[{"id":8641,"href":"https:\/\/www.museodegrandas.es\/fr\/wp-json\/wp\/v2\/pages\/8639\/revisions\/8641"}],"wp:attachment":[{"href":"https:\/\/www.museodegrandas.es\/fr\/wp-json\/wp\/v2\/media?parent=8639"}],"curies":[{"name":"wp","href":"https:\/\/api.w.org\/{rel}","templated":true}]}}