

{"id":8638,"date":"2022-05-23T12:37:58","date_gmt":"2022-05-23T12:37:58","guid":{"rendered":"https:\/\/www.museodegrandas.es\/catalogo\/"},"modified":"2022-07-19T13:47:19","modified_gmt":"2022-07-19T13:47:19","slug":"catalogo","status":"publish","type":"page","link":"https:\/\/www.museodegrandas.es\/fr\/catalogo\/","title":{"rendered":"Cat\u00e1logo"},"content":{"rendered":"<p>[et_pb_section fb_built=\u00a0\u00bb1&Prime; admin_label=\u00a0\u00bbsection\u00a0\u00bb _builder_version=\u00a0\u00bb4.17.4&Prime; background_color=\u00a0\u00bb#FFFFFF\u00a0\u00bb global_colors_info=\u00a0\u00bb{}\u00a0\u00bb][et_pb_row admin_label=\u00a0\u00bbrow\u00a0\u00bb _builder_version=\u00a0\u00bb4.16&Prime; background_size=\u00a0\u00bbinitial\u00a0\u00bb background_position=\u00a0\u00bbtop_left\u00a0\u00bb background_repeat=\u00a0\u00bbrepeat\u00a0\u00bb global_colors_info=\u00a0\u00bb{}\u00a0\u00bb][et_pb_column type=\u00a0\u00bb4_4&Prime; _builder_version=\u00a0\u00bb4.16&Prime; custom_padding=\u00a0\u00bb|||\u00a0\u00bb global_colors_info=\u00a0\u00bb{}\u00a0\u00bb custom_padding__hover=\u00a0\u00bb|||\u00a0\u00bb][et_pb_text admin_label=\u00a0\u00bbText\u00a0\u00bb _builder_version=\u00a0\u00bb4.16&Prime; background_size=\u00a0\u00bbinitial\u00a0\u00bb background_position=\u00a0\u00bbtop_left\u00a0\u00bb background_repeat=\u00a0\u00bbrepeat\u00a0\u00bb global_colors_info=\u00a0\u00bb{}\u00a0\u00bb]<\/p>\n<p style=\"text-align: justify; line-height: 150%; vertical-align: baseline;\"><span style=\"font-family: 'Georgia',serif; color: #666666;\">El Museo Etnogr\u00e1fico de Grandas de Salime \u201cPepe el Ferreiro\u201d re\u00fane una de las colecciones m\u00e1s significativas de su \u00e1mbito, tanto en t\u00e9rminos cuantitativos como cualitativos. Sus fondos se aproximan a los 20.000 registros, en su mayor\u00eda exhibidos en la exposici\u00f3n permanente. <\/span><\/p>\n<p style=\"text-align: justify; line-height: 150%; vertical-align: baseline;\"><span style=\"font-family: 'Georgia',serif; color: #666666;\">El Museo ha iniciado la catalogaci\u00f3n sistem\u00e1tica del conjunto de sus colecciones. En la secci\u00f3n \u201cCat\u00e1logo\u201d iremos poniendo a disposici\u00f3n de todos los interesados la relaci\u00f3n de piezas de nuestra colecci\u00f3n, actualiz\u00e1ndola a medida que se vaya ampliando.<\/span><\/p>\n<p>[\/et_pb_text][\/et_pb_column][\/et_pb_row][et_pb_row _builder_version=\u00a0\u00bb4.17.4&Prime; _module_preset=\u00a0\u00bbdefault\u00a0\u00bb global_colors_info=\u00a0\u00bb{}\u00a0\u00bb][et_pb_column type=\u00a0\u00bb4_4&Prime; _builder_version=\u00a0\u00bb4.17.4&Prime; _module_preset=\u00a0\u00bbdefault\u00a0\u00bb global_colors_info=\u00a0\u00bb{}\u00a0\u00bb][et_pb_text _builder_version=\u00a0\u00bb4.17.4&Prime; _module_preset=\u00a0\u00bbdefault\u00a0\u00bb hover_enabled=\u00a0\u00bb0&Prime; sticky_enabled=\u00a0\u00bb0&Prime;]<\/p>\n<h2>Cat\u00e1logo<\/h2>\n<p>[\/et_pb_text][et_pb_shop _builder_version=\u00a0\u00bb4.17.4&Prime; _module_preset=\u00a0\u00bbdefault\u00a0\u00bb global_colors_info=\u00a0\u00bb{}\u00a0\u00bb][\/et_pb_shop][\/et_pb_column][\/et_pb_row][\/et_pb_section]<\/p>\n","protected":false},"excerpt":{"rendered":"<p>El Museo Etnogr\u00e1fico de Grandas de Salime \u201cPepe el Ferreiro\u201d re\u00fane una de las colecciones m\u00e1s significativas de su \u00e1mbito, tanto en t\u00e9rminos cuantitativos como cualitativos. Sus fondos se aproximan a los 20.000 registros, en su mayor\u00eda exhibidos en la exposici\u00f3n permanente. El Museo ha iniciado la catalogaci\u00f3n sistem\u00e1tica del conjunto de sus colecciones. En [&hellip;]<\/p>\n","protected":false},"author":2,"featured_media":0,"parent":0,"menu_order":4,"comment_status":"open","ping_status":"closed","template":"","meta":{"_et_pb_use_builder":"on","_et_pb_old_content":"","_et_gb_content_width":""},"_links":{"self":[{"href":"https:\/\/www.museodegrandas.es\/fr\/wp-json\/wp\/v2\/pages\/8638"}],"collection":[{"href":"https:\/\/www.museodegrandas.es\/fr\/wp-json\/wp\/v2\/pages"}],"about":[{"href":"https:\/\/www.museodegrandas.es\/fr\/wp-json\/wp\/v2\/types\/page"}],"author":[{"embeddable":true,"href":"https:\/\/www.museodegrandas.es\/fr\/wp-json\/wp\/v2\/users\/2"}],"replies":[{"embeddable":true,"href":"https:\/\/www.museodegrandas.es\/fr\/wp-json\/wp\/v2\/comments?post=8638"}],"version-history":[{"count":3,"href":"https:\/\/www.museodegrandas.es\/fr\/wp-json\/wp\/v2\/pages\/8638\/revisions"}],"predecessor-version":[{"id":8939,"href":"https:\/\/www.museodegrandas.es\/fr\/wp-json\/wp\/v2\/pages\/8638\/revisions\/8939"}],"wp:attachment":[{"href":"https:\/\/www.museodegrandas.es\/fr\/wp-json\/wp\/v2\/media?parent=8638"}],"curies":[{"name":"wp","href":"https:\/\/api.w.org\/{rel}","templated":true}]}}