

{"id":8327,"date":"2022-05-19T13:55:49","date_gmt":"2022-05-19T13:55:49","guid":{"rendered":"https:\/\/www.museodegrandas.es\/19-chapelle\/"},"modified":"2022-05-19T13:55:49","modified_gmt":"2022-05-19T13:55:49","slug":"19-chapelle","status":"publish","type":"page","link":"https:\/\/www.museodegrandas.es\/fr\/le-musee\/19-chapelle\/","title":{"rendered":"19.- Chapelle"},"content":{"rendered":"<p><span style=\"font-weight: 400;\">Les \u00e9glises, chapelles et ermitages \u00e9taient les points de r\u00e9f\u00e9rence permanents dans la vie des paysans.\u00a0 Ils s&rsquo;y rendaient chaque semaine pour les services religieux et chaque fois qu&rsquo;il y avait une f\u00eate \u00e0 c\u00e9l\u00e9brer. C&rsquo;\u00e9tait aussi le lieu o\u00f9 se d\u00e9roulaient les \u00e9v\u00e9nements marquants de la vie\u00a0: bapt\u00eame, communion, mariage et, enfin, les rituels de la mort\u00a0; des rites de passage qui se c\u00e9l\u00e9braient en pr\u00e9sence de tous les habitants et qui attestaient leur appartenance \u00e0 une communaut\u00e9 qui les reconnaissait et dans laquelle ils se reconnaissaient.<\/span><\/p>\n<p style=\"text-align: center;\"><a href=\"https:\/\/www.museodegrandas.es\/wp-content\/uploads\/2014\/02\/iglesia.jpg\"><img class=\"wp-image-1314 aligncenter\" src=\"https:\/\/www.museodegrandas.es\/wp-content\/uploads\/2014\/02\/iglesia.jpg\" alt=\"iglesia\" width=\"500\" \/><\/a><\/p>\n<p><span style=\"font-weight: 400;\">La chapelle du mus\u00e9e, d\u00e9di\u00e9e \u00e0 saint Jean-Baptiste, est un \u00e9difice de construction r\u00e9cente, qui respecte les caract\u00e9ristiques de l&rsquo;architecture religieuse populaire de la r\u00e9gion\u00a0: plan rectangulaire et toiture en ardoise \u00e0 trois pans, avec une ligne fa\u00eeti\u00e8re de dalles imbriqu\u00e9es. L&rsquo;espace est divis\u00e9 en trois zones\u00a0: une grande porte ouverte au pied qui pr\u00e9c\u00e8de un porche ferm\u00e9 \u00e0 partir duquel on acc\u00e8de \u00e0 la nef unique. L&rsquo;entr\u00e9e entre les espaces se fait par des portes \u00e0 linteaux flanqu\u00e9es d&rsquo;ouvertures avec des barreaux en bois qui permettent le passage de la lumi\u00e8re naturelle, selon un sch\u00e9ma caract\u00e9ristique des chapelles et ermitages ruraux de la r\u00e9gion.<\/span><\/p>\n<p style=\"text-align: center;\"><a href=\"https:\/\/www.museodegrandas.es\/wp-content\/uploads\/2014\/02\/iglesia2.jpg\"><img class=\"wp-image-1315 aligncenter\" src=\"https:\/\/www.museodegrandas.es\/wp-content\/uploads\/2014\/02\/iglesia2.jpg\" alt=\"iglesia2\" width=\"500\" \/><\/a><\/p>\n<p><span style=\"font-weight: 400;\">Les poutres appartenaient au pont de Salime, une localit\u00e9 inond\u00e9e par les eaux du lac de barrage du m\u00eame nom. Le retable provient de l&rsquo;ancienne chapelle de Salime et de la porte d&rsquo;entr\u00e9e polychrome de la nef de Samart\u00edn d&rsquo;Ozcos.<\/span><\/p>\n<p>&nbsp;<\/p>\n<p>&nbsp;<\/p>\n<p><!--:--><\/p>\n","protected":false},"excerpt":{"rendered":"<p>Les \u00e9glises, chapelles et ermitages \u00e9taient les points de r\u00e9f\u00e9rence permanents dans la vie des paysans.\u00a0 Ils s&rsquo;y rendaient chaque semaine pour les services religieux et chaque fois qu&rsquo;il y avait une f\u00eate \u00e0 c\u00e9l\u00e9brer. C&rsquo;\u00e9tait aussi le lieu o\u00f9 se d\u00e9roulaient les \u00e9v\u00e9nements marquants de la vie\u00a0: bapt\u00eame, communion, mariage et, enfin, les rituels [&hellip;]<\/p>\n","protected":false},"author":2,"featured_media":0,"parent":8336,"menu_order":0,"comment_status":"closed","ping_status":"open","template":"","meta":{"_et_pb_use_builder":"","_et_pb_old_content":"","_et_gb_content_width":""},"_links":{"self":[{"href":"https:\/\/www.museodegrandas.es\/fr\/wp-json\/wp\/v2\/pages\/8327"}],"collection":[{"href":"https:\/\/www.museodegrandas.es\/fr\/wp-json\/wp\/v2\/pages"}],"about":[{"href":"https:\/\/www.museodegrandas.es\/fr\/wp-json\/wp\/v2\/types\/page"}],"author":[{"embeddable":true,"href":"https:\/\/www.museodegrandas.es\/fr\/wp-json\/wp\/v2\/users\/2"}],"replies":[{"embeddable":true,"href":"https:\/\/www.museodegrandas.es\/fr\/wp-json\/wp\/v2\/comments?post=8327"}],"version-history":[{"count":0,"href":"https:\/\/www.museodegrandas.es\/fr\/wp-json\/wp\/v2\/pages\/8327\/revisions"}],"up":[{"embeddable":true,"href":"https:\/\/www.museodegrandas.es\/fr\/wp-json\/wp\/v2\/pages\/8336"}],"wp:attachment":[{"href":"https:\/\/www.museodegrandas.es\/fr\/wp-json\/wp\/v2\/media?parent=8327"}],"curies":[{"name":"wp","href":"https:\/\/api.w.org\/{rel}","templated":true}]}}