

{"id":8318,"date":"2022-05-19T13:54:24","date_gmt":"2022-05-19T13:54:24","guid":{"rendered":"https:\/\/www.museodegrandas.es\/18-outils-agricoles\/"},"modified":"2022-05-19T13:54:24","modified_gmt":"2022-05-19T13:54:24","slug":"18-outils-agricoles","status":"publish","type":"page","link":"https:\/\/www.museodegrandas.es\/fr\/le-musee\/18-outils-agricoles\/","title":{"rendered":"18.- Outils agricoles"},"content":{"rendered":"<p><span style=\"font-weight: 400;\">L&rsquo;incorporation de nouveaux mat\u00e9riaux de fabrication et le d\u00e9but de la production de masse m\u00e9canis\u00e9e ont introduit des changements substantiels dans la fa\u00e7on de travailler des paysans. Les outils traditionnels fabriqu\u00e9s par les charpentiers et forgerons locaux ont commenc\u00e9 \u00e0 \u00eatre remplac\u00e9s par des outils et des machines fabriqu\u00e9s industriellement, qui facilitaient et optimisaient leurs t\u00e2ches. Dans l&rsquo;abri attenant \u00e0 <\/span><i><span style=\"font-weight: 400;\">A Casoa<\/span><\/i><span style=\"font-weight: 400;\"> sont expos\u00e9s des charrues et des semoirs encore tir\u00e9s par des animaux, et les premi\u00e8res machines \u00e0 d\u00e9cortiquer, et les premieres vanneuses ou batteuses \u00e0 moteur fixe.<\/span><\/p>\n<p style=\"text-align: center;\"><a href=\"http:\/\/www.museodegrandas.es\/wp-content\/uploads\/2014\/02\/aperos.jpg\"><img class=\"wp-image-1307 aligncenter\" src=\"http:\/\/www.museodegrandas.es\/wp-content\/uploads\/2014\/02\/aperos.jpg\" alt=\"aperos\" width=\"500\" \/><\/a><\/p>\n<p style=\"text-align: center;\"><a href=\"http:\/\/www.museodegrandas.es\/wp-content\/uploads\/2014\/02\/aperos2.jpg\"><img class=\"wp-image-1308 aligncenter\" src=\"http:\/\/www.museodegrandas.es\/wp-content\/uploads\/2014\/02\/aperos2.jpg\" alt=\"aperos2\" width=\"500\" \/><\/a><\/p>\n<p><!--:--><\/p>\n","protected":false},"excerpt":{"rendered":"<p>L&rsquo;incorporation de nouveaux mat\u00e9riaux de fabrication et le d\u00e9but de la production de masse m\u00e9canis\u00e9e ont introduit des changements substantiels dans la fa\u00e7on de travailler des paysans. Les outils traditionnels fabriqu\u00e9s par les charpentiers et forgerons locaux ont commenc\u00e9 \u00e0 \u00eatre remplac\u00e9s par des outils et des machines fabriqu\u00e9s industriellement, qui facilitaient et optimisaient leurs [&hellip;]<\/p>\n","protected":false},"author":2,"featured_media":0,"parent":8336,"menu_order":0,"comment_status":"closed","ping_status":"closed","template":"","meta":{"_et_pb_use_builder":"","_et_pb_old_content":"","_et_gb_content_width":""},"_links":{"self":[{"href":"https:\/\/www.museodegrandas.es\/fr\/wp-json\/wp\/v2\/pages\/8318"}],"collection":[{"href":"https:\/\/www.museodegrandas.es\/fr\/wp-json\/wp\/v2\/pages"}],"about":[{"href":"https:\/\/www.museodegrandas.es\/fr\/wp-json\/wp\/v2\/types\/page"}],"author":[{"embeddable":true,"href":"https:\/\/www.museodegrandas.es\/fr\/wp-json\/wp\/v2\/users\/2"}],"replies":[{"embeddable":true,"href":"https:\/\/www.museodegrandas.es\/fr\/wp-json\/wp\/v2\/comments?post=8318"}],"version-history":[{"count":0,"href":"https:\/\/www.museodegrandas.es\/fr\/wp-json\/wp\/v2\/pages\/8318\/revisions"}],"up":[{"embeddable":true,"href":"https:\/\/www.museodegrandas.es\/fr\/wp-json\/wp\/v2\/pages\/8336"}],"wp:attachment":[{"href":"https:\/\/www.museodegrandas.es\/fr\/wp-json\/wp\/v2\/media?parent=8318"}],"curies":[{"name":"wp","href":"https:\/\/api.w.org\/{rel}","templated":true}]}}