

{"id":8313,"date":"2022-05-19T13:52:14","date_gmt":"2022-05-19T13:52:14","guid":{"rendered":"https:\/\/www.museodegrandas.es\/17-cabazo-grenier-a-grains\/"},"modified":"2022-05-19T13:52:14","modified_gmt":"2022-05-19T13:52:14","slug":"17-cabazo-grenier-a-grains","status":"publish","type":"page","link":"https:\/\/www.museodegrandas.es\/fr\/le-musee\/17-cabazo-grenier-a-grains\/","title":{"rendered":"17.- Cabazo \/ grenier \u00e0 grains"},"content":{"rendered":"<p><span style=\"font-weight: 400;\">Le <\/span><i><span style=\"font-weight: 400;\">cabazo<\/span><\/i><span style=\"font-weight: 400;\"> est, comme le\u00a0<\/span><a href=\"https:\/\/www.museodegrandas.es\/fr\/le-musee\/06-horreo-grenier-carre\/\"><i><span style=\"font-weight: 400;\">h\u00f3rreo<\/span><\/i><span style=\"font-weight: 400;\"> (6)<\/span><\/a><span style=\"font-weight: 400;\">\u00a0et la\u00a0<\/span><a href=\"https:\/\/www.museodegrandas.es\/fr\/le-musee\/07-panera-grenier-rectangulaire\/\"><i><span style=\"font-weight: 400;\">panera<\/span><\/i><span style=\"font-weight: 400;\"> (7)<\/span><\/a><span style=\"font-weight: 400;\">, un type de grenier, sp\u00e9cialement con\u00e7u pour le s\u00e9chage du grain. \u00c9galement connu sous le nom de grenier (<\/span><i><span style=\"font-weight: 400;\">h\u00f3rreo<\/span><\/i><span style=\"font-weight: 400;\">) galicien, on le retrouve sur la quasi-totalit\u00e9 du territoire de Galice, dans l&rsquo;Ouest des Asturies jusqu&rsquo;au Navia et au nord du Portugal.<\/span><\/p>\n<p style=\"text-align: center;\"><a href=\"http:\/\/www.museodegrandas.es\/wp-content\/uploads\/2014\/02\/cabazo.jpg\"><img class=\"wp-image-1301 aligncenter\" src=\"http:\/\/www.museodegrandas.es\/wp-content\/uploads\/2014\/02\/cabazo.jpg\" alt=\"cabazo\" width=\"500\" \/><\/a><\/p>\n<p><span style=\"font-weight: 400;\">D&rsquo;une mani\u00e8re g\u00e9n\u00e9rale, il s&rsquo;agit d&rsquo;un caisson ou chambre rectangulaire ventil\u00e9e et sur\u00e9lev\u00e9e au moyen de murets en ma\u00e7onnerie, sur lesquels est plac\u00e9e une dalle en porte-\u00e0-faux, appel\u00e9e <\/span><i><span style=\"font-weight: 400;\">tornarratos<\/span><\/i><span style=\"font-weight: 400;\">, qui emp\u00eache aux rongeurs d&rsquo;y acc\u00e9der. \u00c0 partir de cette conception de base, il existe de nombreuses variantes de construction, avec des diff\u00e9rences au niveau des dimensions, des mat\u00e9riaux utilis\u00e9s, des finitions ou encore de la morphologie des \u00e9l\u00e9ments porteurs.<\/span><\/p>\n<p><span style=\"font-weight: 400;\">Le <\/span><i><span style=\"font-weight: 400;\">cabazo<\/span><\/i><span style=\"font-weight: 400;\"> du mus\u00e9e est une structure de dimensions modestes. Les\u00a0<\/span><i><span style=\"font-weight: 400;\">costales<\/span><\/i><span style=\"font-weight: 400;\">\u00a0ou grands c\u00f4t\u00e9s de la chambre sont ferm\u00e9s par des lattes de bois verticales fix\u00e9es par une latte horizontale, entre lesquelles un espace est laiss\u00e9 pour permettre le passage de l&rsquo;air. Les\u00a0<\/span><i><span style=\"font-weight: 400;\">penales<\/span><\/i><span style=\"font-weight: 400;\">\u00a0ou petits c\u00f4t\u00e9s sont en ma\u00e7onnerie enduite avec de petites ouvertures rectangulaires ou<\/span><i><span style=\"font-weight: 400;\"> troneras<\/span><\/i><span style=\"font-weight: 400;\"> pour la ventilation. La chambre est \u00e9lev\u00e9e sur deux murs de ma\u00e7onnerie apparents, les <\/span><i><span style=\"font-weight: 400;\">cepos<\/span><\/i><span style=\"font-weight: 400;\">, laissant libre l&rsquo;espace central. L&rsquo;acc\u00e8s se fait par l&rsquo;un des deux petits c\u00f4t\u00e9s, par un escalier en pierre.<\/span><\/p>\n<p><!--:--><\/p>\n","protected":false},"excerpt":{"rendered":"<p>Le cabazo est, comme le\u00a0h\u00f3rreo (6)\u00a0et la\u00a0panera (7), un type de grenier, sp\u00e9cialement con\u00e7u pour le s\u00e9chage du grain. \u00c9galement connu sous le nom de grenier (h\u00f3rreo) galicien, on le retrouve sur la quasi-totalit\u00e9 du territoire de Galice, dans l&rsquo;Ouest des Asturies jusqu&rsquo;au Navia et au nord du Portugal. D&rsquo;une mani\u00e8re g\u00e9n\u00e9rale, il s&rsquo;agit d&rsquo;un [&hellip;]<\/p>\n","protected":false},"author":2,"featured_media":0,"parent":8336,"menu_order":0,"comment_status":"closed","ping_status":"closed","template":"","meta":{"_et_pb_use_builder":"","_et_pb_old_content":"","_et_gb_content_width":""},"_links":{"self":[{"href":"https:\/\/www.museodegrandas.es\/fr\/wp-json\/wp\/v2\/pages\/8313"}],"collection":[{"href":"https:\/\/www.museodegrandas.es\/fr\/wp-json\/wp\/v2\/pages"}],"about":[{"href":"https:\/\/www.museodegrandas.es\/fr\/wp-json\/wp\/v2\/types\/page"}],"author":[{"embeddable":true,"href":"https:\/\/www.museodegrandas.es\/fr\/wp-json\/wp\/v2\/users\/2"}],"replies":[{"embeddable":true,"href":"https:\/\/www.museodegrandas.es\/fr\/wp-json\/wp\/v2\/comments?post=8313"}],"version-history":[{"count":0,"href":"https:\/\/www.museodegrandas.es\/fr\/wp-json\/wp\/v2\/pages\/8313\/revisions"}],"up":[{"embeddable":true,"href":"https:\/\/www.museodegrandas.es\/fr\/wp-json\/wp\/v2\/pages\/8336"}],"wp:attachment":[{"href":"https:\/\/www.museodegrandas.es\/fr\/wp-json\/wp\/v2\/media?parent=8313"}],"curies":[{"name":"wp","href":"https:\/\/api.w.org\/{rel}","templated":true}]}}