

{"id":8304,"date":"2022-05-19T13:43:00","date_gmt":"2022-05-19T13:43:00","guid":{"rendered":"https:\/\/www.museodegrandas.es\/16-fabrica-de-gaseosas\/"},"modified":"2022-05-19T13:43:00","modified_gmt":"2022-05-19T13:43:00","slug":"16-fabrica-de-gaseosas","status":"publish","type":"page","link":"https:\/\/www.museodegrandas.es\/fr\/le-musee\/16-fabrica-de-gaseosas\/","title":{"rendered":"16.- F\u00e1brica de gaseosas"},"content":{"rendered":"<p><span style=\"font-weight: 400;\">Les eaux gazeuses effervescentes \u00e9taient appr\u00e9ci\u00e9es depuis l&rsquo;Antiquit\u00e9 pour leurs propri\u00e9t\u00e9s bienfaisantes. Les boissons gazeuses modernes sont n\u00e9es dans les pharmacies, o\u00f9 les apothicaires pr\u00e9paraient leurs propres boissons comme rem\u00e8de pour soulager les br\u00fblures ou les maux d&rsquo;estomac. La demande croissante pour ces produits et les progr\u00e8s des techniques de carbonatation et de mise en bouteille ont conduit au d\u00e9marrage de la production industrielle. Pendant des ann\u00e9es, les fabriques \u00e9taient surtout locales, \u00e0 tel point qu&rsquo;on estime qu&rsquo;aux alentours de 1950, il y avait plus de 5\u00a0000 fabricants de boissons gazeuses en Espagne.<\/span><\/p>\n<p><span style=\"font-weight: 400;\">Grandas de Salime poss\u00e9dait sa propre fabrique de boissons gazeuses,\u00a0<\/span><i><span style=\"font-weight: 400;\">La Grandalesa<\/span><\/i><span style=\"font-weight: 400;\">, d&rsquo;o\u00f9 provient une partie des machines expos\u00e9es dans la salle.<\/span><\/p>\n<p style=\"text-align: center;\"><a href=\"http:\/\/www.museodegrandas.es\/wp-content\/uploads\/2014\/02\/fabrica-gaseosas.jpg\"><img class=\"wp-image-1295 aligncenter\" src=\"http:\/\/www.museodegrandas.es\/wp-content\/uploads\/2014\/02\/fabrica-gaseosas.jpg\" alt=\"fabrica-gaseosas\" width=\"500\" \/><\/a><\/p>\n<p><!--:--><\/p>\n","protected":false},"excerpt":{"rendered":"<p>Les eaux gazeuses effervescentes \u00e9taient appr\u00e9ci\u00e9es depuis l&rsquo;Antiquit\u00e9 pour leurs propri\u00e9t\u00e9s bienfaisantes. Les boissons gazeuses modernes sont n\u00e9es dans les pharmacies, o\u00f9 les apothicaires pr\u00e9paraient leurs propres boissons comme rem\u00e8de pour soulager les br\u00fblures ou les maux d&rsquo;estomac. La demande croissante pour ces produits et les progr\u00e8s des techniques de carbonatation et de mise en [&hellip;]<\/p>\n","protected":false},"author":2,"featured_media":0,"parent":8336,"menu_order":0,"comment_status":"closed","ping_status":"closed","template":"","meta":{"_et_pb_use_builder":"","_et_pb_old_content":"","_et_gb_content_width":""},"_links":{"self":[{"href":"https:\/\/www.museodegrandas.es\/fr\/wp-json\/wp\/v2\/pages\/8304"}],"collection":[{"href":"https:\/\/www.museodegrandas.es\/fr\/wp-json\/wp\/v2\/pages"}],"about":[{"href":"https:\/\/www.museodegrandas.es\/fr\/wp-json\/wp\/v2\/types\/page"}],"author":[{"embeddable":true,"href":"https:\/\/www.museodegrandas.es\/fr\/wp-json\/wp\/v2\/users\/2"}],"replies":[{"embeddable":true,"href":"https:\/\/www.museodegrandas.es\/fr\/wp-json\/wp\/v2\/comments?post=8304"}],"version-history":[{"count":0,"href":"https:\/\/www.museodegrandas.es\/fr\/wp-json\/wp\/v2\/pages\/8304\/revisions"}],"up":[{"embeddable":true,"href":"https:\/\/www.museodegrandas.es\/fr\/wp-json\/wp\/v2\/pages\/8336"}],"wp:attachment":[{"href":"https:\/\/www.museodegrandas.es\/fr\/wp-json\/wp\/v2\/media?parent=8304"}],"curies":[{"name":"wp","href":"https:\/\/api.w.org\/{rel}","templated":true}]}}