

{"id":8295,"date":"2022-05-19T13:42:04","date_gmt":"2022-05-19T13:42:04","guid":{"rendered":"https:\/\/www.museodegrandas.es\/15-a-casoa-maison-de-maitre\/15-13-sabots-et-galoches\/"},"modified":"2022-05-19T13:42:04","modified_gmt":"2022-05-19T13:42:04","slug":"15-13-sabots-et-galoches","status":"publish","type":"page","link":"https:\/\/www.museodegrandas.es\/fr\/le-musee\/15-a-casoa-maison-de-maitre\/15-13-sabots-et-galoches\/","title":{"rendered":"15.13.- Sabots et galoches"},"content":{"rendered":"<p><span style=\"font-weight: 400;\">Les chaussures en bois \u00e9taient les chaussures habituelles des paysans. Leur fabrication n\u00e9cessitait une technique pr\u00e9cise mise au point par les <\/span><i><span style=\"font-weight: 400;\">galocheiros<\/span><\/i><span style=\"font-weight: 400;\"> ou <\/span><i><span style=\"font-weight: 400;\">madre\u00f1eros<\/span><\/i><span style=\"font-weight: 400;\">, artisans sp\u00e9cialis\u00e9s dans le m\u00e9tier. L&rsquo;\u00e9tabli, la hache, les herminettes plates et creuses, les m\u00e8ches, les gouges et poin\u00e7ons ou encore le <\/span><i><span style=\"font-weight: 400;\">raseiro<\/span><\/i><span style=\"font-weight: 400;\">, une longue lame \u00e0 deux manches qui servait \u00e0 d\u00e9polir la surface externe des pi\u00e8ces, faisaient partie de leurs instruments de travail.<\/span><\/p>\n<p style=\"text-align: center;\">\u00a0<a href=\"http:\/\/www.museodegrandas.es\/wp-content\/uploads\/2014\/02\/calzado.jpg\"><img class=\" wp-image-1284 aligncenter\" src=\"http:\/\/www.museodegrandas.es\/wp-content\/uploads\/2014\/02\/calzado.jpg\" alt=\"calzado\" width=\"500\" \/><\/a><\/p>\n<p><span style=\"font-weight: 400;\">Les principales pi\u00e8ces qui forment la collection de <\/span><i><span style=\"font-weight: 400;\">madre\u00f1as<\/span><\/i><span style=\"font-weight: 400;\">, (sabots), <\/span><i><span style=\"font-weight: 400;\">galochas<\/span><\/i><span style=\"font-weight: 400;\"> (galoches) et <\/span><i><span style=\"font-weight: 400;\">zocas<\/span><\/i><span style=\"font-weight: 400;\"> (chaussures en bois) du mus\u00e9e ont \u00e9t\u00e9 introduites en 1988 par Alfonso Fern\u00e1ndez Canteli, auteur de l&rsquo;\u00e9tude monographique intitul\u00e9e <\/span><i><span style=\"font-weight: 400;\">Le sabot\u00a0: typologie et distribution dans le nord de l&rsquo;Espagne<\/span><\/i><span style=\"font-weight: 400;\">, publi\u00e9e en 1987, dont la classification constitue la r\u00e9f\u00e9rence suivie dans l&rsquo;exposition. Les pi\u00e8ces proviennent des Asturies, de Galice, de Le\u00f3n, de Cantabrie et, dans une moindre mesure, d&rsquo;autres r\u00e9gions de la p\u00e9ninsule ib\u00e9rique et d&rsquo;Europe. Aussi vaste que leur r\u00e9partition g\u00e9ographique est la vari\u00e9t\u00e9 des mod\u00e8les et des versions de chaussures en bois, avec des variations qui affectent leur nom, leur morphologie, leurs finitions et leur d\u00e9coration.<\/span><\/p>\n<p style=\"text-align: center;\"><a href=\"http:\/\/www.museodegrandas.es\/wp-content\/uploads\/2014\/02\/calzado2.jpg\"><img class=\"wp-image-1285 aligncenter\" src=\"http:\/\/www.museodegrandas.es\/wp-content\/uploads\/2014\/02\/calzado2.jpg\" alt=\"calzado2\" width=\"500\" \/><\/a><\/p>\n<p><!--:--><\/p>\n","protected":false},"excerpt":{"rendered":"<p>Les chaussures en bois \u00e9taient les chaussures habituelles des paysans. Leur fabrication n\u00e9cessitait une technique pr\u00e9cise mise au point par les galocheiros ou madre\u00f1eros, artisans sp\u00e9cialis\u00e9s dans le m\u00e9tier. L&rsquo;\u00e9tabli, la hache, les herminettes plates et creuses, les m\u00e8ches, les gouges et poin\u00e7ons ou encore le raseiro, une longue lame \u00e0 deux manches qui servait [&hellip;]<\/p>\n","protected":false},"author":2,"featured_media":0,"parent":8190,"menu_order":0,"comment_status":"closed","ping_status":"closed","template":"","meta":{"_et_pb_use_builder":"","_et_pb_old_content":"","_et_gb_content_width":""},"_links":{"self":[{"href":"https:\/\/www.museodegrandas.es\/fr\/wp-json\/wp\/v2\/pages\/8295"}],"collection":[{"href":"https:\/\/www.museodegrandas.es\/fr\/wp-json\/wp\/v2\/pages"}],"about":[{"href":"https:\/\/www.museodegrandas.es\/fr\/wp-json\/wp\/v2\/types\/page"}],"author":[{"embeddable":true,"href":"https:\/\/www.museodegrandas.es\/fr\/wp-json\/wp\/v2\/users\/2"}],"replies":[{"embeddable":true,"href":"https:\/\/www.museodegrandas.es\/fr\/wp-json\/wp\/v2\/comments?post=8295"}],"version-history":[{"count":0,"href":"https:\/\/www.museodegrandas.es\/fr\/wp-json\/wp\/v2\/pages\/8295\/revisions"}],"up":[{"embeddable":true,"href":"https:\/\/www.museodegrandas.es\/fr\/wp-json\/wp\/v2\/pages\/8190"}],"wp:attachment":[{"href":"https:\/\/www.museodegrandas.es\/fr\/wp-json\/wp\/v2\/media?parent=8295"}],"curies":[{"name":"wp","href":"https:\/\/api.w.org\/{rel}","templated":true}]}}