

{"id":8289,"date":"2022-05-19T13:39:18","date_gmt":"2022-05-19T13:39:18","guid":{"rendered":"https:\/\/www.museodegrandas.es\/15-a-casoa-maison-de-maitre\/15-12-poids-et-mesures\/"},"modified":"2022-05-19T13:40:56","modified_gmt":"2022-05-19T13:40:56","slug":"15-12-poids-et-mesures","status":"publish","type":"page","link":"https:\/\/www.museodegrandas.es\/fr\/le-musee\/15-a-casoa-maison-de-maitre\/15-12-poids-et-mesures\/","title":{"rendered":"15.12.- Poids et mesures"},"content":{"rendered":"<p><span style=\"font-weight: 400;\">Jusqu&rsquo;au XIXe si\u00e8cle, les poids et mesures de chaque province, circonscription judiciaire ou territoire communal \u00e9taient diff\u00e9rents.\u00a0 Au milieu de ce si\u00e8cle, l&rsquo;utilisation du syst\u00e8me m\u00e9trique d\u00e9cimal est impos\u00e9e par la loi dans tout le pays, dans le but d&rsquo;uniformiser les crit\u00e8res utilis\u00e9s dans les transactions commerciales. Cependant, dans les zones rurales, les anciens poids et mesures ont continu\u00e9 \u00e0 \u00eatre utilis\u00e9s et sont toujours utilis\u00e9s aujourd&rsquo;hui.<\/span><\/p>\n<p><a href=\"https:\/\/www.museodegrandas.es\/wp-content\/uploads\/2014\/02\/pesos-medidas.jpg\"><img class=\"wp-image-1279 aligncenter\" src=\"https:\/\/www.museodegrandas.es\/wp-content\/uploads\/2014\/02\/pesos-medidas.jpg\" alt=\"pesos-medidas\" width=\"500\" \/><\/a><\/p>\n<p><span style=\"font-weight: 400;\">En 1852, les mesures en vigueur dans la circonscription de Grandas de Salime \u00e9taient les suivantes\u00a0:<\/span><\/p>\n<ul>\n<li style=\"font-weight: 400;\" aria-level=\"1\"><span style=\"font-weight: 400;\">Longueur\u00a0: <\/span><i><span style=\"font-weight: 400;\">vara<\/span><\/i><span style=\"font-weight: 400;\"> (0,85\u00a0m), quart (0,21\u00a0m) et pouce (0,02\u00a0m)<\/span><\/li>\n<li style=\"font-weight: 400;\" aria-level=\"1\"><span style=\"font-weight: 400;\">Capacit\u00e9 pour les produits de la terre\u00a0: la <\/span><i><span style=\"font-weight: 400;\">fanega<\/span><\/i><span style=\"font-weight: 400;\"> (48\u00a0kg), le <\/span><i><span style=\"font-weight: 400;\">ferrado<\/span><\/i><span style=\"font-weight: 400;\"> (12\u00a0kg) et le <\/span><i><span style=\"font-weight: 400;\">tego<\/span><\/i><span style=\"font-weight: 400;\"> (6\u00a0kg)<\/span><\/li>\n<li style=\"font-weight: 400;\" aria-level=\"1\"><span style=\"font-weight: 400;\">Capacit\u00e9 pour les liquides\u00a0: la <\/span><i><span style=\"font-weight: 400;\">ca\u00f1ada<\/span><\/i><span style=\"font-weight: 400;\"> (4,56\u00a0l), le <\/span><i><span style=\"font-weight: 400;\">cuartillo<\/span><\/i><span style=\"font-weight: 400;\"> (0,57\u00a0l) et le <\/span><i><span style=\"font-weight: 400;\">cuarter\u00f3n<\/span><\/i><span style=\"font-weight: 400;\"> (0,14\u00a0l)<\/span><\/li>\n<li style=\"font-weight: 400;\" aria-level=\"1\"><span style=\"font-weight: 400;\">Mesures de poids\u00a0: le quintal (57,5\u00a0kg), l&rsquo;<\/span><i><span style=\"font-weight: 400;\">arroba <\/span><\/i><span style=\"font-weight: 400;\">(14,3\u00a0kg), la livre (0,57\u00a0kg) et l&rsquo;once (0,028\u00a0kg)<\/span><\/li>\n<li style=\"font-weight: 400;\" aria-level=\"1\"><span style=\"font-weight: 400;\">Mesures agricoles et de superficie\u00a0: la <\/span><i><span style=\"font-weight: 400;\">fanega<\/span><\/i><span style=\"font-weight: 400;\"> de terre (7,86\u00a0ares), la <\/span><i><span style=\"font-weight: 400;\">vara<\/span><\/i><span style=\"font-weight: 400;\"> carr\u00e9e (0,73\u00a0m) et le quart carr\u00e9 (0,46\u00a0m).<\/span><\/li>\n<\/ul>\n<p><span style=\"font-weight: 400;\">Dans la salle sont expos\u00e9es des balances, des bascules, des balances romaines, des balances dynamom\u00e9triques, des poids et des r\u00e9cipients de diff\u00e9rentes mesures.<\/span><br \/>\n<!--:--><\/p>\n","protected":false},"excerpt":{"rendered":"<p>Jusqu&rsquo;au XIXe si\u00e8cle, les poids et mesures de chaque province, circonscription judiciaire ou territoire communal \u00e9taient diff\u00e9rents.\u00a0 Au milieu de ce si\u00e8cle, l&rsquo;utilisation du syst\u00e8me m\u00e9trique d\u00e9cimal est impos\u00e9e par la loi dans tout le pays, dans le but d&rsquo;uniformiser les crit\u00e8res utilis\u00e9s dans les transactions commerciales. Cependant, dans les zones rurales, les anciens poids [&hellip;]<\/p>\n","protected":false},"author":2,"featured_media":0,"parent":8190,"menu_order":0,"comment_status":"closed","ping_status":"closed","template":"","meta":{"_et_pb_use_builder":"","_et_pb_old_content":"","_et_gb_content_width":""},"_links":{"self":[{"href":"https:\/\/www.museodegrandas.es\/fr\/wp-json\/wp\/v2\/pages\/8289"}],"collection":[{"href":"https:\/\/www.museodegrandas.es\/fr\/wp-json\/wp\/v2\/pages"}],"about":[{"href":"https:\/\/www.museodegrandas.es\/fr\/wp-json\/wp\/v2\/types\/page"}],"author":[{"embeddable":true,"href":"https:\/\/www.museodegrandas.es\/fr\/wp-json\/wp\/v2\/users\/2"}],"replies":[{"embeddable":true,"href":"https:\/\/www.museodegrandas.es\/fr\/wp-json\/wp\/v2\/comments?post=8289"}],"version-history":[{"count":1,"href":"https:\/\/www.museodegrandas.es\/fr\/wp-json\/wp\/v2\/pages\/8289\/revisions"}],"predecessor-version":[{"id":8294,"href":"https:\/\/www.museodegrandas.es\/fr\/wp-json\/wp\/v2\/pages\/8289\/revisions\/8294"}],"up":[{"embeddable":true,"href":"https:\/\/www.museodegrandas.es\/fr\/wp-json\/wp\/v2\/pages\/8190"}],"wp:attachment":[{"href":"https:\/\/www.museodegrandas.es\/fr\/wp-json\/wp\/v2\/media?parent=8289"}],"curies":[{"name":"wp","href":"https:\/\/api.w.org\/{rel}","templated":true}]}}