

{"id":8280,"date":"2022-05-19T13:38:16","date_gmt":"2022-05-19T13:38:16","guid":{"rendered":"https:\/\/www.museodegrandas.es\/15-a-casoa-maison-de-maitre\/15-11-ecole\/"},"modified":"2022-05-19T13:38:16","modified_gmt":"2022-05-19T13:38:16","slug":"15-11-ecole","status":"publish","type":"page","link":"https:\/\/www.museodegrandas.es\/fr\/le-musee\/15-a-casoa-maison-de-maitre\/15-11-ecole\/","title":{"rendered":"15.11.- \u00c9cole"},"content":{"rendered":"<p><span style=\"font-weight: 400;\">Recr\u00e9ation d&rsquo;une salle de classe d&rsquo;\u00e9cole rurale dans laquelle on peut voir le mobilier, les manuels, le mat\u00e9riel didactique et les ustensiles d&rsquo;\u00e9criture de l&rsquo;\u00e9poque. Jusqu&rsquo;\u00e0 la construction des premi\u00e8res \u00e9coles \u00e0 la fin du XXe si\u00e8cle, les salles de classe \u00e9taient install\u00e9es chez des particuliers ou dans les chapelles des \u00e9glises.<\/span><\/p>\n<p>&nbsp;<\/p>\n<p style=\"text-align: center;\"><a href=\"http:\/\/www.museodegrandas.es\/wp-content\/uploads\/2014\/02\/Escuela.jpg\"><img class=\"wp-image-1273 aligncenter\" src=\"http:\/\/www.museodegrandas.es\/wp-content\/uploads\/2014\/02\/Escuela.jpg\" alt=\"Escuela\" width=\"500\" \/><\/a><\/p>\n<p style=\"text-align: center;\"><a href=\"http:\/\/www.museodegrandas.es\/wp-content\/uploads\/2014\/02\/Escuela2.jpg\"><img class=\"wp-image-1274 aligncenter\" src=\"http:\/\/www.museodegrandas.es\/wp-content\/uploads\/2014\/02\/Escuela2.jpg\" alt=\"Escuela2\" width=\"500\" \/><\/a><\/p>\n<p><!--:--><\/p>\n","protected":false},"excerpt":{"rendered":"<p>Recr\u00e9ation d&rsquo;une salle de classe d&rsquo;\u00e9cole rurale dans laquelle on peut voir le mobilier, les manuels, le mat\u00e9riel didactique et les ustensiles d&rsquo;\u00e9criture de l&rsquo;\u00e9poque. Jusqu&rsquo;\u00e0 la construction des premi\u00e8res \u00e9coles \u00e0 la fin du XXe si\u00e8cle, les salles de classe \u00e9taient install\u00e9es chez des particuliers ou dans les chapelles des \u00e9glises. &nbsp;<\/p>\n","protected":false},"author":2,"featured_media":0,"parent":8190,"menu_order":0,"comment_status":"closed","ping_status":"closed","template":"","meta":{"_et_pb_use_builder":"","_et_pb_old_content":"","_et_gb_content_width":""},"_links":{"self":[{"href":"https:\/\/www.museodegrandas.es\/fr\/wp-json\/wp\/v2\/pages\/8280"}],"collection":[{"href":"https:\/\/www.museodegrandas.es\/fr\/wp-json\/wp\/v2\/pages"}],"about":[{"href":"https:\/\/www.museodegrandas.es\/fr\/wp-json\/wp\/v2\/types\/page"}],"author":[{"embeddable":true,"href":"https:\/\/www.museodegrandas.es\/fr\/wp-json\/wp\/v2\/users\/2"}],"replies":[{"embeddable":true,"href":"https:\/\/www.museodegrandas.es\/fr\/wp-json\/wp\/v2\/comments?post=8280"}],"version-history":[{"count":0,"href":"https:\/\/www.museodegrandas.es\/fr\/wp-json\/wp\/v2\/pages\/8280\/revisions"}],"up":[{"embeddable":true,"href":"https:\/\/www.museodegrandas.es\/fr\/wp-json\/wp\/v2\/pages\/8190"}],"wp:attachment":[{"href":"https:\/\/www.museodegrandas.es\/fr\/wp-json\/wp\/v2\/media?parent=8280"}],"curies":[{"name":"wp","href":"https:\/\/api.w.org\/{rel}","templated":true}]}}