

{"id":8275,"date":"2022-05-19T13:33:53","date_gmt":"2022-05-19T13:33:53","guid":{"rendered":"https:\/\/www.museodegrandas.es\/15-a-casoa-maison-de-maitre\/15-10-systemes-declairage\/"},"modified":"2022-05-19T13:33:53","modified_gmt":"2022-05-19T13:33:53","slug":"15-10-systemes-declairage","status":"publish","type":"page","link":"https:\/\/www.museodegrandas.es\/fr\/le-musee\/15-a-casoa-maison-de-maitre\/15-10-systemes-declairage\/","title":{"rendered":"15.10.- Syst\u00e8mes d&rsquo;\u00e9clairage"},"content":{"rendered":"<p><span style=\"font-weight: 400;\">La vie du paysan \u00e9tait marqu\u00e9e par la lumi\u00e8re du soleil. La nuit, la seule lumi\u00e8re dans la maison \u00e9tait le feu de la <\/span><i><span style=\"font-weight: 400;\">lareira<\/span><\/i><span style=\"font-weight: 400;\"> (cuisine) et, si n\u00e9cessaire, on allumait une lampe \u00e0 huile ou une <\/span><i><span style=\"font-weight: 400;\">garabuya<\/span><\/i><span style=\"font-weight: 400;\"> o <\/span><i><span style=\"font-weight: 400;\">c\u00e1daba<\/span><\/i><span style=\"font-weight: 400;\">, une branche s\u00e8che d&rsquo;<\/span><i><span style=\"font-weight: 400;\">uz<\/span><\/i><span style=\"font-weight: 400;\"> (bruy\u00e8re) qui \u00e9tait accroch\u00e9e au <\/span><i><span style=\"font-weight: 400;\">paparote<\/span><\/i><span style=\"font-weight: 400;\">, maintenant la flamme allum\u00e9e pendant longtemps. Ces syst\u00e8mes \u00e9taient utilis\u00e9s en alternance avec des lanternes \u00e0 p\u00e9trole et des lampes \u00e0 carbure.\u00a0 Les bougies de cire \u00e9taient rarement utilis\u00e9es dans les environnements domestiques, \u00e9tant de pr\u00e9f\u00e9rence utilis\u00e9es dans le cadre religieux. Parfois, des bougies en suif de mouton \u00e9taient fabriqu\u00e9es pour un usage quotidien.<\/span><\/p>\n<p style=\"text-align: center;\"><a href=\"http:\/\/www.museodegrandas.es\/wp-content\/uploads\/2014\/02\/luz.jpg\"><img class=\"wp-image-1254 aligncenter\" src=\"http:\/\/www.museodegrandas.es\/wp-content\/uploads\/2014\/02\/luz.jpg\" alt=\"luz\" width=\"500\" \/><\/a><\/p>\n<p><span style=\"font-weight: 400;\">L&rsquo;\u00e9clairage \u00e9lectrique a commenc\u00e9 \u00e0 \u00eatre disponible la r\u00e9gion dans la deuxi\u00e8me d\u00e9cennie du XXe si\u00e8cle. Son introduction a \u00e9t\u00e9 tr\u00e8s lente et la plupart des paroisses n&rsquo;ont pu en disposer qu&rsquo;au milieu des ann\u00e9es 1940, plusieurs villages restant sans \u00e9lectricit\u00e9 jusque dans les ann\u00e9es 1980.<\/span><br \/>\n<!--:--><\/p>\n","protected":false},"excerpt":{"rendered":"<p>La vie du paysan \u00e9tait marqu\u00e9e par la lumi\u00e8re du soleil. La nuit, la seule lumi\u00e8re dans la maison \u00e9tait le feu de la lareira (cuisine) et, si n\u00e9cessaire, on allumait une lampe \u00e0 huile ou une garabuya o c\u00e1daba, une branche s\u00e8che d&rsquo;uz (bruy\u00e8re) qui \u00e9tait accroch\u00e9e au paparote, maintenant la flamme allum\u00e9e pendant [&hellip;]<\/p>\n","protected":false},"author":2,"featured_media":0,"parent":8190,"menu_order":0,"comment_status":"closed","ping_status":"closed","template":"","meta":{"_et_pb_use_builder":"","_et_pb_old_content":"","_et_gb_content_width":""},"_links":{"self":[{"href":"https:\/\/www.museodegrandas.es\/fr\/wp-json\/wp\/v2\/pages\/8275"}],"collection":[{"href":"https:\/\/www.museodegrandas.es\/fr\/wp-json\/wp\/v2\/pages"}],"about":[{"href":"https:\/\/www.museodegrandas.es\/fr\/wp-json\/wp\/v2\/types\/page"}],"author":[{"embeddable":true,"href":"https:\/\/www.museodegrandas.es\/fr\/wp-json\/wp\/v2\/users\/2"}],"replies":[{"embeddable":true,"href":"https:\/\/www.museodegrandas.es\/fr\/wp-json\/wp\/v2\/comments?post=8275"}],"version-history":[{"count":0,"href":"https:\/\/www.museodegrandas.es\/fr\/wp-json\/wp\/v2\/pages\/8275\/revisions"}],"up":[{"embeddable":true,"href":"https:\/\/www.museodegrandas.es\/fr\/wp-json\/wp\/v2\/pages\/8190"}],"wp:attachment":[{"href":"https:\/\/www.museodegrandas.es\/fr\/wp-json\/wp\/v2\/media?parent=8275"}],"curies":[{"name":"wp","href":"https:\/\/api.w.org\/{rel}","templated":true}]}}