

{"id":8266,"date":"2022-05-19T13:22:33","date_gmt":"2022-05-19T13:22:33","guid":{"rendered":"https:\/\/www.museodegrandas.es\/15-a-casoa-maison-de-maitre\/15-09-infirmerie\/"},"modified":"2022-05-19T13:22:33","modified_gmt":"2022-05-19T13:22:33","slug":"15-09-infirmerie","status":"publish","type":"page","link":"https:\/\/www.museodegrandas.es\/fr\/le-musee\/15-a-casoa-maison-de-maitre\/15-09-infirmerie\/","title":{"rendered":"15.09.- Infirmerie"},"content":{"rendered":"<p><span style=\"font-weight: 400;\">La construction et la mise en service de la centrale de Salto de Salime au milieu du XXe si\u00e8cle ont entra\u00een\u00e9 de nombreuses transformations dans une soci\u00e9t\u00e9 \u00e9minemment rurale, et introduit de nombreuses nouveaut\u00e9s. La centrale disposait d&rsquo;une petite infirmerie, d&rsquo;o\u00f9 proviennent la plupart des objets expos\u00e9s dans la salle, qui, bien que destin\u00e9e \u00e0 ses travailleurs et \u00e0 soigner les nombreux incidents du travail, offrait \u00e9galement des services priv\u00e9s aux habitants.<\/span><\/p>\n<p style=\"text-align: center;\"><a href=\"http:\/\/www.museodegrandas.es\/wp-content\/uploads\/2014\/02\/hospitalillo.jpg\"><img class=\"wp-image-1248 aligncenter\" src=\"http:\/\/www.museodegrandas.es\/wp-content\/uploads\/2014\/02\/hospitalillo.jpg\" alt=\"hospitalillo\" width=\"500\" \/><\/a><\/p>\n<p style=\"text-align: center;\"><a href=\"http:\/\/www.museodegrandas.es\/wp-content\/uploads\/2014\/02\/hospitalillo2.jpg\"><img class=\"wp-image-1251 aligncenter\" src=\"http:\/\/www.museodegrandas.es\/wp-content\/uploads\/2014\/02\/hospitalillo2.jpg\" alt=\"hospitalillo2\" width=\"500\" \/><\/a><\/p>\n<p><!--:--><\/p>\n","protected":false},"excerpt":{"rendered":"<p>La construction et la mise en service de la centrale de Salto de Salime au milieu du XXe si\u00e8cle ont entra\u00een\u00e9 de nombreuses transformations dans une soci\u00e9t\u00e9 \u00e9minemment rurale, et introduit de nombreuses nouveaut\u00e9s. La centrale disposait d&rsquo;une petite infirmerie, d&rsquo;o\u00f9 proviennent la plupart des objets expos\u00e9s dans la salle, qui, bien que destin\u00e9e \u00e0 [&hellip;]<\/p>\n","protected":false},"author":2,"featured_media":0,"parent":8190,"menu_order":0,"comment_status":"closed","ping_status":"closed","template":"","meta":{"_et_pb_use_builder":"","_et_pb_old_content":"","_et_gb_content_width":""},"_links":{"self":[{"href":"https:\/\/www.museodegrandas.es\/fr\/wp-json\/wp\/v2\/pages\/8266"}],"collection":[{"href":"https:\/\/www.museodegrandas.es\/fr\/wp-json\/wp\/v2\/pages"}],"about":[{"href":"https:\/\/www.museodegrandas.es\/fr\/wp-json\/wp\/v2\/types\/page"}],"author":[{"embeddable":true,"href":"https:\/\/www.museodegrandas.es\/fr\/wp-json\/wp\/v2\/users\/2"}],"replies":[{"embeddable":true,"href":"https:\/\/www.museodegrandas.es\/fr\/wp-json\/wp\/v2\/comments?post=8266"}],"version-history":[{"count":0,"href":"https:\/\/www.museodegrandas.es\/fr\/wp-json\/wp\/v2\/pages\/8266\/revisions"}],"up":[{"embeddable":true,"href":"https:\/\/www.museodegrandas.es\/fr\/wp-json\/wp\/v2\/pages\/8190"}],"wp:attachment":[{"href":"https:\/\/www.museodegrandas.es\/fr\/wp-json\/wp\/v2\/media?parent=8266"}],"curies":[{"name":"wp","href":"https:\/\/api.w.org\/{rel}","templated":true}]}}