

{"id":8265,"date":"2022-05-19T12:25:11","date_gmt":"2022-05-19T12:25:11","guid":{"rendered":"https:\/\/www.museodegrandas.es\/15-a-casoa-maison-de-maitre\/15-08-apiculture\/"},"modified":"2022-05-19T12:25:11","modified_gmt":"2022-05-19T12:25:11","slug":"15-08-apiculture","status":"publish","type":"page","link":"https:\/\/www.museodegrandas.es\/fr\/le-musee\/15-a-casoa-maison-de-maitre\/15-08-apiculture\/","title":{"rendered":"15.08.- Apiculture"},"content":{"rendered":"<p><span style=\"font-weight: 400;\">L&rsquo;apiculture \u00e9tait une activit\u00e9 fondamentale dans les communes de l&rsquo;Ouest des Asturies. Le miel \u00e9tait consomm\u00e9 comme nourriture, surtout pendant l&rsquo;\u00e9t\u00e9, et aussi comme m\u00e9dicament. C&rsquo;\u00e9tait aussi un cadeau appr\u00e9ci\u00e9, offert en signe de bon voisinage et en remerciement pour des faveurs. La cire \u00e9tait vendue aux <\/span><i><span style=\"font-weight: 400;\">cereiros<\/span><\/i><span style=\"font-weight: 400;\"> qui provenaient de Los Ancares (Le\u00f3n), qui parcourraient le territoire pour l&rsquo;acheter directement aux habitants.<\/span><\/p>\n<p><span style=\"font-weight: 400;\">Les ruches ou <\/span><i><span style=\"font-weight: 400;\">trobos<\/span><\/i><span style=\"font-weight: 400;\"> \u00e9taient faites d&rsquo;un tronc creux, de quatre planches ou de li\u00e8ge, et elles \u00e9taient plac\u00e9es pr\u00e8s des maisons et dans les <\/span><i><span style=\"font-weight: 400;\">cortinos<\/span><\/i><span style=\"font-weight: 400;\">, des constructions circulaires avec une cl\u00f4ture en ma\u00e7onnerie pour prot\u00e9ger les ruches des ours, dont on peut voir un exemple <\/span><a href=\"https:\/\/www.museodegrandas.es\/fr\/le-musee\/14-cortin\/\"><span style=\"font-weight: 400;\">dans le mus\u00e9e (14)<\/span><\/a><span style=\"font-weight: 400;\">. En plus des ruches, une vari\u00e9t\u00e9 d&rsquo;outils et d&rsquo;instruments \u00e9taient utilis\u00e9s pour l&rsquo;\u00e9levage des abeilles\u00a0: les <\/span><i><span style=\"font-weight: 400;\">trobos<\/span><\/i><span style=\"font-weight: 400;\"> ou ruches fabriqu\u00e9es \u00e0 partir d&rsquo;\u00e9corce d&rsquo;<\/span><i><span style=\"font-weight: 400;\">escornella<\/span><\/i><span style=\"font-weight: 400;\"> (<\/span><i><span style=\"font-weight: 400;\">Sorbus aucuparia<\/span><\/i><span style=\"font-weight: 400;\">) pour recueillir les essaims, les <\/span><i><span style=\"font-weight: 400;\">esmelgadoras<\/span><\/i><span style=\"font-weight: 400;\"> pour <\/span><i><span style=\"font-weight: 400;\">esmelgar<\/span><\/i><span style=\"font-weight: 400;\"> ou couper les rayons dans la ruche, les <\/span><i><span style=\"font-weight: 400;\">trobos del mel<\/span><\/i><span style=\"font-weight: 400;\"> ou troncs creux avec une base et un couvercle, dans lesquels le miel \u00e9tait conserv\u00e9, et les presses pour presser et nettoyer la cire, etc. Pour fabriquer les bougies, on utilisait des moules bivalves et des r\u00e9cipients en bois dans lesquels la m\u00e8che \u00e9tait immerg\u00e9e dans la cire liquide.<\/span><\/p>\n<p><!--:--><\/p>\n","protected":false},"excerpt":{"rendered":"<p>L&rsquo;apiculture \u00e9tait une activit\u00e9 fondamentale dans les communes de l&rsquo;Ouest des Asturies. Le miel \u00e9tait consomm\u00e9 comme nourriture, surtout pendant l&rsquo;\u00e9t\u00e9, et aussi comme m\u00e9dicament. C&rsquo;\u00e9tait aussi un cadeau appr\u00e9ci\u00e9, offert en signe de bon voisinage et en remerciement pour des faveurs. La cire \u00e9tait vendue aux cereiros qui provenaient de Los Ancares (Le\u00f3n), qui [&hellip;]<\/p>\n","protected":false},"author":2,"featured_media":0,"parent":8190,"menu_order":0,"comment_status":"closed","ping_status":"closed","template":"","meta":{"_et_pb_use_builder":"","_et_pb_old_content":"","_et_gb_content_width":""},"_links":{"self":[{"href":"https:\/\/www.museodegrandas.es\/fr\/wp-json\/wp\/v2\/pages\/8265"}],"collection":[{"href":"https:\/\/www.museodegrandas.es\/fr\/wp-json\/wp\/v2\/pages"}],"about":[{"href":"https:\/\/www.museodegrandas.es\/fr\/wp-json\/wp\/v2\/types\/page"}],"author":[{"embeddable":true,"href":"https:\/\/www.museodegrandas.es\/fr\/wp-json\/wp\/v2\/users\/2"}],"replies":[{"embeddable":true,"href":"https:\/\/www.museodegrandas.es\/fr\/wp-json\/wp\/v2\/comments?post=8265"}],"version-history":[{"count":0,"href":"https:\/\/www.museodegrandas.es\/fr\/wp-json\/wp\/v2\/pages\/8265\/revisions"}],"up":[{"embeddable":true,"href":"https:\/\/www.museodegrandas.es\/fr\/wp-json\/wp\/v2\/pages\/8190"}],"wp:attachment":[{"href":"https:\/\/www.museodegrandas.es\/fr\/wp-json\/wp\/v2\/media?parent=8265"}],"curies":[{"name":"wp","href":"https:\/\/api.w.org\/{rel}","templated":true}]}}