

{"id":8256,"date":"2022-05-19T12:23:21","date_gmt":"2022-05-19T12:23:21","guid":{"rendered":"https:\/\/www.museodegrandas.es\/15-a-casoa-maison-de-maitre\/15-07-cabinet-du-dentiste\/"},"modified":"2022-05-19T12:23:21","modified_gmt":"2022-05-19T12:23:21","slug":"15-07-cabinet-du-dentiste","status":"publish","type":"page","link":"https:\/\/www.museodegrandas.es\/fr\/le-musee\/15-a-casoa-maison-de-maitre\/15-07-cabinet-du-dentiste\/","title":{"rendered":"15.07.- Cabinet du dentiste"},"content":{"rendered":"<p><span style=\"font-weight: 400;\">Grandas de Salime disposait d&rsquo;une clinique dentaire, install\u00e9e dans la localit\u00e9 par Tom\u00e1s Fern\u00e1ndez Linera, natif de la ville.\u00a0 La pr\u00e9sence exceptionnelle d&rsquo;un tel service dans les zones rurales s&rsquo;explique par la transformation \u00e9conomique et sociale que la r\u00e9gion a subie \u00e0 la suite de la construction de la centrale hydro\u00e9lectrique de Salto de Salime.<\/span><\/p>\n<p style=\"text-align: center;\"><a href=\"http:\/\/www.museodegrandas.es\/wp-content\/uploads\/2014\/02\/dentista.jpg\"><img class=\"wp-image-1233 aligncenter\" src=\"http:\/\/www.museodegrandas.es\/wp-content\/uploads\/2014\/02\/dentista.jpg\" alt=\"dentista\" width=\"500\" \/><\/a><\/p>\n<p><span style=\"font-weight: 400;\">En 1960, lors de sa mise en service, cette centrale employait une cinquantaine de personnes. Ces travailleurs, ainsi que leurs familles et le reste de la population de la commune, auxquels il faut ajouter les habitants des municipalit\u00e9s voisines de Los Ozcos, Ayande, Pez\u00f3s, Eilao dans les Asturies et Negueira de Mu\u00f1iz en Galice, constituaient une demande suffisante pour garantir la viabilit\u00e9 de l&rsquo;affaire, surtout lorsque pour trouver un autre cabinet similaire, il fallait se rendre \u00e0 Veiga, Navia, A Fonsagrada, Tin\u00e9u ou Cangas del Narcea.<\/span><\/p>\n<p style=\"text-align: center;\"><a href=\"http:\/\/www.museodegrandas.es\/wp-content\/uploads\/2014\/02\/dentista2.jpg\"><img class=\" wp-image-1234 aligncenter\" src=\"http:\/\/www.museodegrandas.es\/wp-content\/uploads\/2014\/02\/dentista2.jpg\" alt=\"dentista2\" width=\"500\" \/><\/a><\/p>\n<p><!--:--><\/p>\n","protected":false},"excerpt":{"rendered":"<p>Grandas de Salime disposait d&rsquo;une clinique dentaire, install\u00e9e dans la localit\u00e9 par Tom\u00e1s Fern\u00e1ndez Linera, natif de la ville.\u00a0 La pr\u00e9sence exceptionnelle d&rsquo;un tel service dans les zones rurales s&rsquo;explique par la transformation \u00e9conomique et sociale que la r\u00e9gion a subie \u00e0 la suite de la construction de la centrale hydro\u00e9lectrique de Salto de Salime. [&hellip;]<\/p>\n","protected":false},"author":2,"featured_media":0,"parent":8190,"menu_order":0,"comment_status":"closed","ping_status":"closed","template":"","meta":{"_et_pb_use_builder":"","_et_pb_old_content":"","_et_gb_content_width":""},"_links":{"self":[{"href":"https:\/\/www.museodegrandas.es\/fr\/wp-json\/wp\/v2\/pages\/8256"}],"collection":[{"href":"https:\/\/www.museodegrandas.es\/fr\/wp-json\/wp\/v2\/pages"}],"about":[{"href":"https:\/\/www.museodegrandas.es\/fr\/wp-json\/wp\/v2\/types\/page"}],"author":[{"embeddable":true,"href":"https:\/\/www.museodegrandas.es\/fr\/wp-json\/wp\/v2\/users\/2"}],"replies":[{"embeddable":true,"href":"https:\/\/www.museodegrandas.es\/fr\/wp-json\/wp\/v2\/comments?post=8256"}],"version-history":[{"count":0,"href":"https:\/\/www.museodegrandas.es\/fr\/wp-json\/wp\/v2\/pages\/8256\/revisions"}],"up":[{"embeddable":true,"href":"https:\/\/www.museodegrandas.es\/fr\/wp-json\/wp\/v2\/pages\/8190"}],"wp:attachment":[{"href":"https:\/\/www.museodegrandas.es\/fr\/wp-json\/wp\/v2\/media?parent=8256"}],"curies":[{"name":"wp","href":"https:\/\/api.w.org\/{rel}","templated":true}]}}