

{"id":8247,"date":"2022-05-19T12:21:43","date_gmt":"2022-05-19T12:21:43","guid":{"rendered":"https:\/\/www.museodegrandas.es\/15-a-casoa-maison-de-maitre\/15-06-materiel-de-chasse-et-de-peche\/"},"modified":"2022-05-19T12:21:43","modified_gmt":"2022-05-19T12:21:43","slug":"15-06-materiel-de-chasse-et-de-peche","status":"publish","type":"page","link":"https:\/\/www.museodegrandas.es\/fr\/le-musee\/15-a-casoa-maison-de-maitre\/15-06-materiel-de-chasse-et-de-peche\/","title":{"rendered":"15.06.- Mat\u00e9riel de chasse et de p\u00eache"},"content":{"rendered":"<p><span style=\"font-weight: 400;\">Dans le couloir qui distribue les pi\u00e8ces \u00e0 l&rsquo;\u00e9tage d&rsquo;<\/span><i><span style=\"font-weight: 400;\">A Casoa<\/span><\/i><span style=\"font-weight: 400;\">, sont expos\u00e9s des objets et du mat\u00e9riel li\u00e9s \u00e0 la chasse et \u00e0 la p\u00eache.<\/span><\/p>\n<p style=\"text-align: center;\">\u00a0<a href=\"http:\/\/www.museodegrandas.es\/wp-content\/uploads\/2014\/02\/caza.jpg\"><img class=\"wp-image-1225 aligncenter\" src=\"http:\/\/www.museodegrandas.es\/wp-content\/uploads\/2014\/02\/caza.jpg\" alt=\"caza\" width=\"500\" \/><\/a><\/p>\n<p><span style=\"font-weight: 400;\">une importante contribution compl\u00e9mentaire \u00e0 l&rsquo;alimentation des paysans, particuli\u00e8rement appr\u00e9ci\u00e9e en p\u00e9riodes de famine. La chasse \u00e9tait \u00e9galement pratiqu\u00e9e pour contr\u00f4ler les populations d&rsquo;esp\u00e8ces telles que les renards, les loups, les ours et les sangliers, qui nuisaient aux int\u00e9r\u00eats des paysans, tuant le b\u00e9tail et d\u00e9truisant les cultures et les ruches.<\/span><\/p>\n<p><span style=\"font-weight: 400;\">La pratique de la chasse \u00e9tait principalement passive, visant \u00e0 capturer des proies en pla\u00e7ant des pi\u00e8ges sur leurs lieux de passage. C&rsquo;\u00e9tait le but des <\/span><i><span style=\"font-weight: 400;\">trapelas<\/span><\/i><span style=\"font-weight: 400;\"> pour les perdrix, des diff\u00e9rents types de <\/span><i><span style=\"font-weight: 400;\">gardu\u00f1eiras<\/span><\/i><span style=\"font-weight: 400;\"> (pi\u00e8ges) ou des collets. Il existait aussi des pi\u00e8ges sp\u00e9cifiques pour les souris, les <\/span><i><span style=\"font-weight: 400;\">rateiras<\/span><\/i><span style=\"font-weight: 400;\"> (pi\u00e8ges \u00e0 souris), qui \u00e9taient plac\u00e9s dans les maisons et les moulins. Des pi\u00e8ges plus grands \u00e9taient \u00e9galement utilis\u00e9s pour les captures, certains d&rsquo;entre eux d&rsquo;envergure plus importante, comme le <\/span><i><span style=\"font-weight: 400;\">couso<\/span><\/i><span style=\"font-weight: 400;\"> et le <\/span><i><span style=\"font-weight: 400;\">pesugo<\/span><\/i><span style=\"font-weight: 400;\">. Le <\/span><i><span style=\"font-weight: 400;\">couso<\/span><\/i><span style=\"font-weight: 400;\"> est un pi\u00e8ge \u00e0 loups qui consiste, dans sa forme la plus courante, en un large trou entour\u00e9 d&rsquo;un grand mur de ma\u00e7onnerie, de deux \u00e0 trois m\u00e8tres de haut, surmont\u00e9 de dalles agenc\u00e9es pour former un porte-\u00e0-faux int\u00e9rieur.\u00a0 A l&rsquo;int\u00e9rieur de l&rsquo;enclos, une proie \u00e9tait plac\u00e9e pour attirer l&rsquo;animal qui, une fois \u00e0 l&rsquo;int\u00e9rieur, ne pouvait plus s&rsquo;\u00e9chapper.\u00a0 Les <\/span><i><span style=\"font-weight: 400;\">pesugos<\/span><\/i><span style=\"font-weight: 400;\"> ne servaient qu&rsquo;\u00e0 chasser l&rsquo;ours et consistaient, comme le d\u00e9crit Pascual Madoz dans son <\/span><i><span style=\"font-weight: 400;\">Dictionnaire g\u00e9ographique-historique<\/span><\/i><span style=\"font-weight: 400;\"> (1845-1850), en se r\u00e9f\u00e9rant \u00e0 celui situ\u00e9 \u00e0 Armenande (Ayande) <\/span><i><span style=\"font-weight: 400;\">\u00ab\u00a0en une longue poutre en appui sur une ruche et recouverte d&rsquo;\u00e9paisses branches, qui forme une sorte de hutte \u00e0 une seule entr\u00e9e, par laquelle l&rsquo;ours p\u00e9n\u00e8tre pour d\u00e9couvrir la ruche\u00a0: il entre d\u00e9sireux de s&rsquo;en emparer, et d\u00e8s qu&rsquo;il l&rsquo;\u00e9treint et fait l&rsquo;effort naturel de la s\u00e9parer de son emplacement, la poutre et la hutte s&rsquo;effondrent, laissant l&rsquo;ours \u00e0 la merci du chasseur\u00a0\u00bb.<\/span><\/i><\/p>\n<p style=\"text-align: center;\">\u00a0<a href=\"http:\/\/www.museodegrandas.es\/wp-content\/uploads\/2014\/02\/pesca.jpg\"><img class=\"wp-image-1226 aligncenter\" src=\"http:\/\/www.museodegrandas.es\/wp-content\/uploads\/2014\/02\/pesca.jpg\" alt=\"pesca\" width=\"500\" \/><\/a><\/p>\n<p><span style=\"font-weight: 400;\">Parmi les armes de chasse, vous pouvez voir des<\/span><i><span style=\"font-weight: 400;\"> chuzos<\/span><\/i><span style=\"font-weight: 400;\"> (lances) et une remarquable vari\u00e9t\u00e9 d&rsquo;armes \u00e0 feu, accompagn\u00e9es de cornes \u00e0 poudre, de machines pour charger les cartouches et de moules pour fabriquer les plombs et les balles, datant des XIXe et XXe si\u00e8cles.<\/span><\/p>\n<p><span style=\"font-weight: 400;\">Pour d\u00e9fendre leurs r\u00e9coltes des animaux nuisibles, les paysans poss\u00e9daient une vari\u00e9t\u00e9 d&rsquo;instruments pour les dissuader, les \u00e9loignant des cultures en faisant du bruit. On trouve notamment les <\/span><i><span style=\"font-weight: 400;\">martavelas<\/span><\/i><span style=\"font-weight: 400;\">, un dispositif m\u00fb par le vent, qui \u00e9tait plac\u00e9 dans les champs pour effrayer les oiseaux et les <\/span><i><span style=\"font-weight: 400;\">mazones<\/span><\/i><span style=\"font-weight: 400;\"> ou <\/span><i><span style=\"font-weight: 400;\">mazapilas<\/span><\/i><span style=\"font-weight: 400;\">, actionn\u00e9s par l&rsquo;eau, qui \u00e9taient utilis\u00e9s dans les champs de ma\u00efs et dans les ruches pour effrayer les sangliers et les ours.<\/span><\/p>\n<p><span style=\"font-weight: 400;\">La p\u00eache \u00e0 l&rsquo;anguille, \u00e0 la truite et au saumon \u00e9tait une activit\u00e9 importante qui se pratiquait surtout dans les villages situ\u00e9s sur les rives du fleuve Navia, encore appel\u00e9 le \u00ab\u00a0grand fleuve\u00a0\u00bb (<\/span><i><span style=\"font-weight: 400;\">Rio Grande<\/span><\/i><span style=\"font-weight: 400;\">) et qui a en grande partie cess\u00e9 lorsque la construction des barrages de Doiras et de Salime a rendu impossible l&rsquo;ascension des saumons et des anguilles depuis la mer. Les captures \u00e9taient faites \u00e0 la main ou \u00e0 l&rsquo;aide de filets et de pi\u00e8ges ou autres accessoires sp\u00e9cifiques tels que les <\/span><i><span style=\"font-weight: 400;\">fisgas<\/span><\/i><span style=\"font-weight: 400;\"> (harpons \u00e0 trois dents) et des cannes \u00e0 p\u00eache.<\/span><\/p>\n<p><!--:--><\/p>\n","protected":false},"excerpt":{"rendered":"<p>Dans le couloir qui distribue les pi\u00e8ces \u00e0 l&rsquo;\u00e9tage d&rsquo;A Casoa, sont expos\u00e9s des objets et du mat\u00e9riel li\u00e9s \u00e0 la chasse et \u00e0 la p\u00eache. \u00a0 une importante contribution compl\u00e9mentaire \u00e0 l&rsquo;alimentation des paysans, particuli\u00e8rement appr\u00e9ci\u00e9e en p\u00e9riodes de famine. La chasse \u00e9tait \u00e9galement pratiqu\u00e9e pour contr\u00f4ler les populations d&rsquo;esp\u00e8ces telles que les renards, [&hellip;]<\/p>\n","protected":false},"author":2,"featured_media":0,"parent":8190,"menu_order":0,"comment_status":"closed","ping_status":"closed","template":"","meta":{"_et_pb_use_builder":"","_et_pb_old_content":"","_et_gb_content_width":""},"_links":{"self":[{"href":"https:\/\/www.museodegrandas.es\/fr\/wp-json\/wp\/v2\/pages\/8247"}],"collection":[{"href":"https:\/\/www.museodegrandas.es\/fr\/wp-json\/wp\/v2\/pages"}],"about":[{"href":"https:\/\/www.museodegrandas.es\/fr\/wp-json\/wp\/v2\/types\/page"}],"author":[{"embeddable":true,"href":"https:\/\/www.museodegrandas.es\/fr\/wp-json\/wp\/v2\/users\/2"}],"replies":[{"embeddable":true,"href":"https:\/\/www.museodegrandas.es\/fr\/wp-json\/wp\/v2\/comments?post=8247"}],"version-history":[{"count":0,"href":"https:\/\/www.museodegrandas.es\/fr\/wp-json\/wp\/v2\/pages\/8247\/revisions"}],"up":[{"embeddable":true,"href":"https:\/\/www.museodegrandas.es\/fr\/wp-json\/wp\/v2\/pages\/8190"}],"wp:attachment":[{"href":"https:\/\/www.museodegrandas.es\/fr\/wp-json\/wp\/v2\/media?parent=8247"}],"curies":[{"name":"wp","href":"https:\/\/api.w.org\/{rel}","templated":true}]}}