

{"id":8219,"date":"2022-05-19T12:06:08","date_gmt":"2022-05-19T12:06:08","guid":{"rendered":"https:\/\/www.museodegrandas.es\/15-a-casoa-maison-de-maitre\/15-03-barbier\/"},"modified":"2022-05-19T12:06:08","modified_gmt":"2022-05-19T12:06:08","slug":"15-03-barbier","status":"publish","type":"page","link":"https:\/\/www.museodegrandas.es\/fr\/le-musee\/15-a-casoa-maison-de-maitre\/15-03-barbier\/","title":{"rendered":"15.03.- Barbier"},"content":{"rendered":"<p><span style=\"font-weight: 400;\">\u00c0 Grandas de Salime il y avait deux barbiers qui n&rsquo;ont pas continu\u00e9 apr\u00e8s le d\u00e9part \u00e0 la retraite de leurs propri\u00e9taires. \u00c0 partir des ann\u00e9es 1970, ce sont les salons de coiffure pour femmes qui ont commenc\u00e9 \u00e0 assurer les services pour hommes.\u00a0 Les ustensiles et les si\u00e8ges de barbier du mus\u00e9e appartenaient au salon <\/span><i><span style=\"font-weight: 400;\">\u00ab\u00a0D\u00e1maso\u00a0\u00bb<\/span><\/i><span style=\"font-weight: 400;\">, un local ouvert par Don D\u00e1maso Villaverde en 1929, et qui est rest\u00e9 en activit\u00e9 jusqu&rsquo;en 1976. La collection a \u00e9t\u00e9 compl\u00e9t\u00e9e par des pi\u00e8ces offertes par le salon de coiffure Escot\u00e9t, d&rsquo;Oviedo\/Uvi\u00e9u.<\/span><\/p>\n<p><a href=\"http:\/\/www.museodegrandas.es\/wp-content\/uploads\/2014\/02\/barberia.jpg\"><img class=\"aligncenter\" src=\"http:\/\/www.museodegrandas.es\/wp-content\/uploads\/2014\/02\/barberia.jpg\" alt=\"barberia\" width=\"500\" \/><\/a><\/p>\n<p><span style=\"font-weight: 400;\">Cet espace expose \u00e9galement une machine \u00e0 permanente aussi curieuse que rudimentaire, acquise \u00e0 Somiedo, et une s\u00e9rie d&rsquo;instruments de coiffure pour dames des ann\u00e9es 1940 et 1950.<\/span><\/p>\n<p><a href=\"http:\/\/www.museodegrandas.es\/wp-content\/uploads\/2014\/02\/barberia2.jpg\"><img class=\"aligncenter\" src=\"http:\/\/www.museodegrandas.es\/wp-content\/uploads\/2014\/02\/barberia2.jpg\" alt=\"barberia2\" width=\"500\" \/><\/a><!--:--><\/p>\n","protected":false},"excerpt":{"rendered":"<p>\u00c0 Grandas de Salime il y avait deux barbiers qui n&rsquo;ont pas continu\u00e9 apr\u00e8s le d\u00e9part \u00e0 la retraite de leurs propri\u00e9taires. \u00c0 partir des ann\u00e9es 1970, ce sont les salons de coiffure pour femmes qui ont commenc\u00e9 \u00e0 assurer les services pour hommes.\u00a0 Les ustensiles et les si\u00e8ges de barbier du mus\u00e9e appartenaient au [&hellip;]<\/p>\n","protected":false},"author":2,"featured_media":0,"parent":8190,"menu_order":0,"comment_status":"closed","ping_status":"closed","template":"","meta":{"_et_pb_use_builder":"","_et_pb_old_content":"","_et_gb_content_width":""},"_links":{"self":[{"href":"https:\/\/www.museodegrandas.es\/fr\/wp-json\/wp\/v2\/pages\/8219"}],"collection":[{"href":"https:\/\/www.museodegrandas.es\/fr\/wp-json\/wp\/v2\/pages"}],"about":[{"href":"https:\/\/www.museodegrandas.es\/fr\/wp-json\/wp\/v2\/types\/page"}],"author":[{"embeddable":true,"href":"https:\/\/www.museodegrandas.es\/fr\/wp-json\/wp\/v2\/users\/2"}],"replies":[{"embeddable":true,"href":"https:\/\/www.museodegrandas.es\/fr\/wp-json\/wp\/v2\/comments?post=8219"}],"version-history":[{"count":0,"href":"https:\/\/www.museodegrandas.es\/fr\/wp-json\/wp\/v2\/pages\/8219\/revisions"}],"up":[{"embeddable":true,"href":"https:\/\/www.museodegrandas.es\/fr\/wp-json\/wp\/v2\/pages\/8190"}],"wp:attachment":[{"href":"https:\/\/www.museodegrandas.es\/fr\/wp-json\/wp\/v2\/media?parent=8219"}],"curies":[{"name":"wp","href":"https:\/\/api.w.org\/{rel}","templated":true}]}}