

{"id":8208,"date":"2022-05-19T12:01:33","date_gmt":"2022-05-19T12:01:33","guid":{"rendered":"https:\/\/www.museodegrandas.es\/15-a-casoa-maison-de-maitre\/15-02-communications\/"},"modified":"2022-05-19T12:01:42","modified_gmt":"2022-05-19T12:01:42","slug":"15-02-communications","status":"publish","type":"page","link":"https:\/\/www.museodegrandas.es\/fr\/le-musee\/15-a-casoa-maison-de-maitre\/15-02-communications\/","title":{"rendered":"15.02.- Communications"},"content":{"rendered":"<p><span style=\"font-weight: 400;\">Dans le hall d&rsquo;entr\u00e9e d&rsquo;<\/span><i><span style=\"font-weight: 400;\">A Casoa<\/span><\/i><span style=\"font-weight: 400;\">, vous pouvez voir, \u00e0 travers une s\u00e9lection de pi\u00e8ces repr\u00e9sentatives, l&rsquo;\u00e9volution des syst\u00e8mes de communication de base du monde rural\u00a0: poste, t\u00e9l\u00e9graphie et t\u00e9l\u00e9phonie.<\/span><\/p>\n<p><a href=\"https:\/\/www.museodegrandas.es\/wp-content\/uploads\/2014\/02\/comunicaciones2.jpg\"><img class=\"aligncenter\" src=\"https:\/\/www.museodegrandas.es\/wp-content\/uploads\/2014\/02\/comunicaciones2.jpg\" alt=\"comunicaciones2\" width=\"500\" \/><\/a><\/p>\n<p><a href=\"https:\/\/www.museodegrandas.es\/wp-content\/uploads\/2014\/02\/comunicaciones.jpg\"><img class=\"aligncenter\" src=\"https:\/\/www.museodegrandas.es\/wp-content\/uploads\/2014\/02\/comunicaciones.jpg\" alt=\"comunicaciones\" width=\"300\" \/><\/a><!--:--><\/p>\n","protected":false},"excerpt":{"rendered":"<p>Dans le hall d&rsquo;entr\u00e9e d&rsquo;A Casoa, vous pouvez voir, \u00e0 travers une s\u00e9lection de pi\u00e8ces repr\u00e9sentatives, l&rsquo;\u00e9volution des syst\u00e8mes de communication de base du monde rural\u00a0: poste, t\u00e9l\u00e9graphie et t\u00e9l\u00e9phonie.<\/p>\n","protected":false},"author":2,"featured_media":0,"parent":8190,"menu_order":0,"comment_status":"closed","ping_status":"closed","template":"","meta":{"_et_pb_use_builder":"","_et_pb_old_content":"","_et_gb_content_width":""},"_links":{"self":[{"href":"https:\/\/www.museodegrandas.es\/fr\/wp-json\/wp\/v2\/pages\/8208"}],"collection":[{"href":"https:\/\/www.museodegrandas.es\/fr\/wp-json\/wp\/v2\/pages"}],"about":[{"href":"https:\/\/www.museodegrandas.es\/fr\/wp-json\/wp\/v2\/types\/page"}],"author":[{"embeddable":true,"href":"https:\/\/www.museodegrandas.es\/fr\/wp-json\/wp\/v2\/users\/2"}],"replies":[{"embeddable":true,"href":"https:\/\/www.museodegrandas.es\/fr\/wp-json\/wp\/v2\/comments?post=8208"}],"version-history":[{"count":1,"href":"https:\/\/www.museodegrandas.es\/fr\/wp-json\/wp\/v2\/pages\/8208\/revisions"}],"predecessor-version":[{"id":8217,"href":"https:\/\/www.museodegrandas.es\/fr\/wp-json\/wp\/v2\/pages\/8208\/revisions\/8217"}],"up":[{"embeddable":true,"href":"https:\/\/www.museodegrandas.es\/fr\/wp-json\/wp\/v2\/pages\/8190"}],"wp:attachment":[{"href":"https:\/\/www.museodegrandas.es\/fr\/wp-json\/wp\/v2\/media?parent=8208"}],"curies":[{"name":"wp","href":"https:\/\/api.w.org\/{rel}","templated":true}]}}