

{"id":8199,"date":"2022-05-19T12:00:14","date_gmt":"2022-05-19T12:00:14","guid":{"rendered":"https:\/\/www.museodegrandas.es\/15-a-casoa-maison-de-maitre\/15-01-epicerie-et-arriere-boutique\/"},"modified":"2022-05-19T12:05:04","modified_gmt":"2022-05-19T12:05:04","slug":"15-01-epicerie-et-arriere-boutique","status":"publish","type":"page","link":"https:\/\/www.museodegrandas.es\/fr\/le-musee\/15-a-casoa-maison-de-maitre\/15-01-epicerie-et-arriere-boutique\/","title":{"rendered":"15.01.- \u00c9picerie et arri\u00e8re-boutique"},"content":{"rendered":"<p><span style=\"font-weight: 400;\">Commerce mixte semblable \u00e0 celles que l&rsquo;on pouvait voir jusqu&rsquo;\u00e0 r\u00e9cemment dans les villes et villages, offrant \u00e0 ses clients toutes sortes de produits. Ces \u00e9tablissements faisaient \u00e0 la fois office de quincaillerie, mercerie, magasin de textile et de chaussures, droguerie, papeterie, magasin d&rsquo;alimentation, distributeur de boissons et de produits aussi vari\u00e9s que des engrais, des aliments pour animaux ou de la mort-aux-rats. Il n&rsquo;\u00e9tait pas rare que ces \u00e9tablissements torr\u00e9fiaient le caf\u00e9 et fabriquaient m\u00eame du chocolat.<\/span><\/p>\n<p style=\"text-align: center;\"><a href=\"https:\/\/www.museodegrandas.es\/wp-content\/uploads\/2014\/02\/tienda1.jpg\"><img class=\"aligncenter\" src=\"https:\/\/www.museodegrandas.es\/wp-content\/uploads\/2014\/02\/tienda1.jpg\" alt=\"tienda1\" width=\"500\" \/><\/a><\/p>\n<p><span style=\"font-weight: 400;\">Bon nombre de ces commerces \u00e9taient en m\u00eame temps la cantine du village, devenant un lieu de rencontre pour les habitants qui venaient voir les nouveaut\u00e9s, discuter ou jouer \u00e0 un jeu.<\/span><\/p>\n<p><a href=\"https:\/\/www.museodegrandas.es\/wp-content\/uploads\/2014\/02\/tienda2.jpg\"><img class=\"aligncenter\" src=\"https:\/\/www.museodegrandas.es\/wp-content\/uploads\/2014\/02\/tienda2.jpg\" alt=\"tienda2\" width=\"500\" \/><\/a><\/p>\n<p><span style=\"font-weight: 400;\">Depuis le magasin, le propri\u00e9taire avait un acc\u00e8s direct \u00e0 l&rsquo;arri\u00e8re-boutique o\u00f9 les marchandises \u00e9taient entrepos\u00e9es et certains produits \u00e9taient fabriqu\u00e9s.<\/span><\/p>\n<p><!--:--><\/p>\n","protected":false},"excerpt":{"rendered":"<p>Commerce mixte semblable \u00e0 celles que l&rsquo;on pouvait voir jusqu&rsquo;\u00e0 r\u00e9cemment dans les villes et villages, offrant \u00e0 ses clients toutes sortes de produits. Ces \u00e9tablissements faisaient \u00e0 la fois office de quincaillerie, mercerie, magasin de textile et de chaussures, droguerie, papeterie, magasin d&rsquo;alimentation, distributeur de boissons et de produits aussi vari\u00e9s que des engrais, [&hellip;]<\/p>\n","protected":false},"author":2,"featured_media":0,"parent":8190,"menu_order":0,"comment_status":"closed","ping_status":"closed","template":"","meta":{"_et_pb_use_builder":"","_et_pb_old_content":"","_et_gb_content_width":""},"_links":{"self":[{"href":"https:\/\/www.museodegrandas.es\/fr\/wp-json\/wp\/v2\/pages\/8199"}],"collection":[{"href":"https:\/\/www.museodegrandas.es\/fr\/wp-json\/wp\/v2\/pages"}],"about":[{"href":"https:\/\/www.museodegrandas.es\/fr\/wp-json\/wp\/v2\/types\/page"}],"author":[{"embeddable":true,"href":"https:\/\/www.museodegrandas.es\/fr\/wp-json\/wp\/v2\/users\/2"}],"replies":[{"embeddable":true,"href":"https:\/\/www.museodegrandas.es\/fr\/wp-json\/wp\/v2\/comments?post=8199"}],"version-history":[{"count":1,"href":"https:\/\/www.museodegrandas.es\/fr\/wp-json\/wp\/v2\/pages\/8199\/revisions"}],"predecessor-version":[{"id":8218,"href":"https:\/\/www.museodegrandas.es\/fr\/wp-json\/wp\/v2\/pages\/8199\/revisions\/8218"}],"up":[{"embeddable":true,"href":"https:\/\/www.museodegrandas.es\/fr\/wp-json\/wp\/v2\/pages\/8190"}],"wp:attachment":[{"href":"https:\/\/www.museodegrandas.es\/fr\/wp-json\/wp\/v2\/media?parent=8199"}],"curies":[{"name":"wp","href":"https:\/\/api.w.org\/{rel}","templated":true}]}}