

{"id":8190,"date":"2022-05-19T11:58:58","date_gmt":"2022-05-19T11:58:58","guid":{"rendered":"https:\/\/www.museodegrandas.es\/15-a-casoa-maison-de-maitre\/"},"modified":"2022-05-19T11:58:58","modified_gmt":"2022-05-19T11:58:58","slug":"15-a-casoa-maison-de-maitre","status":"publish","type":"page","link":"https:\/\/www.museodegrandas.es\/fr\/le-musee\/15-a-casoa-maison-de-maitre\/","title":{"rendered":"15.- A casoa \/ maison de ma\u00eetre"},"content":{"rendered":"<p><!--:es--><a href=\"http:\/\/www.museodegrandas.es\/wp-content\/uploads\/2014\/02\/plano-casona.jpg\"><img loading=\"lazy\" class=\"size-full wp-image-8191 aligncenter\" src=\"http:\/\/www.museodegrandas.es\/wp-content\/uploads\/2014\/02\/plano-casona.jpg\" alt=\"plano-casona\" width=\"599\" height=\"332\" \/><\/a><\/p>\n<p><span style=\"font-weight: 400;\">Ce b\u00e2timent inaugur\u00e9 en 1999 est une maison de ma\u00eetre ou <\/span><i><span style=\"font-weight: 400;\">casoa<\/span><\/i><span style=\"font-weight: 400;\">, habitation caract\u00e9ristique de la petite noblesse rurale ou des paysans les plus ais\u00e9s, qui existait dans de nombreuses paroisses asturiennes. Pour sa construction, des mat\u00e9riaux provenant de la maison <\/span><i><span style=\"font-weight: 400;\">\u00ab\u00a0El M\u00e9ndez\u00a0\u00bb<\/span><\/i><span style=\"font-weight: 400;\">\u00a0(Francos,\u00a0Pez\u00f3s\/Pesoz), construite au XVIIe si\u00e8cle, ont \u00e9t\u00e9 utilis\u00e9s. De l\u00e0 proviennent la ma\u00e7onnerie en gr\u00e8s et les encadrements de la fen\u00eatre gauche, du balcon et des portes de la fa\u00e7ade principale. La fen\u00eatre de droite a \u00e9t\u00e9 r\u00e9alis\u00e9e par le sculpteur japonais Tadanori Yamaguchi, dans le cadre d&rsquo;une collaboration d\u00e9sint\u00e9ress\u00e9e avec l&rsquo;\u00c9cole d&rsquo;art de l&rsquo;Universit\u00e9 d&rsquo;Oviedo\/Uvi\u00e9u. Le blason, appartenant \u00e0 la famille \u00c1lvarez Castrill\u00f3n, provient de la <\/span><i><span style=\"font-weight: 400;\">\u00ab\u00a0Casa de Jos\u00e9 de Pepe\u00a0\u00bb<\/span><\/i><span style=\"font-weight: 400;\"> (Sanzo, Pez\u00f3s\/Pesoz).<\/span><\/p>\n<p><a href=\"http:\/\/www.museodegrandas.es\/wp-content\/uploads\/2014\/02\/casona.jpg\"><img class=\"wp-image-924 aligncenter\" src=\"http:\/\/www.museodegrandas.es\/wp-content\/uploads\/2014\/02\/casona.jpg\" alt=\"casona\" width=\"500\" \/><\/a><\/p>\n<p><!--:--><\/p>\n","protected":false},"excerpt":{"rendered":"<p>Ce b\u00e2timent inaugur\u00e9 en 1999 est une maison de ma\u00eetre ou casoa, habitation caract\u00e9ristique de la petite noblesse rurale ou des paysans les plus ais\u00e9s, qui existait dans de nombreuses paroisses asturiennes. Pour sa construction, des mat\u00e9riaux provenant de la maison \u00ab\u00a0El M\u00e9ndez\u00a0\u00bb\u00a0(Francos,\u00a0Pez\u00f3s\/Pesoz), construite au XVIIe si\u00e8cle, ont \u00e9t\u00e9 utilis\u00e9s. De l\u00e0 proviennent la ma\u00e7onnerie [&hellip;]<\/p>\n","protected":false},"author":2,"featured_media":0,"parent":8336,"menu_order":0,"comment_status":"closed","ping_status":"closed","template":"","meta":{"_et_pb_use_builder":"off","_et_pb_old_content":"","_et_gb_content_width":""},"_links":{"self":[{"href":"https:\/\/www.museodegrandas.es\/fr\/wp-json\/wp\/v2\/pages\/8190"}],"collection":[{"href":"https:\/\/www.museodegrandas.es\/fr\/wp-json\/wp\/v2\/pages"}],"about":[{"href":"https:\/\/www.museodegrandas.es\/fr\/wp-json\/wp\/v2\/types\/page"}],"author":[{"embeddable":true,"href":"https:\/\/www.museodegrandas.es\/fr\/wp-json\/wp\/v2\/users\/2"}],"replies":[{"embeddable":true,"href":"https:\/\/www.museodegrandas.es\/fr\/wp-json\/wp\/v2\/comments?post=8190"}],"version-history":[{"count":0,"href":"https:\/\/www.museodegrandas.es\/fr\/wp-json\/wp\/v2\/pages\/8190\/revisions"}],"up":[{"embeddable":true,"href":"https:\/\/www.museodegrandas.es\/fr\/wp-json\/wp\/v2\/pages\/8336"}],"wp:attachment":[{"href":"https:\/\/www.museodegrandas.es\/fr\/wp-json\/wp\/v2\/media?parent=8190"}],"curies":[{"name":"wp","href":"https:\/\/api.w.org\/{rel}","templated":true}]}}