

{"id":8185,"date":"2022-05-19T11:58:06","date_gmt":"2022-05-19T11:58:06","guid":{"rendered":"https:\/\/www.museodegrandas.es\/14-cortin\/"},"modified":"2022-05-19T11:58:06","modified_gmt":"2022-05-19T11:58:06","slug":"14-cortin","status":"publish","type":"page","link":"https:\/\/www.museodegrandas.es\/fr\/le-musee\/14-cortin\/","title":{"rendered":"14.- Cort\u00edn"},"content":{"rendered":"<p><span style=\"font-weight: 400;\">Le\u00a0<\/span><i><span style=\"font-weight: 400;\">cort\u00edn<\/span><\/i><span style=\"font-weight: 400;\">\u00a0est une construction caract\u00e9ristique de l&rsquo;Ouest des Asturies qui est \u00e9galement document\u00e9e dans les r\u00e9gions limitrophes de la Galice et de Le\u00f3n. Il s&rsquo;agit d&rsquo;une enceinte ma\u00e7onn\u00e9e surmont\u00e9e d&rsquo;un avant-toit en dalles. De forme circulaire ou ovale, il peut atteindre trois m\u00e8tres de haut. Sa fonction est de prot\u00e9ger les ruches des collines contre les incendies, les vols et les attaques des ours. Les\u00a0<\/span><i><span style=\"font-weight: 400;\">cortinos<\/span><\/i><span style=\"font-weight: 400;\">\u00a0sont construits sur une pente, de sorte que le d\u00e9nivel\u00e9 est utilis\u00e9 pour cr\u00e9er une succession de paliers ou de rebords en quinconce sur lesquels reposent les ruches, facilitant ainsi l&rsquo;entr\u00e9e et la sortie des abeilles. Bien souvent, ils n&rsquo;ont pas de porte, et l&rsquo;acc\u00e8s \u00e0 l&rsquo;int\u00e9rieur se fait au moyen d&rsquo;une \u00e9chelle ou d&rsquo;un escabeau. En moyenne, un <\/span><i><span style=\"font-weight: 400;\">cort\u00edn<\/span><\/i><span style=\"font-weight: 400;\">\u00a0pouvait abriter entre trente et quarante ruches.<\/span><\/p>\n<p><a href=\"http:\/\/www.museodegrandas.es\/wp-content\/uploads\/2014\/02\/cortin.jpg\"><img class=\"aligncenter\" src=\"http:\/\/www.museodegrandas.es\/wp-content\/uploads\/2014\/02\/cortin.jpg\" alt=\"cortin\" width=\"500\" \/><\/a><\/p>\n<p><span style=\"font-weight: 400;\">L&#8217;emplacement des\u00a0<\/span><i><span style=\"font-weight: 400;\">cortinos<\/span><\/i><span style=\"font-weight: 400;\">\u00a0\u00e9tait soigneusement s\u00e9lectionn\u00e9. Les pentes devaient \u00eatre orient\u00e9es vers midi et \u00e0 l&rsquo;abri de vents <\/span><i><span style=\"font-weight: 400;\">nord\u00e9s<\/span><\/i><span style=\"font-weight: 400;\"> et <\/span><i><span style=\"font-weight: 400;\">gallego<\/span><\/i><span style=\"font-weight: 400;\">. Les collines devaient \u00eatre riches en flore mellif\u00e8re, notamment en <\/span><i><span style=\"font-weight: 400;\">uces<\/span><\/i><span style=\"font-weight: 400;\">\u00a0ou bruy\u00e8res, et avoir un cours d&rsquo;eau \u00e0 proximit\u00e9. Enfin, il fallait v\u00e9rifier qu&rsquo;il n&rsquo;y avait pas d&rsquo;autres<\/span><i><span style=\"font-weight: 400;\"> cortinos<\/span><\/i><span style=\"font-weight: 400;\"> \u00e0 proximit\u00e9, un peu plus bas.<\/span><\/p>\n<p><span style=\"font-weight: 400;\">Seules les familles les plus ais\u00e9es pouvaient s&rsquo;offrir plusieurs\u00a0<\/span><i><span style=\"font-weight: 400;\">cortinos<\/span><\/i><span style=\"font-weight: 400;\">. La plupart des paysans en poss\u00e9daient un, et les moins nantis se les partageaient, les<\/span><i><span style=\"font-weight: 400;\"> cortinos<\/span><\/i><span style=\"font-weight: 400;\"> pouvant appartenir \u00e0 quatre personnes au maximum.<\/span><\/p>\n<p><!--:--><\/p>\n","protected":false},"excerpt":{"rendered":"<p>Le\u00a0cort\u00edn\u00a0est une construction caract\u00e9ristique de l&rsquo;Ouest des Asturies qui est \u00e9galement document\u00e9e dans les r\u00e9gions limitrophes de la Galice et de Le\u00f3n. Il s&rsquo;agit d&rsquo;une enceinte ma\u00e7onn\u00e9e surmont\u00e9e d&rsquo;un avant-toit en dalles. De forme circulaire ou ovale, il peut atteindre trois m\u00e8tres de haut. Sa fonction est de prot\u00e9ger les ruches des collines contre les [&hellip;]<\/p>\n","protected":false},"author":2,"featured_media":0,"parent":8336,"menu_order":0,"comment_status":"closed","ping_status":"closed","template":"","meta":{"_et_pb_use_builder":"","_et_pb_old_content":"","_et_gb_content_width":""},"_links":{"self":[{"href":"https:\/\/www.museodegrandas.es\/fr\/wp-json\/wp\/v2\/pages\/8185"}],"collection":[{"href":"https:\/\/www.museodegrandas.es\/fr\/wp-json\/wp\/v2\/pages"}],"about":[{"href":"https:\/\/www.museodegrandas.es\/fr\/wp-json\/wp\/v2\/types\/page"}],"author":[{"embeddable":true,"href":"https:\/\/www.museodegrandas.es\/fr\/wp-json\/wp\/v2\/users\/2"}],"replies":[{"embeddable":true,"href":"https:\/\/www.museodegrandas.es\/fr\/wp-json\/wp\/v2\/comments?post=8185"}],"version-history":[{"count":0,"href":"https:\/\/www.museodegrandas.es\/fr\/wp-json\/wp\/v2\/pages\/8185\/revisions"}],"up":[{"embeddable":true,"href":"https:\/\/www.museodegrandas.es\/fr\/wp-json\/wp\/v2\/pages\/8336"}],"wp:attachment":[{"href":"https:\/\/www.museodegrandas.es\/fr\/wp-json\/wp\/v2\/media?parent=8185"}],"curies":[{"name":"wp","href":"https:\/\/api.w.org\/{rel}","templated":true}]}}