

{"id":8180,"date":"2022-05-19T11:54:26","date_gmt":"2022-05-19T11:54:26","guid":{"rendered":"https:\/\/www.museodegrandas.es\/13-maquette-de-moulin-a-foulon\/"},"modified":"2022-05-19T11:54:26","modified_gmt":"2022-05-19T11:54:26","slug":"13-maquette-de-moulin-a-foulon","status":"publish","type":"page","link":"https:\/\/www.museodegrandas.es\/fr\/le-musee\/13-maquette-de-moulin-a-foulon\/","title":{"rendered":"13.- Maquette de moulin \u00e0 foulon"},"content":{"rendered":"<p><span style=\"font-weight: 400;\">Reproduction \u00e0 l&rsquo;\u00e9chelle d&rsquo;un moulin \u00e0 foulon, une machine en bois, g\u00e9n\u00e9ralement en ch\u00eane, compos\u00e9e de deux maillets entra\u00een\u00e9s alternativement gr\u00e2ce \u00e0 la force de l&rsquo;eau transmise par une roue hydraulique. Les moulins \u00e0 foulon servaient \u00e0 frapper, d\u00e9graisser et feutrer les tissus fabriqu\u00e9s sur le m\u00e9tier \u00e0 tisser. Pendant une dur\u00e9e qui pouvait d\u00e9passer 24 heures, les toiles \u00e9taient battues en rythme par les maillets du moulin \u00e0 foulon, jusqu&rsquo;\u00e0 ce qu&rsquo;elles se transforment en une \u00e9toffe plus dense et plus compacte. Comme ils n\u00e9cessitaient de l&rsquo;\u00e9nergie hydraulique pour fonctionner, les moulins \u00e0 foulon \u00e9taient g\u00e9n\u00e9ralement situ\u00e9s sur les rives d&rsquo;une rivi\u00e8re ou d&rsquo;un ruisseau.<\/span><\/p>\n<p><a href=\"http:\/\/www.museodegrandas.es\/wp-content\/uploads\/2014\/02\/batan.jpg\"><img loading=\"lazy\" class=\"aligncenter\" src=\"http:\/\/www.museodegrandas.es\/wp-content\/uploads\/2014\/02\/batan.jpg\" alt=\"batan\" width=\"373\" height=\"400\" \/><\/a><!--:--><\/p>\n","protected":false},"excerpt":{"rendered":"<p>Reproduction \u00e0 l&rsquo;\u00e9chelle d&rsquo;un moulin \u00e0 foulon, une machine en bois, g\u00e9n\u00e9ralement en ch\u00eane, compos\u00e9e de deux maillets entra\u00een\u00e9s alternativement gr\u00e2ce \u00e0 la force de l&rsquo;eau transmise par une roue hydraulique. Les moulins \u00e0 foulon servaient \u00e0 frapper, d\u00e9graisser et feutrer les tissus fabriqu\u00e9s sur le m\u00e9tier \u00e0 tisser. Pendant une dur\u00e9e qui pouvait d\u00e9passer [&hellip;]<\/p>\n","protected":false},"author":2,"featured_media":0,"parent":8336,"menu_order":0,"comment_status":"closed","ping_status":"closed","template":"","meta":{"_et_pb_use_builder":"","_et_pb_old_content":"","_et_gb_content_width":""},"_links":{"self":[{"href":"https:\/\/www.museodegrandas.es\/fr\/wp-json\/wp\/v2\/pages\/8180"}],"collection":[{"href":"https:\/\/www.museodegrandas.es\/fr\/wp-json\/wp\/v2\/pages"}],"about":[{"href":"https:\/\/www.museodegrandas.es\/fr\/wp-json\/wp\/v2\/types\/page"}],"author":[{"embeddable":true,"href":"https:\/\/www.museodegrandas.es\/fr\/wp-json\/wp\/v2\/users\/2"}],"replies":[{"embeddable":true,"href":"https:\/\/www.museodegrandas.es\/fr\/wp-json\/wp\/v2\/comments?post=8180"}],"version-history":[{"count":0,"href":"https:\/\/www.museodegrandas.es\/fr\/wp-json\/wp\/v2\/pages\/8180\/revisions"}],"up":[{"embeddable":true,"href":"https:\/\/www.museodegrandas.es\/fr\/wp-json\/wp\/v2\/pages\/8336"}],"wp:attachment":[{"href":"https:\/\/www.museodegrandas.es\/fr\/wp-json\/wp\/v2\/media?parent=8180"}],"curies":[{"name":"wp","href":"https:\/\/api.w.org\/{rel}","templated":true}]}}