

{"id":8146,"date":"2022-05-17T14:27:53","date_gmt":"2022-05-17T14:27:53","guid":{"rendered":"https:\/\/www.museodegrandas.es\/12-maison-du-meunier\/"},"modified":"2022-05-17T14:27:53","modified_gmt":"2022-05-17T14:27:53","slug":"12-maison-du-meunier","status":"publish","type":"page","link":"https:\/\/www.museodegrandas.es\/fr\/le-musee\/12-maison-du-meunier\/","title":{"rendered":"12.- Maison du meunier"},"content":{"rendered":"<p><!--:es--><a href=\"http:\/\/www.museodegrandas.es\/wp-content\/uploads\/2014\/02\/plano-casa-molinero.jpg\"><img loading=\"lazy\" class=\"size-full wp-image-8147 aligncenter\" src=\"http:\/\/www.museodegrandas.es\/wp-content\/uploads\/2014\/02\/plano-casa-molinero.jpg\" alt=\"plano-casa-molinero\" width=\"296\" height=\"369\" \/><\/a><\/p>\n<p><span style=\"font-weight: 400;\">La Maison du meunier est un b\u00e2timent contemporain qui combine les caract\u00e9ristiques distinctives de l&rsquo;architecture traditionnelle de la r\u00e9gion. Il s&rsquo;agit d&rsquo;une construction \u00e0 deux \u00e9tages, avec un grenier et un toit en ardoise.<\/span><\/p>\n<p><span style=\"font-weight: 400;\">L&rsquo;entr\u00e9e au rez-de-chauss\u00e9e se fait par la fa\u00e7ade ouest, par une grande ouverture \u00e0 linteau abrit\u00e9e des intemp\u00e9ries par l&rsquo;avanc\u00e9e de la galerie de l&rsquo;\u00e9tage sup\u00e9rieur. C&rsquo;est dans cet espace que se trouvaient g\u00e9n\u00e9ralement les \u00e9curies dans les maisons paysannes traditionnelles. L&rsquo;acc\u00e8s \u00e0 l&rsquo;\u00e9tage, o\u00f9 se trouve le logement, se fait par une galerie accessible par un escalier int\u00e9gr\u00e9 \u00e0 la construction. Les fa\u00e7ades nord et sont dot\u00e9s de deux corridors en porte-\u00e0-faux sur des colonnes en ardoise, autre \u00e9l\u00e9ment distinctif de ces maisons.<\/span><\/p>\n<p><a href=\"http:\/\/www.museodegrandas.es\/wp-content\/uploads\/2014\/02\/casa-del-molinero.jpg\"><img class=\"aligncenter\" src=\"http:\/\/www.museodegrandas.es\/wp-content\/uploads\/2014\/02\/casa-del-molinero.jpg\" alt=\"casa-del-molinero\" width=\"500\" \/><\/a><\/p>\n<p>&nbsp;<\/p>\n<p><span style=\"font-weight: 400;\">Le grenier pr\u00e9sente quelques petites ouvertures rectangulaires, dont la fonction \u00e9tait de permettre l&rsquo;acc\u00e8s des pigeons. Ces oiseaux \u00e9taient \u00e9lev\u00e9s pour la viande et pour les excr\u00e9ments ou fientes de pigeon. Les pigeons \u00e9taient un plat tr\u00e8s appr\u00e9ci\u00e9 et leur bouillon \u00e9tait vivement recommand\u00e9 pour les malades et les convalescents. Les excr\u00e9ments de pigeons \u00e9taient utilis\u00e9s comme engrais. L&rsquo;\u00e9levage de pigeons a connu une certaine importance jusqu&rsquo;au premier tiers du XXe si\u00e8cle, et les maisons d&rsquo;une certaine taille poss\u00e9daient des pigeonniers dans leurs greniers. Dans la ferme attenante au mus\u00e9e au nord, on peut voir un pigeonnier ind\u00e9pendant de forme circulaire. Les constructions de cette taille n&rsquo;\u00e9taient pas tr\u00e8s fr\u00e9quentes dans les Asturies et appartenaient toujours \u00e0 des familles importantes qui les utilisaient pour montrer leur situation financi\u00e8re et leur statut.<\/span><\/p>\n<p style=\"text-align: center;\"><a href=\"http:\/\/www.museodegrandas.es\/wp-content\/uploads\/2014\/02\/exposiciones.jpg\"><img class=\"wp-image-1116 aligncenter\" src=\"http:\/\/www.museodegrandas.es\/wp-content\/uploads\/2014\/02\/exposiciones.jpg\" alt=\"exposiciones\" width=\"500\" \/><\/a><\/p>\n<p><span style=\"font-weight: 400;\">Le b\u00e2timent est \u00e0 usage interne de l&rsquo;\u00e9tablissement et il abrite \u00e9galement les espaces polyvalents du mus\u00e9e. Les ateliers de menuiserie et de restauration sont situ\u00e9s au rez-de-chauss\u00e9e. \u00c0 l&rsquo;\u00e9tage se trouvent des bureaux, des r\u00e9serves et des salles pour des expositions temporaires, des \u00e9v\u00e9nements et des ateliers.<\/span><\/p>\n<p style=\"text-align: center;\"><a href=\"http:\/\/www.museodegrandas.es\/wp-content\/uploads\/2014\/02\/exposiciones2.jpg\"><img class=\"wp-image-1117 aligncenter\" src=\"http:\/\/www.museodegrandas.es\/wp-content\/uploads\/2014\/02\/exposiciones2.jpg\" alt=\"exposiciones2\" width=\"500\" \/><\/a><\/p>\n<p style=\"text-align: center;\"><a href=\"http:\/\/www.museodegrandas.es\/wp-content\/uploads\/2014\/02\/exposiciones3.jpg\"><img class=\"wp-image-1118 aligncenter\" src=\"http:\/\/www.museodegrandas.es\/wp-content\/uploads\/2014\/02\/exposiciones3.jpg\" alt=\"exposiciones3\" width=\"500\" \/><\/a><\/p>\n<p><!--:--><\/p>\n","protected":false},"excerpt":{"rendered":"<p>La Maison du meunier est un b\u00e2timent contemporain qui combine les caract\u00e9ristiques distinctives de l&rsquo;architecture traditionnelle de la r\u00e9gion. Il s&rsquo;agit d&rsquo;une construction \u00e0 deux \u00e9tages, avec un grenier et un toit en ardoise. L&rsquo;entr\u00e9e au rez-de-chauss\u00e9e se fait par la fa\u00e7ade ouest, par une grande ouverture \u00e0 linteau abrit\u00e9e des intemp\u00e9ries par l&rsquo;avanc\u00e9e de [&hellip;]<\/p>\n","protected":false},"author":2,"featured_media":0,"parent":8336,"menu_order":0,"comment_status":"closed","ping_status":"closed","template":"","meta":{"_et_pb_use_builder":"","_et_pb_old_content":"","_et_gb_content_width":""},"_links":{"self":[{"href":"https:\/\/www.museodegrandas.es\/fr\/wp-json\/wp\/v2\/pages\/8146"}],"collection":[{"href":"https:\/\/www.museodegrandas.es\/fr\/wp-json\/wp\/v2\/pages"}],"about":[{"href":"https:\/\/www.museodegrandas.es\/fr\/wp-json\/wp\/v2\/types\/page"}],"author":[{"embeddable":true,"href":"https:\/\/www.museodegrandas.es\/fr\/wp-json\/wp\/v2\/users\/2"}],"replies":[{"embeddable":true,"href":"https:\/\/www.museodegrandas.es\/fr\/wp-json\/wp\/v2\/comments?post=8146"}],"version-history":[{"count":0,"href":"https:\/\/www.museodegrandas.es\/fr\/wp-json\/wp\/v2\/pages\/8146\/revisions"}],"up":[{"embeddable":true,"href":"https:\/\/www.museodegrandas.es\/fr\/wp-json\/wp\/v2\/pages\/8336"}],"wp:attachment":[{"href":"https:\/\/www.museodegrandas.es\/fr\/wp-json\/wp\/v2\/media?parent=8146"}],"curies":[{"name":"wp","href":"https:\/\/api.w.org\/{rel}","templated":true}]}}