

{"id":8132,"date":"2022-05-17T12:51:06","date_gmt":"2022-05-17T12:51:06","guid":{"rendered":"https:\/\/www.museodegrandas.es\/10-moulin\/"},"modified":"2022-05-17T12:51:06","modified_gmt":"2022-05-17T12:51:06","slug":"10-moulin","status":"publish","type":"page","link":"https:\/\/www.museodegrandas.es\/fr\/le-musee\/10-moulin\/","title":{"rendered":"10.- Moulin"},"content":{"rendered":"<p>En 1994, un moulin \u00e0 farine hydraulique a \u00e9t\u00e9 construit dans le mus\u00e9e, qui abrite les m\u00e9canismes de trois meules diff\u00e9rentes. L&rsquo;approvisionnement en eau provient du petit ruisseau qui traverse le parc du mus\u00e9e. Pour pallier le manque d&rsquo;eau pendant l&rsquo;\u00e9t\u00e9, un m\u00e9canisme ing\u00e9nieux a \u00e9t\u00e9 utilis\u00e9, par lequel une pompe \u00e9lectrique entra\u00eene le flux d&rsquo;eau de l&rsquo;aquif\u00e8re trouv\u00e9 lors de l&rsquo;excavation des fondations du moulin, g\u00e9n\u00e9rant un circuit ferm\u00e9 qui donne \u00e0 ce moulin la particularit\u00e9 de bouger, contredisant le dicton espagnol \u00ab agua pasada no mueve molino \u00bb (litt\u00e9ralement, l&rsquo;eau pass\u00e9e ne fait pas bouger le moulin, c&rsquo;est-\u00e0-dire on ne revient pas sur le pass\u00e9).<\/p>\n<p><a href=\"http:\/\/www.museodegrandas.es\/wp-content\/uploads\/2014\/02\/molino1.jpg\"><img class=\"aligncenter\" src=\"http:\/\/www.museodegrandas.es\/wp-content\/uploads\/2014\/02\/molino1.jpg\" alt=\"molino1\" width=\"500\" \/><\/a><\/p>\n<p>Le banzao (r\u00e9servoir) du moulin, o\u00f9 s&rsquo;accumule l&rsquo;eau qui fait mouvoir les rodeznos (roues) provient de Villaperi (Oviedo\/Uvi\u00e9u) et date de 1869. Il a \u00e9t\u00e9 d\u00e9mont\u00e9 pierre par pierre et reconstruit avec la collaboration de la Conf\u00e9d\u00e9ration hydrographique du Nord. Les machines du moulin ont \u00e9t\u00e9 acquises \u00e0 Valdoria (Siero), Nogueir\u00f3u (Grandas de Salime) et Colada (Ayande) et correspondent \u00e0 diff\u00e9rents mod\u00e8les.<\/p>\n<p><a href=\"http:\/\/www.museodegrandas.es\/wp-content\/uploads\/2014\/02\/molino2.jpg\"><img class=\"aligncenter\" src=\"http:\/\/www.museodegrandas.es\/wp-content\/uploads\/2014\/02\/molino2.jpg\" alt=\"molino2\" width=\"500\" \/><\/a><!--:--><\/p>\n","protected":false},"excerpt":{"rendered":"<p>En 1994, un moulin \u00e0 farine hydraulique a \u00e9t\u00e9 construit dans le mus\u00e9e, qui abrite les m\u00e9canismes de trois meules diff\u00e9rentes. L&rsquo;approvisionnement en eau provient du petit ruisseau qui traverse le parc du mus\u00e9e. Pour pallier le manque d&rsquo;eau pendant l&rsquo;\u00e9t\u00e9, un m\u00e9canisme ing\u00e9nieux a \u00e9t\u00e9 utilis\u00e9, par lequel une pompe \u00e9lectrique entra\u00eene le flux [&hellip;]<\/p>\n","protected":false},"author":2,"featured_media":0,"parent":8336,"menu_order":0,"comment_status":"closed","ping_status":"closed","template":"","meta":{"_et_pb_use_builder":"","_et_pb_old_content":"","_et_gb_content_width":""},"_links":{"self":[{"href":"https:\/\/www.museodegrandas.es\/fr\/wp-json\/wp\/v2\/pages\/8132"}],"collection":[{"href":"https:\/\/www.museodegrandas.es\/fr\/wp-json\/wp\/v2\/pages"}],"about":[{"href":"https:\/\/www.museodegrandas.es\/fr\/wp-json\/wp\/v2\/types\/page"}],"author":[{"embeddable":true,"href":"https:\/\/www.museodegrandas.es\/fr\/wp-json\/wp\/v2\/users\/2"}],"replies":[{"embeddable":true,"href":"https:\/\/www.museodegrandas.es\/fr\/wp-json\/wp\/v2\/comments?post=8132"}],"version-history":[{"count":0,"href":"https:\/\/www.museodegrandas.es\/fr\/wp-json\/wp\/v2\/pages\/8132\/revisions"}],"up":[{"embeddable":true,"href":"https:\/\/www.museodegrandas.es\/fr\/wp-json\/wp\/v2\/pages\/8336"}],"wp:attachment":[{"href":"https:\/\/www.museodegrandas.es\/fr\/wp-json\/wp\/v2\/media?parent=8132"}],"curies":[{"name":"wp","href":"https:\/\/api.w.org\/{rel}","templated":true}]}}