

{"id":8127,"date":"2022-05-17T12:42:55","date_gmt":"2022-05-17T12:42:55","guid":{"rendered":"https:\/\/www.museodegrandas.es\/09-meda-meule\/"},"modified":"2022-05-17T12:42:55","modified_gmt":"2022-05-17T12:42:55","slug":"09-meda-meule","status":"publish","type":"page","link":"https:\/\/www.museodegrandas.es\/fr\/le-musee\/09-meda-meule\/","title":{"rendered":"09.- Meda \/ meule"},"content":{"rendered":"<p>La meda ou vara (meule ou tige d&rsquo;herbe) constitue tout un symbole du mode de vie paysan. Elle est compos\u00e9e d&rsquo;un poteau central, une tige ou vara, g\u00e9n\u00e9ralement en ch\u00e2taignier, autour de laquelle s&rsquo;accumule le foin, formant un cercle \u00e0 la base dont le diam\u00e8tre diminue en hauteur jusqu&rsquo;\u00e0 prendre une forme conique. Elle servait \u00e0 stocker le foin avec lequel le b\u00e9tail \u00e9tait nourri. Gr\u00e2ce \u00e0 cette disposition, l&rsquo;herbe s\u00e8che pouvait \u00eatre conserv\u00e9e longtemps \u00e0 l&rsquo;ext\u00e9rieur et utilis\u00e9e comme fourrage l&rsquo;\u00e9t\u00e9 ou en p\u00e9riode de famine.<\/p>\n<p><a href=\"http:\/\/www.museodegrandas.es\/wp-content\/uploads\/2014\/02\/meda.jpg\"><img class=\"aligncenter\" src=\"http:\/\/www.museodegrandas.es\/wp-content\/uploads\/2014\/02\/meda.jpg\" alt=\"meda\" width=\"500\" \/><\/a><!--:--><\/p>\n","protected":false},"excerpt":{"rendered":"<p>La meda ou vara (meule ou tige d&rsquo;herbe) constitue tout un symbole du mode de vie paysan. Elle est compos\u00e9e d&rsquo;un poteau central, une tige ou vara, g\u00e9n\u00e9ralement en ch\u00e2taignier, autour de laquelle s&rsquo;accumule le foin, formant un cercle \u00e0 la base dont le diam\u00e8tre diminue en hauteur jusqu&rsquo;\u00e0 prendre une forme conique. Elle servait [&hellip;]<\/p>\n","protected":false},"author":2,"featured_media":0,"parent":8336,"menu_order":0,"comment_status":"closed","ping_status":"closed","template":"","meta":{"_et_pb_use_builder":"","_et_pb_old_content":"","_et_gb_content_width":""},"_links":{"self":[{"href":"https:\/\/www.museodegrandas.es\/fr\/wp-json\/wp\/v2\/pages\/8127"}],"collection":[{"href":"https:\/\/www.museodegrandas.es\/fr\/wp-json\/wp\/v2\/pages"}],"about":[{"href":"https:\/\/www.museodegrandas.es\/fr\/wp-json\/wp\/v2\/types\/page"}],"author":[{"embeddable":true,"href":"https:\/\/www.museodegrandas.es\/fr\/wp-json\/wp\/v2\/users\/2"}],"replies":[{"embeddable":true,"href":"https:\/\/www.museodegrandas.es\/fr\/wp-json\/wp\/v2\/comments?post=8127"}],"version-history":[{"count":0,"href":"https:\/\/www.museodegrandas.es\/fr\/wp-json\/wp\/v2\/pages\/8127\/revisions"}],"up":[{"embeddable":true,"href":"https:\/\/www.museodegrandas.es\/fr\/wp-json\/wp\/v2\/pages\/8336"}],"wp:attachment":[{"href":"https:\/\/www.museodegrandas.es\/fr\/wp-json\/wp\/v2\/media?parent=8127"}],"curies":[{"name":"wp","href":"https:\/\/api.w.org\/{rel}","templated":true}]}}