

{"id":8122,"date":"2022-05-17T12:39:46","date_gmt":"2022-05-17T12:39:46","guid":{"rendered":"https:\/\/www.museodegrandas.es\/08-pozo\/"},"modified":"2022-05-17T12:39:46","modified_gmt":"2022-05-17T12:39:46","slug":"08-pozo","status":"publish","type":"page","link":"https:\/\/www.museodegrandas.es\/fr\/le-musee\/08-pozo\/","title":{"rendered":"08.- Pozo"},"content":{"rendered":"<p>La Casa Rectoral disposait d&rsquo;un petit puits qui permettait de l&rsquo;approvisionner en eau. D\u00e9limit\u00e9 par une structure en ma\u00e7onnerie semi-circulaire, avec une entr\u00e9e \u00e0 linteau et une toiture en ardoise, le puits n&rsquo;avait pas de margelle et l&rsquo;acc\u00e8s \u00e9tait assur\u00e9 par des marches en pierre flanqu\u00e9es de deux murs qui prolongeaient l&rsquo;enceinte du puits.<\/p>\n<p><a href=\"http:\/\/www.museodegrandas.es\/wp-content\/uploads\/2014\/02\/pozo.jpg\"><img class=\"aligncenter\" src=\"http:\/\/www.museodegrandas.es\/wp-content\/uploads\/2014\/02\/pozo.jpg\" alt=\"pozo\" width=\"500\" \/><\/a><!--:--><\/p>\n","protected":false},"excerpt":{"rendered":"<p>La Casa Rectoral disposait d&rsquo;un petit puits qui permettait de l&rsquo;approvisionner en eau. D\u00e9limit\u00e9 par une structure en ma\u00e7onnerie semi-circulaire, avec une entr\u00e9e \u00e0 linteau et une toiture en ardoise, le puits n&rsquo;avait pas de margelle et l&rsquo;acc\u00e8s \u00e9tait assur\u00e9 par des marches en pierre flanqu\u00e9es de deux murs qui prolongeaient l&rsquo;enceinte du puits.<\/p>\n","protected":false},"author":2,"featured_media":0,"parent":8336,"menu_order":0,"comment_status":"closed","ping_status":"closed","template":"","meta":{"_et_pb_use_builder":"","_et_pb_old_content":"","_et_gb_content_width":""},"_links":{"self":[{"href":"https:\/\/www.museodegrandas.es\/fr\/wp-json\/wp\/v2\/pages\/8122"}],"collection":[{"href":"https:\/\/www.museodegrandas.es\/fr\/wp-json\/wp\/v2\/pages"}],"about":[{"href":"https:\/\/www.museodegrandas.es\/fr\/wp-json\/wp\/v2\/types\/page"}],"author":[{"embeddable":true,"href":"https:\/\/www.museodegrandas.es\/fr\/wp-json\/wp\/v2\/users\/2"}],"replies":[{"embeddable":true,"href":"https:\/\/www.museodegrandas.es\/fr\/wp-json\/wp\/v2\/comments?post=8122"}],"version-history":[{"count":0,"href":"https:\/\/www.museodegrandas.es\/fr\/wp-json\/wp\/v2\/pages\/8122\/revisions"}],"up":[{"embeddable":true,"href":"https:\/\/www.museodegrandas.es\/fr\/wp-json\/wp\/v2\/pages\/8336"}],"wp:attachment":[{"href":"https:\/\/www.museodegrandas.es\/fr\/wp-json\/wp\/v2\/media?parent=8122"}],"curies":[{"name":"wp","href":"https:\/\/api.w.org\/{rel}","templated":true}]}}