

{"id":8120,"date":"2022-05-17T12:22:12","date_gmt":"2022-05-17T12:22:12","guid":{"rendered":"https:\/\/www.museodegrandas.es\/07-panera-grenier-rectangulaire\/"},"modified":"2022-05-17T12:22:44","modified_gmt":"2022-05-17T12:22:44","slug":"07-panera-grenier-rectangulaire","status":"publish","type":"page","link":"https:\/\/www.museodegrandas.es\/fr\/le-musee\/07-panera-grenier-rectangulaire\/","title":{"rendered":"07.- Panera \/ grenier rectangulaire"},"content":{"rendered":"<p style=\"text-align: left;\">La panera est un type de construction dont la conception et la fonctionnalit\u00e9 sont similaires \u00e0 celles du<em> <a href=\"https:\/\/www.museodegrandas.es\/fr\/le-musee\/06-horreo-grenier-carre\/\">h\u00f3rreo (6)<\/a><\/em>, dont elle constitue une version plus grande. Sa capacit\u00e9 \u00e9tant sup\u00e9rieure, ce type de grenier est de forme<br \/>\nrectangulaire, ce qui permet d&rsquo;augmenter le nombre d&rsquo;\u00e9l\u00e9ments porteurs et une charpente plus complexe, qui maintient le toit en croupe, tout en int\u00e9grant au moins une poutre fa\u00eeti\u00e8re.<\/p>\n<p style=\"text-align: left;\"><a href=\"https:\/\/www.museodegrandas.es\/wp-content\/uploads\/2014\/02\/panera.jpg\"><img class=\"aligncenter\" src=\"https:\/\/www.museodegrandas.es\/wp-content\/uploads\/2014\/02\/panera.jpg\" alt=\"panera\" width=\"500\" \/><\/a><\/p>\n<p style=\"text-align: left;\">La panera du mus\u00e9e provient du village d&rsquo;Escanlar, \u00e0 Ernes (Negueira de Mu\u00f1iz, Galice) et elle a \u00e9t\u00e9 construite \u00e0 la fin du XIXe si\u00e8cle. Cet exemplaire r\u00e9pond aux caract\u00e9ristiques de l&rsquo;\u00e9poque : haut mur de planches, toiture en ardoise et un petit corridor d&rsquo;un c\u00f4t\u00e9, en l&rsquo;occurrence orient\u00e9 au nord. Le grain \u00e9tait conserv\u00e9 \u00e0 l&rsquo;int\u00e9rieur de grands coffres fixes ou <em>tu\u00f1as<\/em>.<br \/>\n<!--:--><\/p>\n","protected":false},"excerpt":{"rendered":"<p>La panera est un type de construction dont la conception et la fonctionnalit\u00e9 sont similaires \u00e0 celles du h\u00f3rreo (6), dont elle constitue une version plus grande. Sa capacit\u00e9 \u00e9tant sup\u00e9rieure, ce type de grenier est de forme rectangulaire, ce qui permet d&rsquo;augmenter le nombre d&rsquo;\u00e9l\u00e9ments porteurs et une charpente plus complexe, qui maintient le [&hellip;]<\/p>\n","protected":false},"author":2,"featured_media":0,"parent":8336,"menu_order":0,"comment_status":"closed","ping_status":"closed","template":"","meta":{"_et_pb_use_builder":"","_et_pb_old_content":"","_et_gb_content_width":""},"_links":{"self":[{"href":"https:\/\/www.museodegrandas.es\/fr\/wp-json\/wp\/v2\/pages\/8120"}],"collection":[{"href":"https:\/\/www.museodegrandas.es\/fr\/wp-json\/wp\/v2\/pages"}],"about":[{"href":"https:\/\/www.museodegrandas.es\/fr\/wp-json\/wp\/v2\/types\/page"}],"author":[{"embeddable":true,"href":"https:\/\/www.museodegrandas.es\/fr\/wp-json\/wp\/v2\/users\/2"}],"replies":[{"embeddable":true,"href":"https:\/\/www.museodegrandas.es\/fr\/wp-json\/wp\/v2\/comments?post=8120"}],"version-history":[{"count":1,"href":"https:\/\/www.museodegrandas.es\/fr\/wp-json\/wp\/v2\/pages\/8120\/revisions"}],"predecessor-version":[{"id":8121,"href":"https:\/\/www.museodegrandas.es\/fr\/wp-json\/wp\/v2\/pages\/8120\/revisions\/8121"}],"up":[{"embeddable":true,"href":"https:\/\/www.museodegrandas.es\/fr\/wp-json\/wp\/v2\/pages\/8336"}],"wp:attachment":[{"href":"https:\/\/www.museodegrandas.es\/fr\/wp-json\/wp\/v2\/media?parent=8120"}],"curies":[{"name":"wp","href":"https:\/\/api.w.org\/{rel}","templated":true}]}}