

{"id":8114,"date":"2022-05-17T12:02:24","date_gmt":"2022-05-17T12:02:24","guid":{"rendered":"https:\/\/www.museodegrandas.es\/05-abeirugo-abri\/"},"modified":"2022-05-24T10:42:32","modified_gmt":"2022-05-24T10:42:32","slug":"05-abeirugo-abri","status":"publish","type":"page","link":"https:\/\/www.museodegrandas.es\/fr\/le-musee\/05-abeirugo-abri\/","title":{"rendered":"05.- Abeirugo \/ abri"},"content":{"rendered":"<p><!--:es--><\/p>\n<p style=\"text-align: left;\">Il s&rsquo;agit d&rsquo;une petite construction recouverte par une seule pente de toit inclin\u00e9e d&rsquo;un c\u00f4t\u00e9, qui ferme la cour de la Casa Rectoral c\u00f4t\u00e9 ouest. En raison de sa proximit\u00e9 avec l&rsquo;entr\u00e9e du mus\u00e9e, il a \u00e9t\u00e9 partiellement utilis\u00e9 comme aire d&rsquo;accueil des visiteurs. Dans l&rsquo;espace restant se trouvent diverses machines pour travailler le bois, parmi lesquelles une scie originale adapt\u00e9e avec un burin, une toupie, une raboteuse et un disque ou un copieur de sabots du d\u00e9but du XXe si\u00e8cle.<\/p>\n<p style=\"text-align: center;\"><a href=\"https:\/\/www.museodegrandas.es\/wp-content\/uploads\/2014\/02\/abeirugo.jpg\"><img class=\"wp-image-8115 aligncenter\" src=\"https:\/\/www.museodegrandas.es\/wp-content\/uploads\/2014\/02\/abeirugo.jpg\" alt=\"abeirugo\" width=\"500\" \/><\/a><\/p>\n<p><!--:--><\/p>\n","protected":false},"excerpt":{"rendered":"<p>Il s&rsquo;agit d&rsquo;une petite construction recouverte par une seule pente de toit inclin\u00e9e d&rsquo;un c\u00f4t\u00e9, qui ferme la cour de la Casa Rectoral c\u00f4t\u00e9 ouest. En raison de sa proximit\u00e9 avec l&rsquo;entr\u00e9e du mus\u00e9e, il a \u00e9t\u00e9 partiellement utilis\u00e9 comme aire d&rsquo;accueil des visiteurs. Dans l&rsquo;espace restant se trouvent diverses machines pour travailler le bois, [&hellip;]<\/p>\n","protected":false},"author":2,"featured_media":0,"parent":8336,"menu_order":0,"comment_status":"closed","ping_status":"closed","template":"","meta":{"_et_pb_use_builder":"","_et_pb_old_content":"","_et_gb_content_width":""},"_links":{"self":[{"href":"https:\/\/www.museodegrandas.es\/fr\/wp-json\/wp\/v2\/pages\/8114"}],"collection":[{"href":"https:\/\/www.museodegrandas.es\/fr\/wp-json\/wp\/v2\/pages"}],"about":[{"href":"https:\/\/www.museodegrandas.es\/fr\/wp-json\/wp\/v2\/types\/page"}],"author":[{"embeddable":true,"href":"https:\/\/www.museodegrandas.es\/fr\/wp-json\/wp\/v2\/users\/2"}],"replies":[{"embeddable":true,"href":"https:\/\/www.museodegrandas.es\/fr\/wp-json\/wp\/v2\/comments?post=8114"}],"version-history":[{"count":1,"href":"https:\/\/www.museodegrandas.es\/fr\/wp-json\/wp\/v2\/pages\/8114\/revisions"}],"predecessor-version":[{"id":8675,"href":"https:\/\/www.museodegrandas.es\/fr\/wp-json\/wp\/v2\/pages\/8114\/revisions\/8675"}],"up":[{"embeddable":true,"href":"https:\/\/www.museodegrandas.es\/fr\/wp-json\/wp\/v2\/pages\/8336"}],"wp:attachment":[{"href":"https:\/\/www.museodegrandas.es\/fr\/wp-json\/wp\/v2\/media?parent=8114"}],"curies":[{"name":"wp","href":"https:\/\/api.w.org\/{rel}","templated":true}]}}