

{"id":8113,"date":"2022-05-17T12:00:08","date_gmt":"2022-05-17T12:00:08","guid":{"rendered":"https:\/\/www.museodegrandas.es\/04-maquette-du-martinet\/"},"modified":"2022-05-24T10:42:18","modified_gmt":"2022-05-24T10:42:18","slug":"04-maquette-du-martinet","status":"publish","type":"page","link":"https:\/\/www.museodegrandas.es\/fr\/le-musee\/04-maquette-du-martinet\/","title":{"rendered":"04.- Maquette du martinet"},"content":{"rendered":"<p>Reproduction \u00e0 l&rsquo;\u00e9chelle d&rsquo;un martinet hydraulique \u00e0 partir du mazo (martinet) de Mazonovo, situ\u00e9 dans la commune voisine de\u00a0Santalla d\u2019Ozcos.<\/p>\n<p>L&rsquo;industrie du fer s&rsquo;est fortement d\u00e9velopp\u00e9e dans l&rsquo;Ouest des Asturies, surtout \u00e0 partir des XVIIe et XVIIIe si\u00e8cles, lorsque l&rsquo;utilisation de la roue hydraulique s&rsquo;est g\u00e9n\u00e9ralis\u00e9e. Le processus de transformation du fer a commenc\u00e9 dans les ferrer\u00edas (forges), o\u00f9 le minerai de fer \u00e9tait fondu pour obtenir des barres. Ces barres \u00e9taient manipul\u00e9es dans les martinets, o\u00f9 elles \u00e9taient \u00e9tir\u00e9es, amincies ou \u00e9largies pour \u00eatre travaill\u00e9es et avant de finalement passer \u00e0 l&rsquo;atelier duferreiro, la forxa (forge), o\u00f9 \u00e9taient fabriqu\u00e9s les outils et les produits finis.<br \/>\nMazo ou martinet est le nom donn\u00e9 \u00e0 la fois au grand marteau utilis\u00e9 pour battre le fer et \u00e0 l&rsquo;installation qui l&rsquo;abrite.<br \/>\n<!--:--><\/p>\n","protected":false},"excerpt":{"rendered":"<p>Reproduction \u00e0 l&rsquo;\u00e9chelle d&rsquo;un martinet hydraulique \u00e0 partir du mazo (martinet) de Mazonovo, situ\u00e9 dans la commune voisine de\u00a0Santalla d\u2019Ozcos. L&rsquo;industrie du fer s&rsquo;est fortement d\u00e9velopp\u00e9e dans l&rsquo;Ouest des Asturies, surtout \u00e0 partir des XVIIe et XVIIIe si\u00e8cles, lorsque l&rsquo;utilisation de la roue hydraulique s&rsquo;est g\u00e9n\u00e9ralis\u00e9e. Le processus de transformation du fer a commenc\u00e9 dans [&hellip;]<\/p>\n","protected":false},"author":2,"featured_media":0,"parent":8336,"menu_order":0,"comment_status":"closed","ping_status":"closed","template":"","meta":{"_et_pb_use_builder":"","_et_pb_old_content":"","_et_gb_content_width":""},"_links":{"self":[{"href":"https:\/\/www.museodegrandas.es\/fr\/wp-json\/wp\/v2\/pages\/8113"}],"collection":[{"href":"https:\/\/www.museodegrandas.es\/fr\/wp-json\/wp\/v2\/pages"}],"about":[{"href":"https:\/\/www.museodegrandas.es\/fr\/wp-json\/wp\/v2\/types\/page"}],"author":[{"embeddable":true,"href":"https:\/\/www.museodegrandas.es\/fr\/wp-json\/wp\/v2\/users\/2"}],"replies":[{"embeddable":true,"href":"https:\/\/www.museodegrandas.es\/fr\/wp-json\/wp\/v2\/comments?post=8113"}],"version-history":[{"count":1,"href":"https:\/\/www.museodegrandas.es\/fr\/wp-json\/wp\/v2\/pages\/8113\/revisions"}],"predecessor-version":[{"id":8674,"href":"https:\/\/www.museodegrandas.es\/fr\/wp-json\/wp\/v2\/pages\/8113\/revisions\/8674"}],"up":[{"embeddable":true,"href":"https:\/\/www.museodegrandas.es\/fr\/wp-json\/wp\/v2\/pages\/8336"}],"wp:attachment":[{"href":"https:\/\/www.museodegrandas.es\/fr\/wp-json\/wp\/v2\/media?parent=8113"}],"curies":[{"name":"wp","href":"https:\/\/api.w.org\/{rel}","templated":true}]}}