

{"id":8104,"date":"2022-05-17T11:56:39","date_gmt":"2022-05-17T11:56:39","guid":{"rendered":"https:\/\/www.museodegrandas.es\/03-corridor\/"},"modified":"2022-05-24T10:41:57","modified_gmt":"2022-05-24T10:41:57","slug":"03-corridor","status":"publish","type":"page","link":"https:\/\/www.museodegrandas.es\/fr\/le-musee\/03-corridor\/","title":{"rendered":"03.- Corridor"},"content":{"rendered":"<p>Cette construction auxiliaire est situ\u00e9e dans la cour du presbyt\u00e8re, entre le <a href=\"https:\/\/www.museodegrandas.es\/fr\/le-musee\/01-le-cabanon\/\">caban\u00f3n (1)<\/a> \u00a0et le <a href=\"https:\/\/www.museodegrandas.es\/fr\/le-musee\/02-la-casa-rectoral-presbytere\/\">b\u00e2timent principal (2)<\/a>. Il s&rsquo;agit d&rsquo;une structure \u00e0 deux \u00e9tages, avec un toit en dalles, un rez-de-chauss\u00e9e ouvert et un corridor \u00e0 l&rsquo;\u00e9tage, soutenu par des colonnes en ardoise.<\/p>\n<p><a href=\"https:\/\/www.museodegrandas.es\/wp-content\/uploads\/2014\/02\/corredor2.jpg\"><img class=\"aligncenter\" src=\"https:\/\/www.museodegrandas.es\/wp-content\/uploads\/2014\/02\/corredor2.jpg\" alt=\"corredor2\" width=\"500\" \/><\/a><\/p>\n<p>&nbsp;<\/p>\n<p style=\"text-align: left;\">L&rsquo;espace situ\u00e9 \u00e0 l&rsquo;\u00e9tage pr\u00e9sente diff\u00e9rents exemples de rodas (roues) ou molas (meules) d&rsquo;aff\u00fbtage. Certaines d&rsquo;entre elles s&rsquo;actionnent avec le pied et sont plac\u00e9es dans une auge en bois remplie d&rsquo;eau pour \u00e9viter l&rsquo;\u00e9chauffement et<br \/>\nfaciliter l&rsquo;abrasion.<\/p>\n<p style=\"text-align: left;\">Sous le corridor, vous trouverez une collection de diff\u00e9rents mod\u00e8les de brouettes et de charrettes, ainsi que les outils de travail du canteiro (tailleur de pierre), l&rsquo;un des m\u00e9tiers les plus importants du monde rural.<\/p>\n<p style=\"text-align: left;\"><a href=\"https:\/\/www.museodegrandas.es\/wp-content\/uploads\/2014\/02\/corredor.jpg\"><img class=\"wp-image-8109 aligncenter\" src=\"https:\/\/www.museodegrandas.es\/wp-content\/uploads\/2014\/02\/corredor.jpg\" alt=\"corredor\" width=\"500\" \/><\/a><\/p>\n<p>\u00a0<!--:--><\/p>\n","protected":false},"excerpt":{"rendered":"<p>Cette construction auxiliaire est situ\u00e9e dans la cour du presbyt\u00e8re, entre le caban\u00f3n (1) \u00a0et le b\u00e2timent principal (2). Il s&rsquo;agit d&rsquo;une structure \u00e0 deux \u00e9tages, avec un toit en dalles, un rez-de-chauss\u00e9e ouvert et un corridor \u00e0 l&rsquo;\u00e9tage, soutenu par des colonnes en ardoise. &nbsp; L&rsquo;espace situ\u00e9 \u00e0 l&rsquo;\u00e9tage pr\u00e9sente diff\u00e9rents exemples de rodas [&hellip;]<\/p>\n","protected":false},"author":2,"featured_media":0,"parent":8336,"menu_order":0,"comment_status":"closed","ping_status":"closed","template":"","meta":{"_et_pb_use_builder":"","_et_pb_old_content":"","_et_gb_content_width":""},"_links":{"self":[{"href":"https:\/\/www.museodegrandas.es\/fr\/wp-json\/wp\/v2\/pages\/8104"}],"collection":[{"href":"https:\/\/www.museodegrandas.es\/fr\/wp-json\/wp\/v2\/pages"}],"about":[{"href":"https:\/\/www.museodegrandas.es\/fr\/wp-json\/wp\/v2\/types\/page"}],"author":[{"embeddable":true,"href":"https:\/\/www.museodegrandas.es\/fr\/wp-json\/wp\/v2\/users\/2"}],"replies":[{"embeddable":true,"href":"https:\/\/www.museodegrandas.es\/fr\/wp-json\/wp\/v2\/comments?post=8104"}],"version-history":[{"count":1,"href":"https:\/\/www.museodegrandas.es\/fr\/wp-json\/wp\/v2\/pages\/8104\/revisions"}],"predecessor-version":[{"id":8673,"href":"https:\/\/www.museodegrandas.es\/fr\/wp-json\/wp\/v2\/pages\/8104\/revisions\/8673"}],"up":[{"embeddable":true,"href":"https:\/\/www.museodegrandas.es\/fr\/wp-json\/wp\/v2\/pages\/8336"}],"wp:attachment":[{"href":"https:\/\/www.museodegrandas.es\/fr\/wp-json\/wp\/v2\/media?parent=8104"}],"curies":[{"name":"wp","href":"https:\/\/api.w.org\/{rel}","templated":true}]}}