

{"id":8082,"date":"2022-05-17T11:32:29","date_gmt":"2022-05-17T11:32:29","guid":{"rendered":"https:\/\/www.museodegrandas.es\/02-la-casa-rectoral-presbytere\/02-12-la-forxa-forge\/"},"modified":"2022-05-17T11:32:29","modified_gmt":"2022-05-17T11:32:29","slug":"02-12-la-forxa-forge","status":"publish","type":"page","link":"https:\/\/www.museodegrandas.es\/fr\/le-musee\/02-la-casa-rectoral-presbytere\/02-12-la-forxa-forge\/","title":{"rendered":"02.12.- La forxa\/forge"},"content":{"rendered":"<p>La forge est l&rsquo;atelier du ferreiro (forgeron) et l&rsquo;\u00e9tabli, toujours plac\u00e9 \u00e0 c\u00f4t\u00e9 d&rsquo;;une<br \/>\nfen\u00eatre, et la forxa (forge) en sont les \u00e9l\u00e9ments essentiels. La\u00a0forxa\u00a0est<br \/>\nconstitu\u00e9e d&rsquo;un regazal, une caisse en bois et des plaques d&rsquo;ardoise remplies<br \/>\nd&rsquo;argile et dans lequel le feu est allum\u00e9 avec du charbon de bois, et d&rsquo;un gros<br \/>\nsoufflet manuel qui injecte de l&rsquo;air dans le foyer pour attiser le feu. \u00c0 c\u00f4t\u00e9 de la<br \/>\nforge, se trouve une vasque remplie d&rsquo;eau pour tremper le fer et une paire<br \/>\nd&rsquo;enclumes : l&rsquo;une massive, dite a incre de ferro et une plus mince, a incre de<br \/>\nfaer argolas\u00a0(anneaux).<\/p>\n<p style=\"text-align: center;\"><a href=\"http:\/\/www.museodegrandas.es\/wp-content\/uploads\/2014\/02\/fragua.jpg\"><img class=\"wp-image-1119 aligncenter\" src=\"http:\/\/www.museodegrandas.es\/wp-content\/uploads\/2014\/02\/fragua.jpg\" alt=\"fragua\" width=\"500\" \/><\/a><\/p>\n<p>Le forgeron utilisait une grande vari\u00e9t\u00e9 d&rsquo;outils, dont des parafusas (grands<br \/>\nfuseaux) pour percer le fer, des pinces, des craveiras\u00a0para faire des clous, un<br \/>\ntour, des perceuses ou cintreuses pour les garnitures et les jantes m\u00e9talliques<br \/>\npour les roues des charrettes. Pour la fabrication de ces derni\u00e8res, le concours<br \/>\nd&rsquo;un menuisier ou d&rsquo;une personne connaissant les techniques des deux m\u00e9tiers<br \/>\n\u00e9tait n\u00e9cessaire.<\/p>\n<p style=\"text-align: center;\">\u00a0<a href=\"http:\/\/www.museodegrandas.es\/wp-content\/uploads\/2014\/02\/fragua2.jpg\"><img class=\"wp-image-1120 aligncenter\" src=\"http:\/\/www.museodegrandas.es\/wp-content\/uploads\/2014\/02\/fragua2.jpg\" alt=\"fragua2\" width=\"500\" \/><\/a><\/p>\n<p>En plus de la fabrication d&rsquo;outils de diff\u00e9rents types et usages, les ferreiros<br \/>\nexer\u00e7aient deux autres activit\u00e9s fondamentales dans le monde<br \/>\nrural\u00a0:\u00a0ferrar\u00a0(ferrer) le b\u00e9tail et les chevaux, et aff\u00fbter et r\u00e9parer les outils<br \/>\nagricoles.<\/p>\n<p style=\"text-align: center;\"><a href=\"http:\/\/www.museodegrandas.es\/wp-content\/uploads\/2014\/02\/fragua3.jpg\"><img class=\"wp-image-1121 aligncenter\" src=\"http:\/\/www.museodegrandas.es\/wp-content\/uploads\/2014\/02\/fragua3.jpg\" alt=\"fragua3\" width=\"500\" \/><\/a><\/p>\n<p><!--:--><\/p>\n","protected":false},"excerpt":{"rendered":"<p>La forge est l&rsquo;atelier du ferreiro (forgeron) et l&rsquo;\u00e9tabli, toujours plac\u00e9 \u00e0 c\u00f4t\u00e9 d&rsquo;;une fen\u00eatre, et la forxa (forge) en sont les \u00e9l\u00e9ments essentiels. La\u00a0forxa\u00a0est constitu\u00e9e d&rsquo;un regazal, une caisse en bois et des plaques d&rsquo;ardoise remplies d&rsquo;argile et dans lequel le feu est allum\u00e9 avec du charbon de bois, et d&rsquo;un gros soufflet manuel [&hellip;]<\/p>\n","protected":false},"author":2,"featured_media":0,"parent":7980,"menu_order":0,"comment_status":"closed","ping_status":"closed","template":"","meta":{"_et_pb_use_builder":"","_et_pb_old_content":"","_et_gb_content_width":""},"_links":{"self":[{"href":"https:\/\/www.museodegrandas.es\/fr\/wp-json\/wp\/v2\/pages\/8082"}],"collection":[{"href":"https:\/\/www.museodegrandas.es\/fr\/wp-json\/wp\/v2\/pages"}],"about":[{"href":"https:\/\/www.museodegrandas.es\/fr\/wp-json\/wp\/v2\/types\/page"}],"author":[{"embeddable":true,"href":"https:\/\/www.museodegrandas.es\/fr\/wp-json\/wp\/v2\/users\/2"}],"replies":[{"embeddable":true,"href":"https:\/\/www.museodegrandas.es\/fr\/wp-json\/wp\/v2\/comments?post=8082"}],"version-history":[{"count":0,"href":"https:\/\/www.museodegrandas.es\/fr\/wp-json\/wp\/v2\/pages\/8082\/revisions"}],"up":[{"embeddable":true,"href":"https:\/\/www.museodegrandas.es\/fr\/wp-json\/wp\/v2\/pages\/7980"}],"wp:attachment":[{"href":"https:\/\/www.museodegrandas.es\/fr\/wp-json\/wp\/v2\/media?parent=8082"}],"curies":[{"name":"wp","href":"https:\/\/api.w.org\/{rel}","templated":true}]}}