

{"id":8073,"date":"2022-05-17T11:27:45","date_gmt":"2022-05-17T11:27:45","guid":{"rendered":"https:\/\/www.museodegrandas.es\/02-la-casa-rectoral-presbytere\/02-11-salle-du-bois\/"},"modified":"2022-05-24T10:38:50","modified_gmt":"2022-05-24T10:38:50","slug":"02-11-salle-du-bois","status":"publish","type":"page","link":"https:\/\/www.museodegrandas.es\/fr\/le-musee\/02-la-casa-rectoral-presbytere\/02-11-salle-du-bois\/","title":{"rendered":"02.11.- Salle du bois"},"content":{"rendered":"<p style=\"text-align: left;\">Le caract\u00e8re autarcique de l&rsquo;\u00e9conomie du monde rural et le faible pouvoir d&rsquo;achat des paysans n&rsquo;avaient pas pour effet de stimuler le d\u00e9veloppement d&rsquo;autres activit\u00e9s non agricoles. Parmi les quelques m\u00e9tiers consolid\u00e9s figuraient ceux qui utilisaient le bois comme mati\u00e8re premi\u00e8re.<\/p>\n<p>L&rsquo;une de ces activit\u00e9s \u00e9tait celle des scieurs, qui coupaient les arbres dans la for\u00eat avec une hache ou un outil de sciage et les transformaient avec une scie \u00e0 air ou une scie portugaise.<\/p>\n<p style=\"text-align: center;\">\u00a0<a href=\"https:\/\/www.museodegrandas.es\/wp-content\/uploads\/2014\/02\/madera.jpg\"><img class=\"wp-image-1127 aligncenter\" src=\"https:\/\/www.museodegrandas.es\/wp-content\/uploads\/2014\/02\/madera.jpg\" alt=\"madera\" width=\"500\" \/><\/a><\/p>\n<p>Les carpinteiros (charpentiers) fabriquaient des outils agricoles et toutes sortes de meubles pour la maison, ainsi que des \u00e9l\u00e9ments de construction tels que des portes, des fen\u00eatres ou des poutres. En r\u00e8gle g\u00e9n\u00e9rale, ils ma\u00eetrisaient la technique d&rsquo;autres m\u00e9tiers, comme la taille de pierre ou la forge, ce qui leur permettait, bien souvent, de diversifier leur travail. C&rsquo;est le cas, par exemple, de Lulo de Benino, un charpentier-forgeron de Besullo Bisuyu (Cangas de Narcea) qui construisait deux roues de charrette par jour de travail. Dans l&rsquo;atelier du\u00a0carpinteiro\u00a0ne manquait jamais un \u00e9tabli et les outils pour exercer son<br \/>\nm\u00e9tier : brosas ou haches, axolas ou herminettes, rabots, varlopes, trinchas ou burins,\u00a0serr\u00f3is ou \u00e9go\u00efnes, scies \u00e0 chantourner, etc.<\/p>\n<p style=\"text-align: center;\">\u00a0<a href=\"https:\/\/www.museodegrandas.es\/wp-content\/uploads\/2014\/02\/cesteria.jpg\"><img class=\"wp-image-1106 aligncenter\" src=\"https:\/\/www.museodegrandas.es\/wp-content\/uploads\/2014\/02\/cesteria.jpg\" alt=\"cesteria\" width=\"500\" \/><\/a><\/p>\n<p>Les besoins \u00e0 couvrir dans une maison paysanne ont donn\u00e9 lieu au d\u00e9veloppement d&rsquo;autres m\u00e9tiers sp\u00e9cifiques qui disposaient de leurs propres<br \/>\noutils pour le travail du bois. C&rsquo;est le cas des cesteiros (vanniers) qui disposaient d&rsquo;\u00e9tablis destin\u00e9s \u00e0 cuitelar (tailler) ou brosser les costelas (lamelles de bois servant \u00e0 fabriquer les paniers), des tonneliers ou des fabricants de cuill\u00e8res, qui travaillaient avec des tours adapt\u00e9s \u00e0 leurs fabrications.<br \/>\n<!--:--><\/p>\n","protected":false},"excerpt":{"rendered":"<p>Le caract\u00e8re autarcique de l&rsquo;\u00e9conomie du monde rural et le faible pouvoir d&rsquo;achat des paysans n&rsquo;avaient pas pour effet de stimuler le d\u00e9veloppement d&rsquo;autres activit\u00e9s non agricoles. Parmi les quelques m\u00e9tiers consolid\u00e9s figuraient ceux qui utilisaient le bois comme mati\u00e8re premi\u00e8re. L&rsquo;une de ces activit\u00e9s \u00e9tait celle des scieurs, qui coupaient les arbres dans la [&hellip;]<\/p>\n","protected":false},"author":2,"featured_media":0,"parent":7980,"menu_order":0,"comment_status":"closed","ping_status":"closed","template":"","meta":{"_et_pb_use_builder":"","_et_pb_old_content":"","_et_gb_content_width":""},"_links":{"self":[{"href":"https:\/\/www.museodegrandas.es\/fr\/wp-json\/wp\/v2\/pages\/8073"}],"collection":[{"href":"https:\/\/www.museodegrandas.es\/fr\/wp-json\/wp\/v2\/pages"}],"about":[{"href":"https:\/\/www.museodegrandas.es\/fr\/wp-json\/wp\/v2\/types\/page"}],"author":[{"embeddable":true,"href":"https:\/\/www.museodegrandas.es\/fr\/wp-json\/wp\/v2\/users\/2"}],"replies":[{"embeddable":true,"href":"https:\/\/www.museodegrandas.es\/fr\/wp-json\/wp\/v2\/comments?post=8073"}],"version-history":[{"count":2,"href":"https:\/\/www.museodegrandas.es\/fr\/wp-json\/wp\/v2\/pages\/8073\/revisions"}],"predecessor-version":[{"id":8671,"href":"https:\/\/www.museodegrandas.es\/fr\/wp-json\/wp\/v2\/pages\/8073\/revisions\/8671"}],"up":[{"embeddable":true,"href":"https:\/\/www.museodegrandas.es\/fr\/wp-json\/wp\/v2\/pages\/7980"}],"wp:attachment":[{"href":"https:\/\/www.museodegrandas.es\/fr\/wp-json\/wp\/v2\/media?parent=8073"}],"curies":[{"name":"wp","href":"https:\/\/api.w.org\/{rel}","templated":true}]}}