

{"id":8064,"date":"2022-05-17T11:23:14","date_gmt":"2022-05-17T11:23:14","guid":{"rendered":"https:\/\/www.museodegrandas.es\/02-la-casa-rectoral-presbytere\/02-10-cantine\/"},"modified":"2022-05-24T10:29:22","modified_gmt":"2022-05-24T10:29:22","slug":"02-10-cantine","status":"publish","type":"page","link":"https:\/\/www.museodegrandas.es\/fr\/le-musee\/02-la-casa-rectoral-presbytere\/02-10-cantine\/","title":{"rendered":"02.10.- Cantine"},"content":{"rendered":"<p>Dans les villages les plus importants, dans les si\u00e8ges paroissiaux et dans les auberges ou maisons situ\u00e9es en bordure des voies royales, on trouvait des tavernes qui proposaient au public des boissons, de la charcuterie et des produits qui n&rsquo;\u00e9taient g\u00e9n\u00e9ralement pas fabriqu\u00e9s dans les maisons, tels que des conserves, des biscuits et des bonbons, du papier \u00e0 \u00e9crire et \u00e0 fumer, des bougies et des lanternes pour l&rsquo;\u00e9clairage, des allumettes et, dans certains cas, du tabac.<br \/>\nL&rsquo;hospitalit\u00e9 \u00e9tait la norme habituelle dans ces cantines, et il n&rsquo;\u00e9tait pas rare que les \u00e9trangers de passage partagent leur propre nourriture pr\u00e9par\u00e9e pour la maison.<\/p>\n<p style=\"text-align: center;\"><a href=\"https:\/\/www.museodegrandas.es\/wp-content\/uploads\/2014\/02\/bodega.jpg\"><img class=\"wp-image-1098 aligncenter\" src=\"https:\/\/www.museodegrandas.es\/wp-content\/uploads\/2014\/02\/bodega.jpg\" alt=\"bodega\" width=\"500\" \/><\/a><\/p>\n<p style=\"text-align: center;\"><a href=\"https:\/\/www.museodegrandas.es\/wp-content\/uploads\/2014\/02\/bodega2.jpg\"><img class=\"wp-image-1099 aligncenter\" src=\"https:\/\/www.museodegrandas.es\/wp-content\/uploads\/2014\/02\/bodega2.jpg\" alt=\"bodega2\" width=\"500\" \/><\/a><\/p>\n<p><!--:--><\/p>\n","protected":false},"excerpt":{"rendered":"<p>Dans les villages les plus importants, dans les si\u00e8ges paroissiaux et dans les auberges ou maisons situ\u00e9es en bordure des voies royales, on trouvait des tavernes qui proposaient au public des boissons, de la charcuterie et des produits qui n&rsquo;\u00e9taient g\u00e9n\u00e9ralement pas fabriqu\u00e9s dans les maisons, tels que des conserves, des biscuits et des bonbons, [&hellip;]<\/p>\n","protected":false},"author":2,"featured_media":0,"parent":7980,"menu_order":0,"comment_status":"closed","ping_status":"closed","template":"","meta":{"_et_pb_use_builder":"","_et_pb_old_content":"","_et_gb_content_width":""},"_links":{"self":[{"href":"https:\/\/www.museodegrandas.es\/fr\/wp-json\/wp\/v2\/pages\/8064"}],"collection":[{"href":"https:\/\/www.museodegrandas.es\/fr\/wp-json\/wp\/v2\/pages"}],"about":[{"href":"https:\/\/www.museodegrandas.es\/fr\/wp-json\/wp\/v2\/types\/page"}],"author":[{"embeddable":true,"href":"https:\/\/www.museodegrandas.es\/fr\/wp-json\/wp\/v2\/users\/2"}],"replies":[{"embeddable":true,"href":"https:\/\/www.museodegrandas.es\/fr\/wp-json\/wp\/v2\/comments?post=8064"}],"version-history":[{"count":1,"href":"https:\/\/www.museodegrandas.es\/fr\/wp-json\/wp\/v2\/pages\/8064\/revisions"}],"predecessor-version":[{"id":8669,"href":"https:\/\/www.museodegrandas.es\/fr\/wp-json\/wp\/v2\/pages\/8064\/revisions\/8669"}],"up":[{"embeddable":true,"href":"https:\/\/www.museodegrandas.es\/fr\/wp-json\/wp\/v2\/pages\/7980"}],"wp:attachment":[{"href":"https:\/\/www.museodegrandas.es\/fr\/wp-json\/wp\/v2\/media?parent=8064"}],"curies":[{"name":"wp","href":"https:\/\/api.w.org\/{rel}","templated":true}]}}