

{"id":8046,"date":"2022-05-17T11:15:46","date_gmt":"2022-05-17T11:15:46","guid":{"rendered":"https:\/\/www.museodegrandas.es\/02-la-casa-rectoral-presbytere\/02-08-atelier-de-zapateiro-du-cordonnier\/"},"modified":"2022-05-24T10:12:11","modified_gmt":"2022-05-24T10:12:11","slug":"02-08-atelier-de-zapateiro-du-cordonnier","status":"publish","type":"page","link":"https:\/\/www.museodegrandas.es\/fr\/le-musee\/02-la-casa-rectoral-presbytere\/02-08-atelier-de-zapateiro-du-cordonnier\/","title":{"rendered":"02.08.- Atelier de zapateiro \/ du cordonnier"},"content":{"rendered":"<p>Sous la cage d&rsquo;escalier, au rez-de-chauss\u00e9e, se trouve une recr\u00e9ation d&rsquo;un atelier de zapateiro (cordonnier), avec sa chaise et sa table de travail, toutes deux basses pour travailler avec plus de pr\u00e9cision, ses outils de travail, une machine \u00e0 coudre, des embauchoirs de diff\u00e9rentes pointures, des chaussures en cours de fabrication et un \u00e9chantillon des produits finis qui \u00e9taient offerts au public, dont plusieurs sandales en caoutchouc, qui illustrent l&rsquo;adaptation des anciens<br \/>\nmod\u00e8les aux nouveaux mat\u00e9riaux.<\/p>\n<p style=\"text-align: center;\"><a href=\"https:\/\/www.museodegrandas.es\/wp-content\/uploads\/2014\/02\/zapatero.jpg\"><img class=\"wp-image-1156 aligncenter\" src=\"https:\/\/www.museodegrandas.es\/wp-content\/uploads\/2014\/02\/zapatero.jpg\" alt=\"zapatero\" width=\"500\" \/><\/a><\/p>\n<p>La cordonnerie n&rsquo;est pas un m\u00e9tier tr\u00e8s ancien dans ces r\u00e9gions, o\u00f9 les chaussures traditionnelles \u00e9taient des sabots (madre\u00f1as), les galoches (galochas) ou autres chaussures en bois (zocas) et sandales en cuir. Au milieu du XVIIIe si\u00e8cle, il n&rsquo;existait pas de cordonniers dans les environs du mus\u00e9e. La r\u00e9f\u00e9rence la plus proche se situe dans la commune de Taramundi, dans laquelle neuf cordonniers ont \u00e9t\u00e9 recens\u00e9s, et qui travaillaient en relation avec une tannerie install\u00e9e \u00e0 cet endroit. Les premiers professionnels ont d\u00fb s&rsquo;installer dans les chefs-lieux des territoires communaux au cours du XIXe si\u00e8cle, lorsque l&rsquo;am\u00e9lioration de la capacit\u00e9 \u00e9conomique des paysans leur a permis d&rsquo;acheter des chaussures \u00e0 porter lors de grandes occasions.<\/p>\n<p style=\"text-align: center;\"><a href=\"https:\/\/www.museodegrandas.es\/wp-content\/uploads\/2014\/02\/zapatero2.jpg\"><img class=\"wp-image-1157 aligncenter\" src=\"https:\/\/www.museodegrandas.es\/wp-content\/uploads\/2014\/02\/zapatero2.jpg\" alt=\"zapatero2\" width=\"500\" \/><\/a><\/p>\n<p><!--:--><\/p>\n","protected":false},"excerpt":{"rendered":"<p>Sous la cage d&rsquo;escalier, au rez-de-chauss\u00e9e, se trouve une recr\u00e9ation d&rsquo;un atelier de zapateiro (cordonnier), avec sa chaise et sa table de travail, toutes deux basses pour travailler avec plus de pr\u00e9cision, ses outils de travail, une machine \u00e0 coudre, des embauchoirs de diff\u00e9rentes pointures, des chaussures en cours de fabrication et un \u00e9chantillon des [&hellip;]<\/p>\n","protected":false},"author":2,"featured_media":0,"parent":7980,"menu_order":0,"comment_status":"closed","ping_status":"closed","template":"","meta":{"_et_pb_use_builder":"","_et_pb_old_content":"","_et_gb_content_width":""},"_links":{"self":[{"href":"https:\/\/www.museodegrandas.es\/fr\/wp-json\/wp\/v2\/pages\/8046"}],"collection":[{"href":"https:\/\/www.museodegrandas.es\/fr\/wp-json\/wp\/v2\/pages"}],"about":[{"href":"https:\/\/www.museodegrandas.es\/fr\/wp-json\/wp\/v2\/types\/page"}],"author":[{"embeddable":true,"href":"https:\/\/www.museodegrandas.es\/fr\/wp-json\/wp\/v2\/users\/2"}],"replies":[{"embeddable":true,"href":"https:\/\/www.museodegrandas.es\/fr\/wp-json\/wp\/v2\/comments?post=8046"}],"version-history":[{"count":1,"href":"https:\/\/www.museodegrandas.es\/fr\/wp-json\/wp\/v2\/pages\/8046\/revisions"}],"predecessor-version":[{"id":8667,"href":"https:\/\/www.museodegrandas.es\/fr\/wp-json\/wp\/v2\/pages\/8046\/revisions\/8667"}],"up":[{"embeddable":true,"href":"https:\/\/www.museodegrandas.es\/fr\/wp-json\/wp\/v2\/pages\/7980"}],"wp:attachment":[{"href":"https:\/\/www.museodegrandas.es\/fr\/wp-json\/wp\/v2\/media?parent=8046"}],"curies":[{"name":"wp","href":"https:\/\/api.w.org\/{rel}","templated":true}]}}