

{"id":8036,"date":"2022-05-17T11:08:02","date_gmt":"2022-05-17T11:08:02","guid":{"rendered":"https:\/\/www.museodegrandas.es\/02-la-casa-rectoral-presbytere\/02-06-petite-piece\/"},"modified":"2022-05-24T09:33:53","modified_gmt":"2022-05-24T09:33:53","slug":"02-06-petite-piece","status":"publish","type":"page","link":"https:\/\/www.museodegrandas.es\/fr\/le-musee\/02-la-casa-rectoral-presbytere\/02-06-petite-piece\/","title":{"rendered":"02.06.- Petite  pi\u00e9ce"},"content":{"rendered":"<p>En g\u00e9n\u00e9ral, dans les maisons paysannes les chambres \u00e0 coucher \u00e9taient peu nombreuses et petites et leur mobilier pauvre et d\u00e9pouill\u00e9. Au milieu du XVIIIe si\u00e8cle, la plupart des habitations avaient une ou deux chambres, et certaines n&rsquo;en avaient pas. Les membres de la famille dormaient tous dans une pi\u00e8ce ou chambre commune \u00e0 l&rsquo;exception, si possible, des parents et grands-parents. \u00a0Les lits, comme celui expos\u00e9, \u00e9taient des lits faits de relleira ou planches avec une palette de feuilles de ma\u00efs, des draps en lin et une courtepointe.<\/p>\n<p><a href=\"https:\/\/www.museodegrandas.es\/wp-content\/uploads\/2014\/02\/Cuartin.jpg\"><img class=\"aligncenter\" src=\"https:\/\/www.museodegrandas.es\/wp-content\/uploads\/2014\/02\/Cuartin.jpg\" alt=\"Cuartin\" width=\"500\" \/><\/a><\/p>\n<p>Jusqu&rsquo;\u00e0 la fin du XIXe si\u00e8cle, les huchas (coffres), les malles et les coffrets \u00e9taient presque les seuls meubles de la maison. Lorsqu&rsquo;ils ne suffisaient pas \u00e0 ranger le linge et les v\u00eatements, ils \u00e9taient suspendus \u00e0 des poteaux install\u00e9s aux plafonds des chambres.<\/p>\n<p>Dans cet espace, on remarquera un bercio (berceau) avec un fond en planches et des trous\u00a0 dans le bord sup\u00e9rieur pour permettre \u00e0 l&rsquo;enfant de d\u00e9placer l&rsquo;enfant et de le maintenir pour qu&rsquo;il\u00a0 ne se d\u00e9couvre pas ou qu&rsquo;il ne tombe pas pendant que sa m\u00e8re travaillait dans la maison ou \u00e9tait absente pour aller au potager ou au grenier.<br \/>\n<!--:--><\/p>\n","protected":false},"excerpt":{"rendered":"<p>En g\u00e9n\u00e9ral, dans les maisons paysannes les chambres \u00e0 coucher \u00e9taient peu nombreuses et petites et leur mobilier pauvre et d\u00e9pouill\u00e9. Au milieu du XVIIIe si\u00e8cle, la plupart des habitations avaient une ou deux chambres, et certaines n&rsquo;en avaient pas. Les membres de la famille dormaient tous dans une pi\u00e8ce ou chambre commune \u00e0 l&rsquo;exception, [&hellip;]<\/p>\n","protected":false},"author":2,"featured_media":0,"parent":7980,"menu_order":0,"comment_status":"closed","ping_status":"closed","template":"","meta":{"_et_pb_use_builder":"","_et_pb_old_content":"","_et_gb_content_width":""},"_links":{"self":[{"href":"https:\/\/www.museodegrandas.es\/fr\/wp-json\/wp\/v2\/pages\/8036"}],"collection":[{"href":"https:\/\/www.museodegrandas.es\/fr\/wp-json\/wp\/v2\/pages"}],"about":[{"href":"https:\/\/www.museodegrandas.es\/fr\/wp-json\/wp\/v2\/types\/page"}],"author":[{"embeddable":true,"href":"https:\/\/www.museodegrandas.es\/fr\/wp-json\/wp\/v2\/users\/2"}],"replies":[{"embeddable":true,"href":"https:\/\/www.museodegrandas.es\/fr\/wp-json\/wp\/v2\/comments?post=8036"}],"version-history":[{"count":2,"href":"https:\/\/www.museodegrandas.es\/fr\/wp-json\/wp\/v2\/pages\/8036\/revisions"}],"predecessor-version":[{"id":8664,"href":"https:\/\/www.museodegrandas.es\/fr\/wp-json\/wp\/v2\/pages\/8036\/revisions\/8664"}],"up":[{"embeddable":true,"href":"https:\/\/www.museodegrandas.es\/fr\/wp-json\/wp\/v2\/pages\/7980"}],"wp:attachment":[{"href":"https:\/\/www.museodegrandas.es\/fr\/wp-json\/wp\/v2\/media?parent=8036"}],"curies":[{"name":"wp","href":"https:\/\/api.w.org\/{rel}","templated":true}]}}