

{"id":8031,"date":"2022-05-17T10:55:59","date_gmt":"2022-05-17T10:55:59","guid":{"rendered":"https:\/\/www.museodegrandas.es\/02-la-casa-rectoral-presbytere\/02-05-galerie\/"},"modified":"2022-05-24T09:29:24","modified_gmt":"2022-05-24T09:29:24","slug":"02-05-galerie","status":"publish","type":"page","link":"https:\/\/www.museodegrandas.es\/fr\/le-musee\/02-la-casa-rectoral-presbytere\/02-05-galerie\/","title":{"rendered":"02.05.- Galerie"},"content":{"rendered":"<p><!--:es--><a href=\"https:\/\/www.museodegrandas.es\/wp-content\/uploads\/2014\/02\/galeria.jpg\"><img loading=\"lazy\" class=\"alignleft\" src=\"https:\/\/www.museodegrandas.es\/wp-content\/uploads\/2014\/02\/galeria.jpg\" alt=\"galeria\" width=\"267\" height=\"400\" \/><\/a>Les galeries vitr\u00e9es ont \u00e9t\u00e9 int\u00e9gr\u00e9es aux habitations du monde rural \u00e0 partir du XIXe si\u00e8cle. Bon nombre des <a href=\"https:\/\/www.museodegrandas.es\/fr\/le-musee\/02-la-casa-rectoral-presbytere\/02-01-corridor-dentree\/\">anciens corridors (2.1)<\/a> ont alors \u00e9t\u00e9 ferm\u00e9s pour s&rsquo;adapter \u00e0 la nouvelle tendance. Leur fermeture a permis de diversifier les fonctions de ces espaces qui, m\u00eame s&rsquo;ils servaient principalement au stockage et au s\u00e9chage des produits, \u00e9taient dans bien des cas transform\u00e9s en une pi\u00e8ce suppl\u00e9mentaire de la maison.\u00a0 Certaines galeries servaient de chambres \u00e0 coucher ou, comme dans ce cas, \u00e0 certaines activit\u00e9s comme la couture, qui b\u00e9n\u00e9ficiaient de la lumi\u00e8re et de la chaleur de ces pi\u00e8ces.<br \/>\n<!--:--><\/p>\n","protected":false},"excerpt":{"rendered":"<p>Les galeries vitr\u00e9es ont \u00e9t\u00e9 int\u00e9gr\u00e9es aux habitations du monde rural \u00e0 partir du XIXe si\u00e8cle. Bon nombre des anciens corridors (2.1) ont alors \u00e9t\u00e9 ferm\u00e9s pour s&rsquo;adapter \u00e0 la nouvelle tendance. Leur fermeture a permis de diversifier les fonctions de ces espaces qui, m\u00eame s&rsquo;ils servaient principalement au stockage et au s\u00e9chage des produits, [&hellip;]<\/p>\n","protected":false},"author":2,"featured_media":0,"parent":7980,"menu_order":0,"comment_status":"closed","ping_status":"closed","template":"","meta":{"_et_pb_use_builder":"","_et_pb_old_content":"","_et_gb_content_width":""},"_links":{"self":[{"href":"https:\/\/www.museodegrandas.es\/fr\/wp-json\/wp\/v2\/pages\/8031"}],"collection":[{"href":"https:\/\/www.museodegrandas.es\/fr\/wp-json\/wp\/v2\/pages"}],"about":[{"href":"https:\/\/www.museodegrandas.es\/fr\/wp-json\/wp\/v2\/types\/page"}],"author":[{"embeddable":true,"href":"https:\/\/www.museodegrandas.es\/fr\/wp-json\/wp\/v2\/users\/2"}],"replies":[{"embeddable":true,"href":"https:\/\/www.museodegrandas.es\/fr\/wp-json\/wp\/v2\/comments?post=8031"}],"version-history":[{"count":1,"href":"https:\/\/www.museodegrandas.es\/fr\/wp-json\/wp\/v2\/pages\/8031\/revisions"}],"predecessor-version":[{"id":8662,"href":"https:\/\/www.museodegrandas.es\/fr\/wp-json\/wp\/v2\/pages\/8031\/revisions\/8662"}],"up":[{"embeddable":true,"href":"https:\/\/www.museodegrandas.es\/fr\/wp-json\/wp\/v2\/pages\/7980"}],"wp:attachment":[{"href":"https:\/\/www.museodegrandas.es\/fr\/wp-json\/wp\/v2\/media?parent=8031"}],"curies":[{"name":"wp","href":"https:\/\/api.w.org\/{rel}","templated":true}]}}