

{"id":8022,"date":"2022-05-17T10:43:19","date_gmt":"2022-05-17T10:43:19","guid":{"rendered":"https:\/\/www.museodegrandas.es\/02-la-casa-rectoral-presbytere\/02-04-grande-salle-ou-sejour\/"},"modified":"2022-05-24T09:27:15","modified_gmt":"2022-05-24T09:27:15","slug":"02-04-grande-salle-ou-sejour","status":"publish","type":"page","link":"https:\/\/www.museodegrandas.es\/fr\/le-musee\/02-la-casa-rectoral-presbytere\/02-04-grande-salle-ou-sejour\/","title":{"rendered":"02.04.- Grande salle ou s\u00e9jour"},"content":{"rendered":"<p>La grande salle ou s\u00e9jour \u00e0 \u00e9tait une pi\u00e8ce de grande dimension, destin\u00e9e \u00e0 accueillir d&rsquo;importants \u00e9v\u00e9nements sociaux. C&rsquo;\u00e9tait le lieu des banquets lors des jours de f\u00eate, et elles servaient aussi pour les bapt\u00eames, les mariages, les fun\u00e9railles et les r\u00e9unions de femmes qui se retrouvaient pour filer ou coudre.<\/p>\n<p><a href=\"https:\/\/www.museodegrandas.es\/wp-content\/uploads\/2014\/02\/sala.jpg\"><img class=\"aligncenter\" src=\"https:\/\/www.museodegrandas.es\/wp-content\/uploads\/2014\/02\/sala.jpg\" alt=\"sala\" width=\"500\" \/><\/a><\/p>\n<p>Avant le XIXe si\u00e8cle, tr\u00e8s peu de maisons de paysans disposaient d&rsquo;un s\u00e9jour. Ce n&rsquo;est qu&rsquo;\u00e0 partir de la seconde moiti\u00e9 du XIXe si\u00e8cle, avec la g\u00e9n\u00e9ralisation des maisons \u00e0 \u00e9tage, qu&rsquo;il est devenu courant d&rsquo;am\u00e9nager ce type de pi\u00e8ce \u00e0 l&rsquo;\u00e9tage.<br \/>\nDans ces pi\u00e8ces se trouvent les meubles et les objets innovants, qui peu \u00e0 peu entraient dans les usages ruraux traditionnels ; des \u00e9l\u00e9ments de prestige qui en font d&rsquo;authentiques salles de r\u00e9ception et de repr\u00e9sentation. Les familles \u00e9tant g\u00e9n\u00e9ralement compos\u00e9es de nombreuses personnes, ces pi\u00e8ces avaient un caract\u00e8re polyvalent et servaient souvent de chambre \u00e0 coucher.<\/p>\n<p><a href=\"https:\/\/www.museodegrandas.es\/wp-content\/uploads\/2014\/02\/sala2.jpg\"><img class=\"aligncenter\" src=\"https:\/\/www.museodegrandas.es\/wp-content\/uploads\/2014\/02\/sala2.jpg\" alt=\"sala2\" width=\"500\" \/><\/a><!--:--><\/p>\n","protected":false},"excerpt":{"rendered":"<p>La grande salle ou s\u00e9jour \u00e0 \u00e9tait une pi\u00e8ce de grande dimension, destin\u00e9e \u00e0 accueillir d&rsquo;importants \u00e9v\u00e9nements sociaux. C&rsquo;\u00e9tait le lieu des banquets lors des jours de f\u00eate, et elles servaient aussi pour les bapt\u00eames, les mariages, les fun\u00e9railles et les r\u00e9unions de femmes qui se retrouvaient pour filer ou coudre. Avant le XIXe si\u00e8cle, [&hellip;]<\/p>\n","protected":false},"author":2,"featured_media":0,"parent":7980,"menu_order":0,"comment_status":"closed","ping_status":"closed","template":"","meta":{"_et_pb_use_builder":"","_et_pb_old_content":"","_et_gb_content_width":""},"_links":{"self":[{"href":"https:\/\/www.museodegrandas.es\/fr\/wp-json\/wp\/v2\/pages\/8022"}],"collection":[{"href":"https:\/\/www.museodegrandas.es\/fr\/wp-json\/wp\/v2\/pages"}],"about":[{"href":"https:\/\/www.museodegrandas.es\/fr\/wp-json\/wp\/v2\/types\/page"}],"author":[{"embeddable":true,"href":"https:\/\/www.museodegrandas.es\/fr\/wp-json\/wp\/v2\/users\/2"}],"replies":[{"embeddable":true,"href":"https:\/\/www.museodegrandas.es\/fr\/wp-json\/wp\/v2\/comments?post=8022"}],"version-history":[{"count":1,"href":"https:\/\/www.museodegrandas.es\/fr\/wp-json\/wp\/v2\/pages\/8022\/revisions"}],"predecessor-version":[{"id":8661,"href":"https:\/\/www.museodegrandas.es\/fr\/wp-json\/wp\/v2\/pages\/8022\/revisions\/8661"}],"up":[{"embeddable":true,"href":"https:\/\/www.museodegrandas.es\/fr\/wp-json\/wp\/v2\/pages\/7980"}],"wp:attachment":[{"href":"https:\/\/www.museodegrandas.es\/fr\/wp-json\/wp\/v2\/media?parent=8022"}],"curies":[{"name":"wp","href":"https:\/\/api.w.org\/{rel}","templated":true}]}}