

{"id":7991,"date":"2022-05-16T11:57:21","date_gmt":"2022-05-16T11:57:21","guid":{"rendered":"https:\/\/www.museodegrandas.es\/02-la-casa-rectoral-presbytere\/02-01-corridor-dentree\/"},"modified":"2022-05-24T08:21:01","modified_gmt":"2022-05-24T08:21:01","slug":"02-01-corridor-dentree","status":"publish","type":"page","link":"https:\/\/www.museodegrandas.es\/fr\/le-musee\/02-la-casa-rectoral-presbytere\/02-01-corridor-dentree\/","title":{"rendered":"02.01.-Corridor d&rsquo;entr\u00e9e"},"content":{"rendered":"<p>Pr\u00e9c\u00e9dant l&rsquo;entr\u00e9e \u00e0 la Casa Rectoral, se trouve un corridor avec une balustrade en bois qui sert de porte d&rsquo;entr\u00e9e. Les corridors se sont popularis\u00e9s dans l&rsquo;architecture asturienne \u00e0 partir du XVIIIe si\u00e8cle, devenant l&rsquo;un de ses \u00e9l\u00e9ments les plus caract\u00e9ristiques. Ils avaient de multiples fonctions. Normalement orient\u00e9s vers midi ou vers l&rsquo;Est, les corridors constituaient une source de lumi\u00e8re et de chaleur, servant de s\u00e9choirs \u00e0 ma\u00efs et autres produits ou d&rsquo;\u00e9tendoir, prolongeant dans tous les cas l&rsquo;espace utile de l&rsquo;int\u00e9rieur des maisons. Lorsque les toilettes ont commenc\u00e9 \u00e0 devenir populaires \u00e0 la fin du XIXe si\u00e8cle, elles \u00e9taient souvent install\u00e9es, comme dans ce cas, d&rsquo;un c\u00f4t\u00e9 des corridors.<\/p>\n<p><a href=\"https:\/\/www.museodegrandas.es\/wp-content\/uploads\/2014\/02\/corredor-ingreso.jpg\"><img class=\"aligncenter\" src=\"https:\/\/www.museodegrandas.es\/wp-content\/uploads\/2014\/02\/corredor-ingreso.jpg\" alt=\"corredor-ingreso\" width=\"500\" \/><\/a><!--:--><\/p>\n","protected":false},"excerpt":{"rendered":"<p>Pr\u00e9c\u00e9dant l&rsquo;entr\u00e9e \u00e0 la Casa Rectoral, se trouve un corridor avec une balustrade en bois qui sert de porte d&rsquo;entr\u00e9e. Les corridors se sont popularis\u00e9s dans l&rsquo;architecture asturienne \u00e0 partir du XVIIIe si\u00e8cle, devenant l&rsquo;un de ses \u00e9l\u00e9ments les plus caract\u00e9ristiques. Ils avaient de multiples fonctions. Normalement orient\u00e9s vers midi ou vers l&rsquo;Est, les corridors [&hellip;]<\/p>\n","protected":false},"author":2,"featured_media":0,"parent":7980,"menu_order":0,"comment_status":"closed","ping_status":"closed","template":"","meta":{"_et_pb_use_builder":"","_et_pb_old_content":"","_et_gb_content_width":""},"_links":{"self":[{"href":"https:\/\/www.museodegrandas.es\/fr\/wp-json\/wp\/v2\/pages\/7991"}],"collection":[{"href":"https:\/\/www.museodegrandas.es\/fr\/wp-json\/wp\/v2\/pages"}],"about":[{"href":"https:\/\/www.museodegrandas.es\/fr\/wp-json\/wp\/v2\/types\/page"}],"author":[{"embeddable":true,"href":"https:\/\/www.museodegrandas.es\/fr\/wp-json\/wp\/v2\/users\/2"}],"replies":[{"embeddable":true,"href":"https:\/\/www.museodegrandas.es\/fr\/wp-json\/wp\/v2\/comments?post=7991"}],"version-history":[{"count":2,"href":"https:\/\/www.museodegrandas.es\/fr\/wp-json\/wp\/v2\/pages\/7991\/revisions"}],"predecessor-version":[{"id":8656,"href":"https:\/\/www.museodegrandas.es\/fr\/wp-json\/wp\/v2\/pages\/7991\/revisions\/8656"}],"up":[{"embeddable":true,"href":"https:\/\/www.museodegrandas.es\/fr\/wp-json\/wp\/v2\/pages\/7980"}],"wp:attachment":[{"href":"https:\/\/www.museodegrandas.es\/fr\/wp-json\/wp\/v2\/media?parent=7991"}],"curies":[{"name":"wp","href":"https:\/\/api.w.org\/{rel}","templated":true}]}}