

{"id":7980,"date":"2022-05-16T11:30:38","date_gmt":"2022-05-16T11:30:38","guid":{"rendered":"https:\/\/www.museodegrandas.es\/02-la-casa-rectoral-presbytere\/"},"modified":"2022-05-24T08:19:14","modified_gmt":"2022-05-24T08:19:14","slug":"02-la-casa-rectoral-presbytere","status":"publish","type":"page","link":"https:\/\/www.museodegrandas.es\/fr\/le-musee\/02-la-casa-rectoral-presbytere\/","title":{"rendered":"02.- La casa rectoral \/ presbyt\u00e8re"},"content":{"rendered":"<p><!--:es--><a href=\"http:\/\/www.museodegrandas.es\/wp-content\/uploads\/2014\/02\/plano-rectoral.jpg\"><img loading=\"lazy\" class=\"size-full wp-image-7981 aligncenter\" src=\"http:\/\/www.museodegrandas.es\/wp-content\/uploads\/2014\/02\/plano-rectoral.jpg\" alt=\"plano-rectoral\" width=\"600\" height=\"316\" \/><\/a>L&rsquo;ancien presbyt\u00e8re de la paroisse de Grandas de Salime a \u00e9t\u00e9 r\u00e9nov\u00e9 en 1989 et a \u00e9t\u00e9 le premier lieu d&rsquo;accueil de la collection du Mus\u00e9e ethnographique \u00e0 son\u00a0 emplacement actuel. Le b\u00e2timent a fait l&rsquo;objet de travaux de restauration modifiant l\u00e9g\u00e8rement l&rsquo;aspect ext\u00e9rieur, et apportant des changements plus importants \u00e0 l&rsquo;int\u00e9rieur, afin de l&rsquo;adapter \u00e0 sa nouvelle fonction. Certaines portes des salles proviennent de la Casa Guzm\u00e1n, maison de la famille Guzm\u00e1n de Samart\u00edn de Ozcos. La Casa Rectoral fut construite en 1814 \u00e0 l&#8217;emplacement d&rsquo;un presbyt\u00e8re plus ancien, d\u00e9moli en raison de son mauvais \u00e9tat. Sa reconstruction s&rsquo;av\u00e9rait d\u00e9j\u00e0 n\u00e9cessaire \u00e0 la fin du XVIIIe si\u00e8cle. Mais les travaux furent retard\u00e9s, tout d&rsquo;abord par manque d&rsquo;argent puis, plus tard, en raison de la guerre d&rsquo;ind\u00e9pendance, apr\u00e8s laquelle a commenc\u00e9 la construction du b\u00e2timent tel que nous le connaissons aujourd&rsquo;hui.<\/p>\n<p style=\"text-align: center;\"><a href=\"https:\/\/www.museodegrandas.es\/wp-content\/uploads\/2014\/02\/rectoral.jpg\"><img class=\"aligncenter\" src=\"https:\/\/www.museodegrandas.es\/wp-content\/uploads\/2014\/02\/rectoral.jpg\" alt=\"rectoral\" width=\"500\" \/><\/a><\/p>\n<p>En 1814, le Libro de F\u00e1brica (journal de chantier) de la paroisse faisant \u00e9tant d&rsquo;une d\u00e9pense de \u00ab1 711 r\u00e9aux et 21 marav\u00e9dis que les paroissiens ont pr\u00e9lev\u00e9s sur les fonds paroissiaux pour d\u00e9marrer la Casa Rectoral\u00bb. Les travaux ont dur\u00e9 plusieurs ann\u00e9es, pour un co\u00fbt total de 16 513 r\u00e9aux. 7 643 r\u00e9aux furent destin\u00e9s \u00e0 l&rsquo;achat de mat\u00e9riaux : \u00ab mille soixante trav\u00e9es de planches ; \u00ab poutres, bois \u00e9pais, solives, colonnes et bordures \u00bb ; \u00ab clous de toutes sortes, charni\u00e8res de toutes sortes, heurtoirs de porte et serrures \u00bb ; \u00ab la dalle et son acheminement \u00bb; \u00ab la chaux et le sable et leur acheminement \u00bb\u00a0 et \u00ab la pierre taill\u00e9e pour les portes et les fen\u00eatres \u00bb. Les salaires des charpentiers, des tailleurs de pierre et des forgerons s&rsquo;\u00e9levaient \u00e0 8 870 r\u00e9aux.<\/p>\n<p>Le presbyt\u00e8re d&rsquo;origine avait un grenier qui a \u00e9t\u00e9 d\u00e9moli au d\u00e9but du XIXe si\u00e8cle. Dans une soci\u00e9t\u00e9 avant tout paysanne, ces constructions \u00e9taient essentielles pour permettre le stockage et la conservation des produits, raison qui conduisit la paroisse en 1828 \u00e0 remplacer, en 1828, le h\u00f3rreo (grenier) d\u00e9mont\u00e9 en utilisant les \u00ab huit cents r\u00e9aux que co\u00fbtaient la panera ou orrio (grenier) qui se trouve dans la cour du presbyt\u00e8re pour recueillir le pain de la d\u00eeme, sans lequel il \u00e9tait impossible de passer, prix et montant estim\u00e9 par le charpentier Don Manuel Cotarelo, habitant Balmaior [Bormaior] \u00bb. Le nouveau h\u00f3rreo fut achemin\u00e9 jusqu&rsquo;au village de Malneira, situ\u00e9 \u00e0 5 km de Grandas de Salime, et 112 r\u00e9aux ont d\u00fb \u00eatre pay\u00e9s pour le d\u00e9monter, le transporter et l&rsquo;acheminer jusqu&rsquo;au presbyt\u00e8re, op\u00e9ration pour laquelle \u00ab vingt chariots ont \u00e9t\u00e9 utilis\u00e9s \u00bb. Enfin, 367 r\u00e9aux furent d\u00e9pens\u00e9s pour assembler le h\u00f3rreo et construire une \u00e9curie ou une cave en dessous de celle-ci, ainsi que pour payer cinq chariots de dalles qui furent apport\u00e9s de Pelorde (Pez\u00f3s\/Pesoz), deux cents clous \u00e0 dalle et la planche pour couvrir l&rsquo;\u00e9curie. L&rsquo;h\u00f3rreo et sa cave ont \u00e9t\u00e9 d\u00e9molis au d\u00e9but du XXe si\u00e8cle.<\/p>\n<p>Le b\u00e2timent du presbyt\u00e8re du XIXe si\u00e8cle r\u00e9pond pleinement aux crit\u00e8res de l&rsquo;architecture populaire de la r\u00e9gion. Le mat\u00e9riau de construction de base et presque exclusif est l&rsquo;ardoise, utilis\u00e9e dans la ma\u00e7onnerie des murs, l&rsquo;encadrement des ouvertures et les toitures. La menuiserie est en bois de ch\u00e2taignier et, dans une moindre mesure, en ch\u00eane. Les murs ext\u00e9rieurs sont cr\u00e9pis, une finition \u00e9minemment fonctionnelle qui favorise l&rsquo;\u00e9tanch\u00e9it\u00e9 des murs et qui n&rsquo;\u00e9tait \u00e0 la port\u00e9e que des propri\u00e9taires les plus fortun\u00e9s. Le b\u00e2timent, avant d&rsquo;\u00eatre transform\u00e9 en mus\u00e9e, r\u00e9servait l&rsquo;\u00e9tage sup\u00e9rieur au logement, comprenant une lareira ou cuisine, un s\u00e9jour, une chambre, un bureau pour le pr\u00eatre et quelques autres pi\u00e8ces ; tandis que les \u00e9curies et la cave \u00e9taient situ\u00e9es \u00e0 l&rsquo;\u00e9tage inf\u00e9rieur.<\/p>\n<p><!--:--><\/p>\n","protected":false},"excerpt":{"rendered":"<p>L&rsquo;ancien presbyt\u00e8re de la paroisse de Grandas de Salime a \u00e9t\u00e9 r\u00e9nov\u00e9 en 1989 et a \u00e9t\u00e9 le premier lieu d&rsquo;accueil de la collection du Mus\u00e9e ethnographique \u00e0 son\u00a0 emplacement actuel. Le b\u00e2timent a fait l&rsquo;objet de travaux de restauration modifiant l\u00e9g\u00e8rement l&rsquo;aspect ext\u00e9rieur, et apportant des changements plus importants \u00e0 l&rsquo;int\u00e9rieur, afin de l&rsquo;adapter [&hellip;]<\/p>\n","protected":false},"author":2,"featured_media":0,"parent":8336,"menu_order":0,"comment_status":"closed","ping_status":"closed","template":"","meta":{"_et_pb_use_builder":"off","_et_pb_old_content":"","_et_gb_content_width":""},"_links":{"self":[{"href":"https:\/\/www.museodegrandas.es\/fr\/wp-json\/wp\/v2\/pages\/7980"}],"collection":[{"href":"https:\/\/www.museodegrandas.es\/fr\/wp-json\/wp\/v2\/pages"}],"about":[{"href":"https:\/\/www.museodegrandas.es\/fr\/wp-json\/wp\/v2\/types\/page"}],"author":[{"embeddable":true,"href":"https:\/\/www.museodegrandas.es\/fr\/wp-json\/wp\/v2\/users\/2"}],"replies":[{"embeddable":true,"href":"https:\/\/www.museodegrandas.es\/fr\/wp-json\/wp\/v2\/comments?post=7980"}],"version-history":[{"count":6,"href":"https:\/\/www.museodegrandas.es\/fr\/wp-json\/wp\/v2\/pages\/7980\/revisions"}],"predecessor-version":[{"id":8654,"href":"https:\/\/www.museodegrandas.es\/fr\/wp-json\/wp\/v2\/pages\/7980\/revisions\/8654"}],"up":[{"embeddable":true,"href":"https:\/\/www.museodegrandas.es\/fr\/wp-json\/wp\/v2\/pages\/8336"}],"wp:attachment":[{"href":"https:\/\/www.museodegrandas.es\/fr\/wp-json\/wp\/v2\/media?parent=7980"}],"curies":[{"name":"wp","href":"https:\/\/api.w.org\/{rel}","templated":true}]}}