

{"id":7979,"date":"2022-05-16T11:24:59","date_gmt":"2022-05-16T11:24:59","guid":{"rendered":"https:\/\/www.museodegrandas.es\/01-le-cabanon\/"},"modified":"2022-05-24T07:54:56","modified_gmt":"2022-05-24T07:54:56","slug":"01-le-cabanon","status":"publish","type":"page","link":"https:\/\/www.museodegrandas.es\/fr\/le-musee\/01-le-cabanon\/","title":{"rendered":"01.- Le Caban\u00f3n"},"content":{"rendered":"<p>Le caban\u00f3n d\u00e9signe l&rsquo;espace couvert auquel on acc\u00e8de apr\u00e8s avoir franchi l&rsquo;entr\u00e9e du mus\u00e9e. Le linteau de la grande porte d&rsquo;acc\u00e8s et l&rsquo;arc en plein cintre qui s&rsquo;ouvre entre le caban\u00f3n et le corridor, proviennent des ruines de Salime, village de la commune qui en 1953 a \u00e9t\u00e9 submerg\u00e9e par les eaux du lac de barrage du m\u00eame nom.<br \/>\nLe caban\u00f3n servait \u00e0 mettre \u00e0 l&rsquo;abri le mat\u00e9riel agricole, en particulier les outils de trait m\u00fb par la force des vaches et des b\u0153ufs. Parmi les pi\u00e8ces expos\u00e9es figure notamment une charrette, v\u00e9hicule essentiel du travail paysan, utilis\u00e9 pour transporter l&rsquo;herbe, le fumier et les r\u00e9coltes. Sur la charrette, vous pouvez voir plusieurs grades (herses), utilis\u00e9es pour \u00e9mietter les mottes de cultures.<\/p>\n<p><img src=\"https:\/\/www.museodegrandas.es\/wp-content\/uploads\/2014\/02\/cabanon.jpg\" \/><\/p>\n<p>Ces \u00e9l\u00e9ments sont accompagn\u00e9s d&rsquo;une s\u00e9lection d&rsquo;outils de base utilis\u00e9s pour le semis et la tonte. Parmi eux sont expos\u00e9s des gada\u00f1as (faux) et des angazos (r\u00e2teaux en bois) pour tondre et ramasser l&rsquo;herbe, des picas del toxo, des piques utilis\u00e9es pour morceler les ajoncs qui \u00e9taient donn\u00e9s aux chevaux, ou encore diff\u00e9rents types de charrues : araos de pao (charrues en bois) avec ou sans socs, des charrues \u00e0 versoirs en fer en fer ou encore des charrues sp\u00e9cifiquement destin\u00e9es \u00e0 d\u00e9fricher les terres en montagne et semer du bl\u00e9 ou du seigle, appel\u00e9es\u00a0cambelas.<\/p>\n<p><img src=\"https:\/\/www.museodegrandas.es\/wp-content\/uploads\/2014\/02\/cabanon2.jpg\" alt=\"cabanon2\" \/><\/p>\n","protected":false},"excerpt":{"rendered":"<p>Le caban\u00f3n d\u00e9signe l&rsquo;espace couvert auquel on acc\u00e8de apr\u00e8s avoir franchi l&rsquo;entr\u00e9e du mus\u00e9e. Le linteau de la grande porte d&rsquo;acc\u00e8s et l&rsquo;arc en plein cintre qui s&rsquo;ouvre entre le caban\u00f3n et le corridor, proviennent des ruines de Salime, village de la commune qui en 1953 a \u00e9t\u00e9 submerg\u00e9e par les eaux du lac de [&hellip;]<\/p>\n","protected":false},"author":2,"featured_media":0,"parent":8336,"menu_order":0,"comment_status":"closed","ping_status":"closed","template":"","meta":{"_et_pb_use_builder":"off","_et_pb_old_content":"","_et_gb_content_width":""},"_links":{"self":[{"href":"https:\/\/www.museodegrandas.es\/fr\/wp-json\/wp\/v2\/pages\/7979"}],"collection":[{"href":"https:\/\/www.museodegrandas.es\/fr\/wp-json\/wp\/v2\/pages"}],"about":[{"href":"https:\/\/www.museodegrandas.es\/fr\/wp-json\/wp\/v2\/types\/page"}],"author":[{"embeddable":true,"href":"https:\/\/www.museodegrandas.es\/fr\/wp-json\/wp\/v2\/users\/2"}],"replies":[{"embeddable":true,"href":"https:\/\/www.museodegrandas.es\/fr\/wp-json\/wp\/v2\/comments?post=7979"}],"version-history":[{"count":4,"href":"https:\/\/www.museodegrandas.es\/fr\/wp-json\/wp\/v2\/pages\/7979\/revisions"}],"predecessor-version":[{"id":8651,"href":"https:\/\/www.museodegrandas.es\/fr\/wp-json\/wp\/v2\/pages\/7979\/revisions\/8651"}],"up":[{"embeddable":true,"href":"https:\/\/www.museodegrandas.es\/fr\/wp-json\/wp\/v2\/pages\/8336"}],"wp:attachment":[{"href":"https:\/\/www.museodegrandas.es\/fr\/wp-json\/wp\/v2\/media?parent=7979"}],"curies":[{"name":"wp","href":"https:\/\/api.w.org\/{rel}","templated":true}]}}