

{"id":7959,"date":"2022-05-13T14:18:39","date_gmt":"2022-05-13T14:18:39","guid":{"rendered":"https:\/\/www.museodegrandas.es\/horaires-et-tarifs\/"},"modified":"2026-03-04T11:08:13","modified_gmt":"2026-03-04T11:08:13","slug":"horaires-et-tarifs","status":"publish","type":"page","link":"https:\/\/www.museodegrandas.es\/fr\/horaires-et-tarifs\/","title":{"rendered":"Horaires et tarifs"},"content":{"rendered":"<h2 style=\"text-align: center;\">HORAIRES<\/h2>\n<hr \/>\n<h3><\/h3>\n<h3>Du janvier \u00e0 avril et d\u2019octobre \u00e0 d\u00e9cembre 2026<\/h3>\n<ul>\n<li>Du mardi au vendredi, de 11\u00a0h\u00a000 \u00e0 14\u00a0h\u00a000 et de 16\u00a0h\u00a000 \u00e0 18\u00a0h\u00a030.<\/li>\n<li>Samedi de 11\u00a0h\u00a000 \u00e0 14\u00a0h\u00a030 et de 16\u00a0h\u00a000 \u00e0 18\u00a0h\u00a030.<\/li>\n<li>Dimanche et jours f\u00e9ri\u00e9s (1er novembre et 6 et 8 d\u00e9cembre), de 11 h 00 \u00e0 15 h 00.<\/li>\n<li>Lundi ferm\u00e9. Ferm\u00e9: 12 octobre.<\/li>\n<li><strong>Ferm\u00e9<\/strong>: les 1 et 6 janvier; 24, 25 et 31 d\u00e9cembre.<\/li>\n<li><strong>Horaire sp\u00e9cial Semaine sainte<\/strong> (du jeudi au samedi), de 11\u00a0h\u00a000 \u00e0 14\u00a0h\u00a030 et de 16\u00a0h\u00a000 \u00e0 19\u00a0h\u00a030.<\/li>\n<\/ul>\n<h3><\/h3>\n<h3>De mai \u00e0 septembre 2026<\/h3>\n<ul>\n<li>Du mardi au samedi, de 11\u00a0h\u00a000 \u00e0 14\u00a0h\u00a030 et de 16\u00a0h\u00a000 \u00e0 19\u00a0h\u00a030.<\/li>\n<li>Dimanche et jours f\u00e9ri\u00e9s (1 mai, 15 ao\u00fbt et 8 septembre), de 11 h 00 \u00e0 15 h 00.<\/li>\n<li>Lundi ferm\u00e9. Ferm\u00e9 3 ao\u00fbt et 7 septembre).<\/li>\n<\/ul>\n<p>&nbsp;<\/p>\n<h3><\/h3>\n<h2 style=\"text-align: center;\">TARIFS<\/h2>\n<hr \/>\n<h3><\/h3>\n<p>&nbsp;<\/p>\n<h3>G\u00e9n\u00e9ral: 1,50 \u20ac<\/h3>\n<h3>\u00a0Enfants de 6 \u00e0 12 ans: 0,30 \u20ac<\/h3>\n<h3>\u00a0R\u00e9duit: 0,75 \u20ac<\/h3>\n<ul>\n<li style=\"list-style-type: none;\">\n<ul>\n<li>Groupes \u00e0 partir de 15 personnes.<\/li>\n<li>Famille nombreuse.<\/li>\n<li>Membres du\u00a0<a href=\"http:\/\/www.clubculturaasturias.com\/\">Club Cultura Asturias<\/a>, et titulaires d\u2019un <a href=\"https:\/\/www.laboralciudaddelacultura.com\/carnet-escolar\">carnet scolaire<\/a>\u00a0ou du <a href=\"https:\/\/www.turismoasturias.es\/pasaporte-cultural\">Pasaporte Cultural.<\/a><\/li>\n<li>Sur pr\u00e9sentation du billet pour le\u00a0<a href=\"http:\/\/www.museojurasicoasturias.com\/\">Mus\u00e9e du Jurassique des Asturies<\/a>, le\u00a0<a href=\"http:\/\/www.parquedelaprehistoria.es\/\">Parc de la Pr\u00e9histoire de Teverga<\/a>, le\u00a0<a href=\"http:\/\/www.centrodearterupestredetitobustillo.com\/\">Centred&rsquo;art rupestre Tito Bustillo<\/a>\u00a0et le\u00a0<a href=\"http:\/\/www.laboralciudaddelacultura.com\/\">Laboral Ciudad de la Cultura<\/a>.<\/li>\n<li>Autres cat\u00e9gories de visiteurs b\u00e9n\u00e9ficiant d&rsquo;un tarif r\u00e9duit:\u00a0<a href=\"https:\/\/eyca.org\/\" target=\"_blank\" rel=\"noopener\">Carte jeune,\u00a0<\/a><a href=\"http:\/\/www.reaj.com\/\" target=\"_blank\" rel=\"noopener\">H\u00f4tes des Auberges,\u00a0<\/a><a href=\"http:\/\/www.elclubdemicaja.es\/\" target=\"_blank\" rel=\"noopener\">Club Infantil Caja Rural,\u00a0<\/a><a href=\"https:\/\/www.euro6000.com\/descuento\/-parque-de-la-prehistoria-406\" target=\"_blank\" rel=\"noopener\">Cup\u00f3n de descuento EURO 6000.<\/a><\/li>\n<\/ul>\n<\/li>\n<\/ul>\n<h3>\u00a0Gratuit\u00a0:<\/h3>\n<ul>\n<li style=\"list-style-type: none;\">\n<ul>\n<li>Enfants de 0 \u00e0 5 ans.<\/li>\n<li>Tous les mardis de l&rsquo;ann\u00e9e.<\/li>\n<li>Groupes scolaires sur r\u00e9servation.<\/li>\n<li>Le 18 mai, journ\u00e9e internationale des mus\u00e9es.<\/li>\n<li>Sur pr\u00e9sentation d\u2019un justificatif\u00a0:\n<ul>\n<li>Guides touristiques professionnels.<\/li>\n<li>Ch\u00f4meurs.<\/li>\n<li>Habitants de la commune de Grandas de Salime.<\/li>\n<li>Enseignants.<\/li>\n<li>Membres des organisations suivantes\u00a0:\u00a0<a href=\"https:\/\/redmeda.com\/\">Red de Museos Etnogr\u00e1ficos de Asturias (REDMEDA)<\/a>,\u00a0<a href=\"https:\/\/icom.museum\/es\/\">Consejo Internacional de Museos (ICOM)<\/a>, Asociaci\u00f3n Profesional de Muse\u00f3logos de Espa\u00f1a (APME),\u00a0<a href=\"https:\/\/www.anabad.org\/\">Asociaci\u00f3n Nacional de Archiveros, Bibliotecarios y Muse\u00f3logos (ANABAD)<\/a>\u00a0et\u00a0<a href=\"https:\/\/www.museologia.net\/\">Asociaci\u00f3n Espa\u00f1ola de Muse\u00f3logos (AEM)<\/a>.<\/li>\n<\/ul>\n<\/li>\n<\/ul>\n<\/li>\n<\/ul>\n","protected":false},"excerpt":{"rendered":"<p>HORAIRES Du janvier \u00e0 avril et d\u2019octobre \u00e0 d\u00e9cembre 2026 Du mardi au vendredi, de 11\u00a0h\u00a000 \u00e0 14\u00a0h\u00a000 et de 16\u00a0h\u00a000 \u00e0 18\u00a0h\u00a030. Samedi de 11\u00a0h\u00a000 \u00e0 14\u00a0h\u00a030 et de 16\u00a0h\u00a000 \u00e0 18\u00a0h\u00a030. Dimanche et jours f\u00e9ri\u00e9s (1er novembre et 6 et 8 d\u00e9cembre), de 11 h 00 \u00e0 15 h 00. Lundi ferm\u00e9. Ferm\u00e9: [&hellip;]<\/p>\n","protected":false},"author":2,"featured_media":0,"parent":0,"menu_order":0,"comment_status":"closed","ping_status":"closed","template":"","meta":{"_et_pb_use_builder":"off","_et_pb_old_content":"","_et_gb_content_width":""},"_links":{"self":[{"href":"https:\/\/www.museodegrandas.es\/fr\/wp-json\/wp\/v2\/pages\/7959"}],"collection":[{"href":"https:\/\/www.museodegrandas.es\/fr\/wp-json\/wp\/v2\/pages"}],"about":[{"href":"https:\/\/www.museodegrandas.es\/fr\/wp-json\/wp\/v2\/types\/page"}],"author":[{"embeddable":true,"href":"https:\/\/www.museodegrandas.es\/fr\/wp-json\/wp\/v2\/users\/2"}],"replies":[{"embeddable":true,"href":"https:\/\/www.museodegrandas.es\/fr\/wp-json\/wp\/v2\/comments?post=7959"}],"version-history":[{"count":18,"href":"https:\/\/www.museodegrandas.es\/fr\/wp-json\/wp\/v2\/pages\/7959\/revisions"}],"predecessor-version":[{"id":11326,"href":"https:\/\/www.museodegrandas.es\/fr\/wp-json\/wp\/v2\/pages\/7959\/revisions\/11326"}],"wp:attachment":[{"href":"https:\/\/www.museodegrandas.es\/fr\/wp-json\/wp\/v2\/media?parent=7959"}],"curies":[{"name":"wp","href":"https:\/\/api.w.org\/{rel}","templated":true}]}}