

{"id":7926,"date":"2022-05-13T14:13:12","date_gmt":"2022-05-13T14:13:12","guid":{"rendered":"https:\/\/www.museodegrandas.es\/espace-de-conservation\/"},"modified":"2022-07-20T04:28:13","modified_gmt":"2022-07-20T04:28:13","slug":"espace-de-conservation","status":"publish","type":"page","link":"https:\/\/www.museodegrandas.es\/fr\/espace-de-conservation\/","title":{"rendered":"Espace de conservation"},"content":{"rendered":"<h3><\/h3>\n<h3>Conservation Pr\u00e9ventive<\/h3>\n<hr \/>\n<p>Le Mus\u00e9e ethnographique de Grandas de Salime \u00ab\u00a0Pepe el Ferreiro\u00a0\u00bb abrite une des plus importantes collections dans le domaine des mus\u00e9es de cette nature. Au volume des fonds, il faut ajouter la grande vari\u00e9t\u00e9 de ses supports mat\u00e9riels, avec une pr\u00e9dominance du bois et du m\u00e9tal.<\/p>\n<p>Les dimensions des installations et la diversit\u00e9 des situations d\u2019exposition constituent un facteur de risque ajout\u00e9 pour la conservation des pi\u00e8ces qui sont soumises \u00e0 des processus d\u2019alt\u00e9ration tr\u00e8s changeants selon qu\u2019ils sont expos\u00e9s \u00e0 l&rsquo;ext\u00e9rieur ou \u00e0 l\u2019int\u00e9rieur.<\/p>\n<p>La pr\u00e9vention est la meilleure fa\u00e7on de garantir la pr\u00e9servation des fonds. Le d\u00e9partement de conservation du Mus\u00e9e assure une r\u00e9vision p\u00e9riodique programm\u00e9e de toutes les collections qui permet de pr\u00e9voir et d\u2019\u00e9viter les processus de d\u00e9t\u00e9rioration des pi\u00e8ces gr\u00e2ce \u00e0 des actions d\u2019entretien pr\u00e9ventives et non intrusives.<\/p>\n<p style=\"text-align: center;\"><b><a style=\"font-weight: bold;\" href=\"https:\/\/www.museodegrandas.es\/wp-content\/uploads\/2014\/03\/1-PREVENTIVA-SRA.jpg\"><img loading=\"lazy\" class=\"wp-image-7927\" title=\"Conservaci\u00f3n preventiva\" src=\"https:\/\/www.museodegrandas.es\/wp-content\/uploads\/2014\/03\/1-PREVENTIVA-SRA.jpg\" alt=\"Fotograf\u00eda: S. Rodr\u00edguez. Asociaci\u00f3n de Amigos MEGS\" width=\"400\" height=\"266\" \/><\/a><\/b><\/p>\n<p style=\"text-align: left;\">Application du traitement pr\u00e9ventif contre les mites.<\/p>\n<div id=\"attachment_2173\" style=\"width: 276px\" class=\"wp-caption aligncenter\"><a href=\"https:\/\/www.museodegrandas.es\/wp-content\/uploads\/2014\/03\/2-PREVENTIVA-SRA.jpg\"><img aria-describedby=\"caption-attachment-2173\" loading=\"lazy\" class=\"wp-image-7931 aligncenter\" title=\"Conservaci\u00f3n preventiva\" src=\"https:\/\/www.museodegrandas.es\/wp-content\/uploads\/2014\/03\/2-PREVENTIVA-SRA.jpg\" alt=\"Fotograf\u00eda: S. Rodr\u00edguez. Asociaci\u00f3n de Amigos MEGS\" width=\"266\" height=\"400\" \/><\/a><p id=\"caption-attachment-2173\" class=\"wp-caption-text\">Application d\u2019une couche protectrice de cire naturelle.<\/p><\/div>\n<h3><\/h3>\n<h3>Restauration de pi\u00e8ces<\/h3>\n<hr \/>\n<p>Parmi les t\u00e2ches de l\u2019espace de conservation du Mus\u00e9e, il y a la restauration des pi\u00e8ces du fonds pour leur exposition au public. Ces interventions sont r\u00e9alis\u00e9es dans un double objectif\u00a0:<\/p>\n<ul>\n<li>Redonner aux objets leur physionomie originale lorsque cela est n\u00e9cessaire \u00e0 leur compr\u00e9hension et\/ou pour garantir leur stabilit\u00e9.<\/li>\n<li>R\u00e9cup\u00e9rer la fonctionnalit\u00e9 des pi\u00e8ces. Depuis sa cr\u00e9ation, le Mus\u00e9e a eu parmi ses priorit\u00e9s la transmission de la valeur ajout\u00e9e des objets en tant que documents historiques et vecteurs de transmission de techniques et de connaissances. En les restaurant, les professionnels redonnent une nouvelle vie utile \u00e0 chaque objet et les pi\u00e8ces deviennent ainsi des outils didactiques de premier ordre.<\/li>\n<\/ul>\n<p>Les interventions de restauration sont faites suivant les crit\u00e8res g\u00e9n\u00e9ralement accept\u00e9s pour ce type de travaux, notamment en utilisant des \u00e9l\u00e9ments non agressifs et facilement diff\u00e9rentiables des parties originales des pi\u00e8ces.<\/p>\n<p><a href=\"http:\/\/www.museodegrandas.es\/wp-content\/uploads\/2014\/03\/1-recuperacion-SRA.jpg\"><img loading=\"lazy\" class=\"wp-image-7935 alignnone\" title=\"Proceso de recuperaci\u00f3n de un volante de torno.\" src=\"https:\/\/www.museodegrandas.es\/wp-content\/uploads\/2014\/03\/1-recuperacion-SRA-150x150.jpg\" alt=\"Fotograf\u00eda: S. Rodr\u00edguez. Asociaci\u00f3n de Amigos MEGS\" width=\"170\" height=\"170\" \/> <\/a><a href=\"http:\/\/www.museodegrandas.es\/wp-content\/uploads\/2014\/03\/2-recuperacion-SRA.jpg\"><img loading=\"lazy\" class=\"wp-image-7939 alignnone\" title=\"Proceso de recuperaci\u00f3n de un volante de torno.\" src=\"https:\/\/www.museodegrandas.es\/wp-content\/uploads\/2014\/03\/2-recuperacion-SRA-150x150.jpg\" alt=\"Fotograf\u00eda: S. Rodr\u00edguez. Asociaci\u00f3n de Amigos MEGS\" width=\"170\" height=\"170\" \/><\/a> <a href=\"http:\/\/www.museodegrandas.es\/wp-content\/uploads\/2014\/03\/3-recuperacion-SRA.jpg\"><img loading=\"lazy\" class=\"wp-image-7943 alignnone\" title=\"Proceso de recuperaci\u00f3n de un volante de torno.\" src=\"https:\/\/www.museodegrandas.es\/wp-content\/uploads\/2014\/03\/3-recuperacion-SRA-150x150.jpg\" alt=\"Fotograf\u00eda: S. Rodr\u00edguez. Asociaci\u00f3n de Amigos MEGS\" width=\"172\" height=\"172\" \/><\/a> <img loading=\"lazy\" class=\"wp-image-7947 alignnone\" title=\"Proceso de recuperaci\u00f3n de un volante de torno.\" src=\"https:\/\/www.museodegrandas.es\/wp-content\/uploads\/2014\/03\/4-recuperacion-SRA-150x150.jpg\" alt=\"Fotograf\u00eda: S. Rodr\u00edguez. Asociaci\u00f3n de Amigos MEGS\" width=\"170\" height=\"170\" \/> <a href=\"http:\/\/www.museodegrandas.es\/wp-content\/uploads\/2014\/03\/5-recuperacion-SRA.jpg\"><img loading=\"lazy\" class=\"wp-image-7951 alignnone\" title=\"Proceso de recuperaci\u00f3n de un volante de torno.\" src=\"https:\/\/www.museodegrandas.es\/wp-content\/uploads\/2014\/03\/5-recuperacion-SRA-150x150.jpg\" alt=\"Fotograf\u00eda: S. Rodr\u00edguez. Asociaci\u00f3n de Amigos MEGS\" width=\"170\" height=\"170\" \/>\u00a0 \u00a0<\/a><\/p>\n<h3><\/h3>\n<h3>Reproductions<\/h3>\n<hr \/>\n<p>Parfois, en raison de l\u2019\u00e9tat de conservation des pi\u00e8ces acquises par l\u2019institution, il n\u2019est pas possible de les restaurer ou de les exposer au public.<\/p>\n<p>Dans ce cas, des reproductions grandeur nature sont r\u00e9alis\u00e9es dans l&rsquo;atelier de conservation afin de compl\u00e9ter l\u2019exposition sans risquer d\u2019endommager les objets originaux.<\/p>\n<p>Les reproductions servent aussi \u00e0 compl\u00e9ter les unit\u00e9s d\u2019exposition lorsqu\u2019elles sont incompl\u00e8tes. Dans ce cas, le d\u00e9partement de conservation est charg\u00e9 de r\u00e9aliser des r\u00e9pliques des \u00e9l\u00e9ments qui manquent au mus\u00e9e mais qui sont n\u00e9cessaires pour donner une coh\u00e9rence \u00e0 l\u2019unit\u00e9.<\/p>\n<div id=\"attachment_2293\" style=\"width: 610px\" class=\"wp-caption aligncenter\"><a href=\"https:\/\/www.museodegrandas.es\/wp-content\/uploads\/2014\/03\/3-reproduccion-SRA.jpg\"><img aria-describedby=\"caption-attachment-2293\" loading=\"lazy\" class=\" wp-image-5524 \" title=\"Reproducciones\" src=\"https:\/\/www.museodegrandas.es\/wp-content\/uploads\/2014\/03\/3-reproduccion-SRA.jpg\" alt=\"Fotograf\u00eda: S. Rodr\u00edguez. Asociaci\u00f3n de Amigos MEGS\" width=\"600\" height=\"363\" \/><\/a><p id=\"caption-attachment-2293\" class=\"wp-caption-text\">R\u00e9plique d\u2019une carafe en bois \u00e9labor\u00e9e \u00e0 partir d\u2019un original pr\u00e9sentant de graves d\u00e9fauts de conservation.<\/p><\/div>\n","protected":false},"excerpt":{"rendered":"<p>Conservation Pr\u00e9ventive Le Mus\u00e9e ethnographique de Grandas de Salime \u00ab\u00a0Pepe el Ferreiro\u00a0\u00bb abrite une des plus importantes collections dans le domaine des mus\u00e9es de cette nature. Au volume des fonds, il faut ajouter la grande vari\u00e9t\u00e9 de ses supports mat\u00e9riels, avec une pr\u00e9dominance du bois et du m\u00e9tal. Les dimensions des installations et la diversit\u00e9 [&hellip;]<\/p>\n","protected":false},"author":2,"featured_media":0,"parent":0,"menu_order":0,"comment_status":"closed","ping_status":"closed","template":"","meta":{"_et_pb_use_builder":"","_et_pb_old_content":"","_et_gb_content_width":""},"_links":{"self":[{"href":"https:\/\/www.museodegrandas.es\/fr\/wp-json\/wp\/v2\/pages\/7926"}],"collection":[{"href":"https:\/\/www.museodegrandas.es\/fr\/wp-json\/wp\/v2\/pages"}],"about":[{"href":"https:\/\/www.museodegrandas.es\/fr\/wp-json\/wp\/v2\/types\/page"}],"author":[{"embeddable":true,"href":"https:\/\/www.museodegrandas.es\/fr\/wp-json\/wp\/v2\/users\/2"}],"replies":[{"embeddable":true,"href":"https:\/\/www.museodegrandas.es\/fr\/wp-json\/wp\/v2\/comments?post=7926"}],"version-history":[{"count":1,"href":"https:\/\/www.museodegrandas.es\/fr\/wp-json\/wp\/v2\/pages\/7926\/revisions"}],"predecessor-version":[{"id":8981,"href":"https:\/\/www.museodegrandas.es\/fr\/wp-json\/wp\/v2\/pages\/7926\/revisions\/8981"}],"wp:attachment":[{"href":"https:\/\/www.museodegrandas.es\/fr\/wp-json\/wp\/v2\/media?parent=7926"}],"curies":[{"name":"wp","href":"https:\/\/api.w.org\/{rel}","templated":true}]}}