

{"id":7920,"date":"2022-05-13T14:00:46","date_gmt":"2022-05-13T14:00:46","guid":{"rendered":"https:\/\/www.museodegrandas.es\/la-collection\/"},"modified":"2022-07-19T13:55:51","modified_gmt":"2022-07-19T13:55:51","slug":"la-collection","status":"publish","type":"page","link":"https:\/\/www.museodegrandas.es\/fr\/la-collection\/","title":{"rendered":"La colecci\u00f3n"},"content":{"rendered":"<p>El Museo Etnogr\u00e1fico de Grandas de Salime \u201cPepe el Ferreiro\u201d re\u00fane una de las colecciones m\u00e1s significativas de su \u00e1mbito, tanto en t\u00e9rminos cuantitativos como cualitativos. Sus fondos se aproximan a los 20.000 registros, en su mayor\u00eda exhibidos en la exposici\u00f3n permanente. <\/p>\n<p>El Museo ha iniciado la catalogaci\u00f3n sistem\u00e1tica del conjunto de sus colecciones, que se pondr\u00e1 a disposici\u00f3n de los interesados, actualiz\u00e1ndola a medida que se vaya ampliando, en el <a href=\"https:\/\/www.museodegrandas.es\/fr\/catalogo\/\">Cat\u00e1logo<\/a> de la web.<\/p>\n<p>En la web puede consultar informaci\u00f3n sobre:<\/p>\n<p><a href=\"https:\/\/www.museodegrandas.es\/wp-content\/uploads\/2014\/03\/MEGS-02443-SHG-4.jpg\"><img loading=\"lazy\" class=\"wp-image-7921 alignleft\" src=\"https:\/\/www.museodegrandas.es\/wp-content\/uploads\/2014\/03\/MEGS-02443-SHG-4.jpg\" alt=\"\" width=\"411\" height=\"411\"><\/a><\/p>\n<div class=\"et_pb_column et_pb_column_3_5 et_pb_column_1 et_pb_css_mix_blend_mode_passthrough et-last-child\">\n<div class=\"et_pb_module et_pb_text et_pb_text_0 et_pb_text_align_left et_pb_bg_layout_light\"><\/div>\n<div class=\"et_pb_module et_pb_text et_pb_text_1 et_pb_text_align_left et_pb_bg_layout_light\">\n<div class=\"et_pb_text_inner\">\n<ul>\n<li>\n<h3><a href=\"https:\/\/www.museodegrandas.es\/fr\/catalogo\/\">Cat\u00e1logo <\/a><\/h3>\n<\/li>\n<\/ul>\n<ul>\n<li>\n<h3><a href=\"https:\/\/www.museodegrandas.es\/fr\/category\/piezas-destacadas-fr\/\">Piezas destacadas <\/a><\/h3>\n<\/li>\n<\/ul>\n<ul>\n<li>\n<h3><a href=\"https:\/\/www.museodegrandas.es\/fr\/espace-de-conservation\/\">\u00c1rea de conservaci\u00f3n <\/a><\/h3>\n<\/li>\n<\/ul>\n<ul>\n<li>\n<h3><a href=\"https:\/\/www.museodegrandas.es\/fr\/category\/el-museo-y-su-territorio-fr\/\">El Museo y su territorio<\/a><\/h3>\n<\/li>\n<\/ul>\n<\/div>\n<\/div>\n<\/div>\n","protected":false},"excerpt":{"rendered":"<p>El Museo Etnogr\u00e1fico de Grandas de Salime \u201cPepe el Ferreiro\u201d re\u00fane una de las colecciones m\u00e1s significativas de su \u00e1mbito, tanto en t\u00e9rminos cuantitativos como cualitativos. Sus fondos se aproximan a los 20.000 registros, en su mayor\u00eda exhibidos en la exposici\u00f3n permanente. El Museo ha iniciado la catalogaci\u00f3n sistem\u00e1tica del conjunto de sus colecciones, que [&hellip;]<\/p>\n","protected":false},"author":2,"featured_media":0,"parent":0,"menu_order":0,"comment_status":"closed","ping_status":"closed","template":"","meta":{"_et_pb_use_builder":"","_et_pb_old_content":"","_et_gb_content_width":""},"_links":{"self":[{"href":"https:\/\/www.museodegrandas.es\/fr\/wp-json\/wp\/v2\/pages\/7920"}],"collection":[{"href":"https:\/\/www.museodegrandas.es\/fr\/wp-json\/wp\/v2\/pages"}],"about":[{"href":"https:\/\/www.museodegrandas.es\/fr\/wp-json\/wp\/v2\/types\/page"}],"author":[{"embeddable":true,"href":"https:\/\/www.museodegrandas.es\/fr\/wp-json\/wp\/v2\/users\/2"}],"replies":[{"embeddable":true,"href":"https:\/\/www.museodegrandas.es\/fr\/wp-json\/wp\/v2\/comments?post=7920"}],"version-history":[{"count":2,"href":"https:\/\/www.museodegrandas.es\/fr\/wp-json\/wp\/v2\/pages\/7920\/revisions"}],"predecessor-version":[{"id":8943,"href":"https:\/\/www.museodegrandas.es\/fr\/wp-json\/wp\/v2\/pages\/7920\/revisions\/8943"}],"wp:attachment":[{"href":"https:\/\/www.museodegrandas.es\/fr\/wp-json\/wp\/v2\/media?parent=7920"}],"curies":[{"name":"wp","href":"https:\/\/api.w.org\/{rel}","templated":true}]}}