

{"id":7915,"date":"2022-05-13T13:56:49","date_gmt":"2022-05-13T13:56:49","guid":{"rendered":"https:\/\/www.museodegrandas.es\/visites\/chercheurs\/"},"modified":"2022-05-13T13:56:49","modified_gmt":"2022-05-13T13:56:49","slug":"chercheurs","status":"publish","type":"page","link":"https:\/\/www.museodegrandas.es\/fr\/visites\/chercheurs\/","title":{"rendered":"Chercheurs"},"content":{"rendered":"<ul>\n<li>Les fonds documentaires et les archives du mus\u00e9e sont actuellement en phase de catalogage.<\/li>\n<\/ul>\n<ul>\n<li>L\u2019acc\u00e8s \u00e0 la biblioth\u00e8que est r\u00e9serv\u00e9 aux chercheurs agr\u00e9\u00e9s qui en font la demande.<\/li>\n<\/ul>\n<ul>\n<li>Les volumes et les documents peuvent \u00eatre consult\u00e9s sur place mais ils ne peuvent pas \u00eatre emprunt\u00e9s.<\/li>\n<\/ul>\n<ul>\n<li>Pour acc\u00e9der \u00e0 la biblioth\u00e8que, il est indispensable de prendre rendez-vous soit par courrier \u00e9lectronique \u00e0 l\u2019adresse <a href=\"mailto:etnogsal@asturias.org\">etnogsal@asturias.org<\/a> soit par t\u00e9l\u00e9phone en appelant le +34 985 627 243.<\/li>\n<\/ul>\n<p>&nbsp;<\/p>\n<p><a href=\"https:\/\/www.museodegrandas.es\/wp-content\/uploads\/2014\/03\/2-Biblioteca_SHG.jpg\"><img loading=\"lazy\" class=\"aligncenter wp-image-7916\" src=\"https:\/\/www.museodegrandas.es\/wp-content\/uploads\/2014\/03\/2-Biblioteca_SHG.jpg\" alt=\"\" width=\"500\" height=\"500\" \/><\/a><\/p>\n","protected":false},"excerpt":{"rendered":"<p>Les fonds documentaires et les archives du mus\u00e9e sont actuellement en phase de catalogage. L\u2019acc\u00e8s \u00e0 la biblioth\u00e8que est r\u00e9serv\u00e9 aux chercheurs agr\u00e9\u00e9s qui en font la demande. Les volumes et les documents peuvent \u00eatre consult\u00e9s sur place mais ils ne peuvent pas \u00eatre emprunt\u00e9s. Pour acc\u00e9der \u00e0 la biblioth\u00e8que, il est indispensable de prendre [&hellip;]<\/p>\n","protected":false},"author":2,"featured_media":0,"parent":7894,"menu_order":0,"comment_status":"closed","ping_status":"closed","template":"","meta":{"_et_pb_use_builder":"","_et_pb_old_content":"","_et_gb_content_width":""},"_links":{"self":[{"href":"https:\/\/www.museodegrandas.es\/fr\/wp-json\/wp\/v2\/pages\/7915"}],"collection":[{"href":"https:\/\/www.museodegrandas.es\/fr\/wp-json\/wp\/v2\/pages"}],"about":[{"href":"https:\/\/www.museodegrandas.es\/fr\/wp-json\/wp\/v2\/types\/page"}],"author":[{"embeddable":true,"href":"https:\/\/www.museodegrandas.es\/fr\/wp-json\/wp\/v2\/users\/2"}],"replies":[{"embeddable":true,"href":"https:\/\/www.museodegrandas.es\/fr\/wp-json\/wp\/v2\/comments?post=7915"}],"version-history":[{"count":0,"href":"https:\/\/www.museodegrandas.es\/fr\/wp-json\/wp\/v2\/pages\/7915\/revisions"}],"up":[{"embeddable":true,"href":"https:\/\/www.museodegrandas.es\/fr\/wp-json\/wp\/v2\/pages\/7894"}],"wp:attachment":[{"href":"https:\/\/www.museodegrandas.es\/fr\/wp-json\/wp\/v2\/media?parent=7915"}],"curies":[{"name":"wp","href":"https:\/\/api.w.org\/{rel}","templated":true}]}}