

{"id":7900,"date":"2022-05-13T11:58:06","date_gmt":"2022-05-13T11:58:06","guid":{"rendered":"https:\/\/www.museodegrandas.es\/visites\/visites-en-groupe\/"},"modified":"2026-01-15T11:29:42","modified_gmt":"2026-01-15T11:29:42","slug":"visites-en-groupe","status":"publish","type":"page","link":"https:\/\/www.museodegrandas.es\/fr\/visites\/visites-en-groupe\/","title":{"rendered":"Visites en groupe"},"content":{"rendered":"<ul>\n<li>Les groupes sont constitu\u00e9s d\u2019au minimum 15 visiteurs.<\/li>\n<li>Pour pouvoir b\u00e9n\u00e9ficier des r\u00e9ductions et avantages de ce tarif, il est obligatoire de r\u00e9server au moins 24 heures \u00e0 l&rsquo;avance. Pour les r\u00e9servations, vous pouvez envoyer un courrier \u00e9lectronique \u00e0 l\u2019adresse <a href=\"mailto:museodegrandas@turismoycultura.asturias.es\" target=\"_blank\" rel=\"noopener\">museodegrandas@turismoycultura.asturias.es\u00a0<\/a>ou appeler le +34 985 627 243.<\/li>\n<\/ul>\n<ul>\n<li>Les r\u00e9servations permettent au mus\u00e9e de conna\u00eetre le nombre de participants et leurs attentes et de pr\u00e9parer ainsi la visite en fonction de leurs besoins. Si le groupe est trop nombreux, le personnel du mus\u00e9e fera entrer les visiteurs par petits groupes pour leur garantir une visite agr\u00e9able.<\/li>\n<\/ul>\n<ul>\n<li>La visite est libre. \u00c0 c\u00f4t\u00e9 de l\u2019entr\u00e9e, vous trouverez des petits guides disponibles en espagnol, anglais, fran\u00e7ais et galicien-asturien. Les groupes sont accompagn\u00e9s par un guide-conf\u00e9rencier du mus\u00e9e qui est l\u00e0 pour r\u00e9pondre aux questions des visiteurs pendant la visite.<\/li>\n<li><a href=\"https:\/\/www.museodegrandas.es\/importante-horario-y-medidas-de-prevencion-covid-19\/\" target=\"_blank\" rel=\"noopener\">Consulter les recommandations hygi\u00e9no-sanitaires (Covid-19) pour la visite du Mus\u00e9e.<\/a><\/li>\n<\/ul>\n<p>Pour que votre visite se passe au mieux, veuillez suivre les <strong>recommandations<\/strong> suivantes\u00a0:<\/p>\n<ul>\n<li>La visite dure environ une heure et demie. Il est souhaitable de pr\u00e9parer le voyage \u00e0 l\u2019avance et d&rsquo;arriver suffisamment t\u00f4t avant la fermeture du mus\u00e9e pour pouvoir profiter de la visite sans se presser. Si le groupe est constitu\u00e9 de plus de vingt personnes, il faut pr\u00e9voir un temps plus large en raison de l&rsquo;acc\u00e8s \u00e9chelonn\u00e9. Si vous avez des questions, n\u2019h\u00e9sitez pas \u00e0 nous les poser lors de la r\u00e9servation.<\/li>\n<\/ul>\n<ul>\n<li>Les agents d\u2019accueil et de surveillance du mus\u00e9e sont \u00e0 votre disposition pour r\u00e9pondre \u00e0 vos questions pendant votre visite.<\/li>\n<\/ul>\n<ul>\n<li>Il est recommand\u00e9 de suivre le parcours fl\u00e9ch\u00e9 pour ne rien manquer de la visite.<\/li>\n<\/ul>\n<ul>\n<li>Consultez les <a href=\"https:\/\/www.museodegrandas.es\/fr\/horaires-et-tarifs\/\">horaires et les tarifs<\/a>.<\/li>\n<\/ul>\n<p><a href=\"https:\/\/www.museodegrandas.es\/wp-content\/uploads\/2014\/03\/4.VIS-GRUPO_SHG.jpg\"><img loading=\"lazy\" class=\"aligncenter wp-image-7755\" src=\"https:\/\/www.museodegrandas.es\/wp-content\/uploads\/2014\/03\/4.VIS-GRUPO_SHG.jpg\" alt=\"\" width=\"500\" height=\"492\" \/><\/a><\/p>\n","protected":false},"excerpt":{"rendered":"<p>Les groupes sont constitu\u00e9s d\u2019au minimum 15 visiteurs. Pour pouvoir b\u00e9n\u00e9ficier des r\u00e9ductions et avantages de ce tarif, il est obligatoire de r\u00e9server au moins 24 heures \u00e0 l&rsquo;avance. Pour les r\u00e9servations, vous pouvez envoyer un courrier \u00e9lectronique \u00e0 l\u2019adresse museodegrandas@turismoycultura.asturias.es\u00a0ou appeler le +34 985 627 243. Les r\u00e9servations permettent au mus\u00e9e de conna\u00eetre le [&hellip;]<\/p>\n","protected":false},"author":2,"featured_media":0,"parent":7894,"menu_order":0,"comment_status":"closed","ping_status":"closed","template":"","meta":{"_et_pb_use_builder":"","_et_pb_old_content":"","_et_gb_content_width":""},"_links":{"self":[{"href":"https:\/\/www.museodegrandas.es\/fr\/wp-json\/wp\/v2\/pages\/7900"}],"collection":[{"href":"https:\/\/www.museodegrandas.es\/fr\/wp-json\/wp\/v2\/pages"}],"about":[{"href":"https:\/\/www.museodegrandas.es\/fr\/wp-json\/wp\/v2\/types\/page"}],"author":[{"embeddable":true,"href":"https:\/\/www.museodegrandas.es\/fr\/wp-json\/wp\/v2\/users\/2"}],"replies":[{"embeddable":true,"href":"https:\/\/www.museodegrandas.es\/fr\/wp-json\/wp\/v2\/comments?post=7900"}],"version-history":[{"count":4,"href":"https:\/\/www.museodegrandas.es\/fr\/wp-json\/wp\/v2\/pages\/7900\/revisions"}],"predecessor-version":[{"id":11268,"href":"https:\/\/www.museodegrandas.es\/fr\/wp-json\/wp\/v2\/pages\/7900\/revisions\/11268"}],"up":[{"embeddable":true,"href":"https:\/\/www.museodegrandas.es\/fr\/wp-json\/wp\/v2\/pages\/7894"}],"wp:attachment":[{"href":"https:\/\/www.museodegrandas.es\/fr\/wp-json\/wp\/v2\/media?parent=7900"}],"curies":[{"name":"wp","href":"https:\/\/api.w.org\/{rel}","templated":true}]}}