

{"id":7899,"date":"2022-05-13T11:49:38","date_gmt":"2022-05-13T11:49:38","guid":{"rendered":"https:\/\/www.museodegrandas.es\/visites\/visitas-individuales\/"},"modified":"2023-07-05T12:35:45","modified_gmt":"2023-07-05T12:35:45","slug":"visitas-individuales","status":"publish","type":"page","link":"https:\/\/www.museodegrandas.es\/fr\/visites\/visitas-individuales\/","title":{"rendered":"Visites individuelles"},"content":{"rendered":"<ul>\n<li>Pour les visites individuelles, il n&rsquo;est pas n\u00e9cessaire de r\u00e9server. Pour\u00a0acheter le billet en ligne vous pouvez cliquer sur <a href=\"https:\/\/www.museodegrandas.es\/fr\/horaires-et-tarifs\/\">le lien suivant<\/a><\/li>\n<li>La visite est libre. \u00c0 l&rsquo;accueil du mus\u00e9e, \u00e0 c\u00f4t\u00e9 de l\u2019entr\u00e9e, vous trouverez des petits guides disponibles en espagnol, anglais, fran\u00e7ais et galicien-asturien. Avant la visite, le personnel du mus\u00e9e accueille les visiteurs et donne quelques explications initiales sur la nature du centre, ses collections et le parcours recommand\u00e9.<\/li>\n<\/ul>\n<ul>\n<li>Pour les visites individuelles, il n&rsquo;est pas n\u00e9cessaire de r\u00e9server.<\/li>\n<\/ul>\n<ul>\n<li>La visite est libre. \u00c0 l&rsquo;accueil du mus\u00e9e, \u00e0 c\u00f4t\u00e9 de l\u2019entr\u00e9e, vous trouverez des petits guides disponibles en espagnol, anglais, fran\u00e7ais et galicien-asturien. Avant la visite, le personnel du mus\u00e9e accueille les visiteurs et donne quelques explications initiales sur la nature du centre, ses collections et le parcours recommand\u00e9.<\/li>\n<\/ul>\n<p>Pour que votre visite se passe au mieux, veuillez suivre les <strong>recommandations<\/strong> suivantes\u00a0:<\/p>\n<ul>\n<li>La visite dure environ une heure et demie. Il est souhaitable de pr\u00e9parer le voyage \u00e0 l\u2019avance et d&rsquo;arriver suffisamment t\u00f4t avant la fermeture du mus\u00e9e pour pouvoir profiter de la visite sans se presser.<\/li>\n<\/ul>\n<ul>\n<li>Les agents d\u2019accueil et de surveillance du mus\u00e9e sont \u00e0 votre disposition pour r\u00e9pondre \u00e0 vos questions pendant la visite.<\/li>\n<\/ul>\n<ul>\n<li>\u00a0Il est recommand\u00e9 de suivre le parcours fl\u00e9ch\u00e9 pour ne rien manquer de la visite.<\/li>\n<\/ul>\n<ul>\n<li>Consultez les <a href=\"https:\/\/www.museodegrandas.es\/fr\/horaires-et-tarifs\/\">horaires et les tarifs<\/a>.<\/li>\n<\/ul>\n<p>Pour que votre visite se passe au mieux, veuillez suivre les <strong>recommandations<\/strong> suivantes\u00a0:<\/p>\n<ul>\n<li>La visite dure environ une heure et demie. Il est souhaitable de pr\u00e9parer le voyage \u00e0 l\u2019avance et d&rsquo;arriver suffisamment t\u00f4t avant la fermeture du mus\u00e9e pour pouvoir profiter de la visite sans se presser.<\/li>\n<\/ul>\n<ul>\n<li>Les agents d\u2019accueil et de surveillance du mus\u00e9e sont \u00e0 votre disposition pour r\u00e9pondre \u00e0 vos questions pendant la visite.<\/li>\n<\/ul>\n<ul>\n<li>\u00a0Il est recommand\u00e9 de suivre le parcours fl\u00e9ch\u00e9 pour ne rien manquer de la visite.<\/li>\n<\/ul>\n<ul>\n<li>Consultez les <a href=\"https:\/\/www.museodegrandas.es\/fr\/visites\/visitas-individuales\/\">horaires et les tarifs<\/a>.<\/li>\n<\/ul>\n<p><a href=\"https:\/\/www.museodegrandas.es\/wp-content\/uploads\/2014\/03\/2.VIS-INDIVDUAL_SRA.jpg\"><img loading=\"lazy\" class=\"aligncenter wp-image-7751\" src=\"https:\/\/www.museodegrandas.es\/wp-content\/uploads\/2014\/03\/2.VIS-INDIVDUAL_SRA.jpg\" alt=\"\" width=\"500\" height=\"507\" \/><\/a><\/p>\n<p>&nbsp;<\/p>\n","protected":false},"excerpt":{"rendered":"<p>Pour les visites individuelles, il n&rsquo;est pas n\u00e9cessaire de r\u00e9server. Pour\u00a0acheter le billet en ligne vous pouvez cliquer sur le lien suivant La visite est libre. \u00c0 l&rsquo;accueil du mus\u00e9e, \u00e0 c\u00f4t\u00e9 de l\u2019entr\u00e9e, vous trouverez des petits guides disponibles en espagnol, anglais, fran\u00e7ais et galicien-asturien. Avant la visite, le personnel du mus\u00e9e accueille les [&hellip;]<\/p>\n","protected":false},"author":2,"featured_media":0,"parent":7894,"menu_order":0,"comment_status":"closed","ping_status":"closed","template":"","meta":{"_et_pb_use_builder":"","_et_pb_old_content":"","_et_gb_content_width":""},"_links":{"self":[{"href":"https:\/\/www.museodegrandas.es\/fr\/wp-json\/wp\/v2\/pages\/7899"}],"collection":[{"href":"https:\/\/www.museodegrandas.es\/fr\/wp-json\/wp\/v2\/pages"}],"about":[{"href":"https:\/\/www.museodegrandas.es\/fr\/wp-json\/wp\/v2\/types\/page"}],"author":[{"embeddable":true,"href":"https:\/\/www.museodegrandas.es\/fr\/wp-json\/wp\/v2\/users\/2"}],"replies":[{"embeddable":true,"href":"https:\/\/www.museodegrandas.es\/fr\/wp-json\/wp\/v2\/comments?post=7899"}],"version-history":[{"count":5,"href":"https:\/\/www.museodegrandas.es\/fr\/wp-json\/wp\/v2\/pages\/7899\/revisions"}],"predecessor-version":[{"id":10103,"href":"https:\/\/www.museodegrandas.es\/fr\/wp-json\/wp\/v2\/pages\/7899\/revisions\/10103"}],"up":[{"embeddable":true,"href":"https:\/\/www.museodegrandas.es\/fr\/wp-json\/wp\/v2\/pages\/7894"}],"wp:attachment":[{"href":"https:\/\/www.museodegrandas.es\/fr\/wp-json\/wp\/v2\/media?parent=7899"}],"curies":[{"name":"wp","href":"https:\/\/api.w.org\/{rel}","templated":true}]}}