

{"id":7772,"date":"2022-05-04T20:22:45","date_gmt":"2022-05-04T20:22:45","guid":{"rendered":"https:\/\/www.museodegrandas.es\/creditos\/"},"modified":"2022-05-04T20:22:45","modified_gmt":"2022-05-04T20:22:45","slug":"creditos","status":"publish","type":"page","link":"https:\/\/www.museodegrandas.es\/en\/creditos\/","title":{"rendered":"Cr\u00e9ditos"},"content":{"rendered":"<h4>Autores textos:<\/h4>\n<p>&nbsp;<\/p>\n<h6>El Museo<\/h6>\n<p>\u2219\u00a0\u00a0\u00a0\u00a0\u00a0\u00a0 Naveiras Escanlar, J.M\u00aa; L\u00f3pez \u00c1lvarez, J. y Gra\u00f1a Garc\u00eda, A. (2007): <i>Gu\u00eda del Museo Etnogr\u00e1fico de Grandas de Salime<\/i>. Grandas de Salime.<\/p>\n<p>\u2219\u00a0\u00a0\u00a0\u00a0\u00a0\u00a0 Susana Hevia Gonz\u00e1lez. Museo Etnogr\u00e1fico de Grandas de Salime.<\/p>\n<h6>Resto textos:<\/h6>\n<p>Susana Hevia Gonz\u00e1lez. Museo Etnogr\u00e1fico de Grandas de Salime (salvo referencia expresa)<\/p>\n<p>&nbsp;<\/p>\n<h4>Autores ilustraciones:<\/h4>\n<p>Los indicados en cada caso.<\/p>\n<p>&nbsp;<\/p>\n<p><strong>Como citar recursos electr\u00f3nicos:<\/strong><br \/>\nEstivill y Urbano, 1997: COMO CITAR RECURSOS ELECTR\u00d3NICOS. <a href=\"http:\/\/www.castrosdeasturias.es\/descargas\/219-citar-en-recursos-electronicos.pdf\">Descargar<\/a><\/p>\n<p>&nbsp;<\/p>\n","protected":false},"excerpt":{"rendered":"<p>Autores textos: &nbsp; El Museo \u2219\u00a0\u00a0\u00a0\u00a0\u00a0\u00a0 Naveiras Escanlar, J.M\u00aa; L\u00f3pez \u00c1lvarez, J. y Gra\u00f1a Garc\u00eda, A. (2007): Gu\u00eda del Museo Etnogr\u00e1fico de Grandas de Salime. Grandas de Salime. \u2219\u00a0\u00a0\u00a0\u00a0\u00a0\u00a0 Susana Hevia Gonz\u00e1lez. Museo Etnogr\u00e1fico de Grandas de Salime. Resto textos: Susana Hevia Gonz\u00e1lez. Museo Etnogr\u00e1fico de Grandas de Salime (salvo referencia expresa) &nbsp; Autores ilustraciones: [&hellip;]<\/p>\n","protected":false},"author":2,"featured_media":0,"parent":0,"menu_order":0,"comment_status":"closed","ping_status":"open","template":"","meta":{"_et_pb_use_builder":"","_et_pb_old_content":"","_et_gb_content_width":""},"_links":{"self":[{"href":"https:\/\/www.museodegrandas.es\/en\/wp-json\/wp\/v2\/pages\/7772"}],"collection":[{"href":"https:\/\/www.museodegrandas.es\/en\/wp-json\/wp\/v2\/pages"}],"about":[{"href":"https:\/\/www.museodegrandas.es\/en\/wp-json\/wp\/v2\/types\/page"}],"author":[{"embeddable":true,"href":"https:\/\/www.museodegrandas.es\/en\/wp-json\/wp\/v2\/users\/2"}],"replies":[{"embeddable":true,"href":"https:\/\/www.museodegrandas.es\/en\/wp-json\/wp\/v2\/comments?post=7772"}],"version-history":[{"count":0,"href":"https:\/\/www.museodegrandas.es\/en\/wp-json\/wp\/v2\/pages\/7772\/revisions"}],"wp:attachment":[{"href":"https:\/\/www.museodegrandas.es\/en\/wp-json\/wp\/v2\/media?parent=7772"}],"curies":[{"name":"wp","href":"https:\/\/api.w.org\/{rel}","templated":true}]}}