

{"id":7392,"date":"2022-05-03T13:25:34","date_gmt":"2022-05-03T13:25:34","guid":{"rendered":"https:\/\/www.museodegrandas.es\/opening-hours-and-rates\/"},"modified":"2026-03-04T11:00:44","modified_gmt":"2026-03-04T11:00:44","slug":"opening-hours-and-rates","status":"publish","type":"page","link":"https:\/\/www.museodegrandas.es\/en\/opening-hours-and-rates\/","title":{"rendered":"Opening hours and rates"},"content":{"rendered":"<h2 style=\"text-align: center;\">OPENING HOURS<\/h2>\n<hr \/>\n<h3><\/h3>\n<h3>From January to April and from October to December 2026<\/h3>\n<ul>\n<li>Tuesday to Friday, from 11:00 to 14:00 and from 16:00 to 18:30.<\/li>\n<li>Saturdays from 11:00 to 14:30 and from 16:00 to 18:30.<\/li>\n<li>Sundays and public holidays (1st November and 6th and 8th December), from 11:00 to 15:00.<\/li>\n<li>Monday, closed.<\/li>\n<li><strong>Closed<\/strong>: 1st and 6th January and 24th, 25th and 31st December.<\/li>\n<li><strong>Special Easter Week opening hours<\/strong> (Thursday to Saturday), from 11:00 to 14:30 and from 16:00 to 19:30.<\/li>\n<\/ul>\n<h3><\/h3>\n<h3>May to September 2026<\/h3>\n<ul>\n<li>Tuesday to Saturday, from 11:00 to 14:30 and from 16:00 to 19:30.<\/li>\n<li>Sundays and public holidays (1st May, 15th August and 8th September), from 11:00 to 15:00.<\/li>\n<li>Monday, closed. Closed 3th August and 7th September.<\/li>\n<\/ul>\n<h2 style=\"text-align: center;\">RATES<\/h2>\n<hr \/>\n<h3><\/h3>\n<p>&nbsp;<\/p>\n<h3>General: \u20ac1.50<\/h3>\n<h3>Children from 6 to 12 years old: \u20ac0.30<\/h3>\n<h3>\u00a0Reduced: \u20ac0.75<\/h3>\n<ul>\n<li style=\"list-style-type: none;\">\n<ul>\n<li>Groups from 15 people.<\/li>\n<li>Large families.<\/li>\n<li>Members of the\u00a0<a href=\"http:\/\/www.clubculturaasturias.com\/\">Club Cultura Asturias<\/a>, the\u00a0<a href=\"https:\/\/www.laboralciudaddelacultura.com\/carnet-escolar\">School Card<\/a>\u00a0and the\u00a0<a href=\"https:\/\/www.turismoasturias.es\/pasaporte-cultural\">Cultural Passport.<\/a><\/li>\n<li>On presentation of the entrance ticket to the\u00a0<a href=\"http:\/\/www.museojurasicoasturias.com\/\">Asturias Jurassic Museum<\/a>, the\u00a0<a href=\"http:\/\/www.parquedelaprehistoria.es\/\">Teverga Prehistory Park<\/a>, the\u00a0<a href=\"http:\/\/www.centrodearterupestredetitobustillo.com\/\">Centro de Arte Rupestre de Tito Bustillo<\/a>\u00a0and the\u00a0<a href=\"http:\/\/www.laboralciudaddelacultura.com\/\">Laboral Ciudad de la Cultura<\/a>.<\/li>\n<li>Other groups with discounts:\u00a0<a href=\"https:\/\/eyca.org\/\" target=\"_blank\" rel=\"noopener\">Youth Card,\u00a0<\/a><a href=\"http:\/\/www.reaj.com\/\" target=\"_blank\" rel=\"noopener\">Youth Hosteller Card,<\/a>\u00a0<a href=\"http:\/\/www.elclubdemicaja.es\/\" target=\"_blank\" rel=\"noopener\">Club Infantil Caja Rural, <\/a><a href=\"https:\/\/www.euro6000.com\/descuento\/-parque-de-la-prehistoria-406\" target=\"_blank\" rel=\"noopener\">Discount coupon EURO 6000<\/a>.<\/li>\n<li><\/li>\n<\/ul>\n<\/li>\n<\/ul>\n<h3>\u00a0Free of charge:<\/h3>\n<ul>\n<li style=\"list-style-type: none;\">\n<ul>\n<li>From 0 to 5 years old.<\/li>\n<li>Every Tuesday.<\/li>\n<li>School groups when booked in advance.<\/li>\n<li>18 May, International Museum Day.<\/li>\n<li>Subject to accreditation:\n<ul>\n<li>Professional tour guides.<\/li>\n<li>The unemployed.<\/li>\n<li>Residents of the council of Grandas de Salime.<\/li>\n<li>Teachers.<\/li>\n<li>Members of the following entities:\u00a0<a href=\"https:\/\/redmeda.com\/\">Red de Museos Etnogr\u00e1ficos de Asturias (REDMEDA)<\/a>,\u00a0<a href=\"https:\/\/icom.museum\/es\/\">Consejo Internacional de Museos (ICOM)<\/a>, Asociaci\u00f3n Profesional de Muse\u00f3logos de Espa\u00f1a (APME),\u00a0<a href=\"https:\/\/www.anabad.org\/\">Asociaci\u00f3n Nacional de Archiveros, Bibliotecarios y Muse\u00f3logos (ANABAD)<\/a>\u00a0and\u00a0<a href=\"https:\/\/www.museologia.net\/\">Asociaci\u00f3n Espa\u00f1ola de Muse\u00f3logos (AEM)<\/a>.<\/li>\n<\/ul>\n<\/li>\n<\/ul>\n<\/li>\n<\/ul>\n<ul>\n<li style=\"list-style-type: none;\">\n<ul>\n<li style=\"list-style-type: none;\"><\/li>\n<\/ul>\n<\/li>\n<\/ul>\n<hr style=\"padding-left: 40px;\" \/>\n<p style=\"padding-left: 40px;\">\n","protected":false},"excerpt":{"rendered":"<p>OPENING HOURS From January to April and from October to December 2026 Tuesday to Friday, from 11:00 to 14:00 and from 16:00 to 18:30. Saturdays from 11:00 to 14:30 and from 16:00 to 18:30. Sundays and public holidays (1st November and 6th and 8th December), from 11:00 to 15:00. Monday, closed. Closed: 1st and 6th [&hellip;]<\/p>\n","protected":false},"author":2,"featured_media":0,"parent":0,"menu_order":0,"comment_status":"closed","ping_status":"closed","template":"","meta":{"_et_pb_use_builder":"off","_et_pb_old_content":"","_et_gb_content_width":""},"_links":{"self":[{"href":"https:\/\/www.museodegrandas.es\/en\/wp-json\/wp\/v2\/pages\/7392"}],"collection":[{"href":"https:\/\/www.museodegrandas.es\/en\/wp-json\/wp\/v2\/pages"}],"about":[{"href":"https:\/\/www.museodegrandas.es\/en\/wp-json\/wp\/v2\/types\/page"}],"author":[{"embeddable":true,"href":"https:\/\/www.museodegrandas.es\/en\/wp-json\/wp\/v2\/users\/2"}],"replies":[{"embeddable":true,"href":"https:\/\/www.museodegrandas.es\/en\/wp-json\/wp\/v2\/comments?post=7392"}],"version-history":[{"count":18,"href":"https:\/\/www.museodegrandas.es\/en\/wp-json\/wp\/v2\/pages\/7392\/revisions"}],"predecessor-version":[{"id":11325,"href":"https:\/\/www.museodegrandas.es\/en\/wp-json\/wp\/v2\/pages\/7392\/revisions\/11325"}],"wp:attachment":[{"href":"https:\/\/www.museodegrandas.es\/en\/wp-json\/wp\/v2\/media?parent=7392"}],"curies":[{"name":"wp","href":"https:\/\/api.w.org\/{rel}","templated":true}]}}