

{"id":7372,"date":"2022-05-03T13:13:13","date_gmt":"2022-05-03T13:13:13","guid":{"rendered":"https:\/\/www.museodegrandas.es\/location-and-contact\/"},"modified":"2022-10-31T16:54:35","modified_gmt":"2022-10-31T16:54:35","slug":"location-and-contact","status":"publish","type":"page","link":"https:\/\/www.museodegrandas.es\/en\/location-and-contact\/","title":{"rendered":"Location and Contact"},"content":{"rendered":"<p>[et_pb_section fb_built=&#8221;1&#8243; admin_label=&#8221;section&#8221; _builder_version=&#8221;4.16&#8243; global_colors_info=&#8221;{}&#8221;][et_pb_row admin_label=&#8221;row&#8221; _builder_version=&#8221;4.16&#8243; background_size=&#8221;initial&#8221; background_position=&#8221;top_left&#8221; background_repeat=&#8221;repeat&#8221; global_colors_info=&#8221;{}&#8221;][et_pb_column type=&#8221;4_4&#8243; _builder_version=&#8221;4.16&#8243; custom_padding=&#8221;|||&#8221; global_colors_info=&#8221;{}&#8221; custom_padding__hover=&#8221;|||&#8221;][et_pb_text admin_label=&#8221;Text&#8221; _builder_version=&#8221;4.16&#8243; background_size=&#8221;initial&#8221; background_position=&#8221;top_left&#8221; background_repeat=&#8221;repeat&#8221; global_colors_info=&#8221;{}&#8221;]<\/p>\n<h2>How to get here:<\/h2>\n<hr \/>\n<h3><\/h3>\n<h3>By road:<\/h3>\n<h5>From Oviedo:<\/h5>\n<p style=\"padding-left: 40px;\">Take the A-63, towards Grado-La Espina, until exit 28. Take the AS-15 towards Cangas de Narcea and continue to Puente del Infierno. From there, follow the AS-14 to Grandas de Salime.<\/p>\n<h5>From Gij\u00f3n:<\/h5>\n<h6><u>Option 1. By Boal:<\/u><\/h6>\n<p style=\"padding-left: 80px;\">Take the A-8, towards La Coru\u00f1a. At exit 498, take the N-632 to Navia. From Navia take the AS-12 to Grandas de Salime.<\/p>\n<p style=\"padding-left: 80px;\">.<\/p>\n<h6 style=\"padding-left: 40px;\"><u>Option 2. By Vegadeo<\/u><\/h6>\n<p style=\"padding-left: 80px;\">Take the A-8, towards La Coru\u00f1a. At exit 484, take the N-640 to Vegadeo. From Vegadeo, take the AS-11 to La Garganta. Continue along the AS-13 to Pesoz and from there, along the AS-12 to Grandas de Salime.<\/p>\n<h5>From Lugo:<\/h5>\n<p style=\"padding-left: 40px;\">LU-530 road to A Fonsagrada. From there, take the AS-28 to Grandas de Salime.<\/p>\n<p style=\"padding-left: 40px;\">.<\/p>\n<h3>By bus:<\/h3>\n<p style=\"padding-left: 40px;\">Navia-Grandas de Salime line. \u00a0More information at <a href=\"http:\/\/www.her-vei.com\/\">http:\/\/www.her-vei.es\/autocares-luarca-bus-s-l<\/a><\/p>\n<p style=\"padding-left: 40px;\">Oviedo \u2013 Grandas de Salime line (with transfer). More information at <a href=\"http:\/\/www.alsa.es\/\">http:\/\/www.alsa.es\/<\/a><\/p>\n<p>[\/et_pb_text][\/et_pb_column][\/et_pb_row][\/et_pb_section]<\/p>\n","protected":false},"excerpt":{"rendered":"<p>How to get here: By road: From Oviedo: Take the A-63, towards Grado-La Espina, until exit 28. Take the AS-15 towards Cangas de Narcea and continue to Puente del Infierno. From there, follow the AS-14 to Grandas de Salime. From Gij\u00f3n: Option 1. By Boal: Take the A-8, towards La Coru\u00f1a. At exit 498, take [&hellip;]<\/p>\n","protected":false},"author":2,"featured_media":0,"parent":0,"menu_order":5,"comment_status":"open","ping_status":"closed","template":"","meta":{"_et_pb_use_builder":"on","_et_pb_old_content":"<h2>C\u00f3mo llegar:<\/h2>\r\n\r\n<hr \/>\r\n\r\n<h3><\/h3>\r\n<h3>Por carretera:<\/h3>\r\n<h5>Desde Oviedo:<\/h5>\r\n<p style=\"padding-left: 40px;\">Tomar la A-63, direcci\u00f3n Grado-La Espina, hasta salida 28. Coger la AS-15 direcci\u00f3n Cangas de Narcea y continuar hasta Puente del Infierno. Desde all\u00ed, seguir la AS-14 hasta Grandas de Salime.<\/p>\r\n\r\n<h5>Desde Gij\u00f3n:<\/h5>\r\n<h6 style=\"padding-left: 40px;\"><span style=\"text-decoration: underline;\">Opci\u00f3n 1. Por Boal<\/span><\/h6>\r\n<p style=\"padding-left: 80px;\">Coger la A-8, direcci\u00f3n La Coru\u00f1a. En la salida 498, tomar la N-632 hasta Navia. Desde Navia tomar la AS-12 hasta Grandas de Salime.<\/p>\r\n\r\n<h6 style=\"padding-left: 40px;\"><span style=\"text-decoration: underline;\">Opci\u00f3n 2. Por Vegadeo<\/span><\/h6>\r\n<p style=\"padding-left: 80px;\">Coger la A-8, direcci\u00f3n La Coru\u00f1a. En la salida 484, tomar la N-640 hasta Vegadeo. Desde Vegadeo tomar la AS-11 hasta la Garganta. Continuar por la AS-13 hasta Pesoz y desde all\u00ed, por la AS-12 hasta Grandas de Salime.<\/p>\r\n\r\n<h5>Desde Lugo:<\/h5>\r\n<p style=\"padding-left: 40px;\">Carretera LU-530 hasta A Fonsagrada. Desde all\u00ed, tomar la AS-28 hasta Grandas de Salime.<\/p>\r\n\r\n<h2><\/h2>\r\n<h3>En Autob\u00fas de l\u00ednea regular:<\/h3>\r\n<p style=\"padding-left: 40px;\">L\u00ednea Navia-Grandas de Salime. \u00a0M\u00e1s informaci\u00f3n en <a href=\"http:\/\/www.her-vei.com\/\">http:\/\/www.her-vei.es\/autocares-luarca-bus-s-l<\/a><\/p>\r\n<p style=\"padding-left: 40px;\">L\u00ednea Oviedo \u2013 Grandas de Salime (con transbordo). M\u00e1s informaci\u00f3n en <a href=\"http:\/\/www.alsa.es\/\">http:\/\/www.alsa.es\/<\/a><\/p>\r\n<p style=\"padding-left: 40px;\"><\/p>","_et_gb_content_width":""},"_links":{"self":[{"href":"https:\/\/www.museodegrandas.es\/en\/wp-json\/wp\/v2\/pages\/7372"}],"collection":[{"href":"https:\/\/www.museodegrandas.es\/en\/wp-json\/wp\/v2\/pages"}],"about":[{"href":"https:\/\/www.museodegrandas.es\/en\/wp-json\/wp\/v2\/types\/page"}],"author":[{"embeddable":true,"href":"https:\/\/www.museodegrandas.es\/en\/wp-json\/wp\/v2\/users\/2"}],"replies":[{"embeddable":true,"href":"https:\/\/www.museodegrandas.es\/en\/wp-json\/wp\/v2\/comments?post=7372"}],"version-history":[{"count":34,"href":"https:\/\/www.museodegrandas.es\/en\/wp-json\/wp\/v2\/pages\/7372\/revisions"}],"predecessor-version":[{"id":9343,"href":"https:\/\/www.museodegrandas.es\/en\/wp-json\/wp\/v2\/pages\/7372\/revisions\/9343"}],"wp:attachment":[{"href":"https:\/\/www.museodegrandas.es\/en\/wp-json\/wp\/v2\/media?parent=7372"}],"curies":[{"name":"wp","href":"https:\/\/api.w.org\/{rel}","templated":true}]}}