

{"id":7327,"date":"2022-05-03T12:48:48","date_gmt":"2022-05-03T12:48:48","guid":{"rendered":"https:\/\/www.museodegrandas.es\/the-museum\/10-flour-mill\/"},"modified":"2022-05-03T12:48:48","modified_gmt":"2022-05-03T12:48:48","slug":"10-flour-mill","status":"publish","type":"page","link":"https:\/\/www.museodegrandas.es\/en\/the-museum\/10-flour-mill\/","title":{"rendered":"10.- Flour Mill"},"content":{"rendered":"<p>In 1994, a hydraulic flour mill was built in the Museum, which houses the machinery of three different millstones. The water supply comes from the small stream that runs through the Museum grounds. To solve the shortage of water during the summer, a clever mechanism was used whereby an electric pump drives the flow of water from the aquifer found when excavating the foundations of the mill, generating a closed circuit that makes this mill move, contradicting the well-known saying &#8220;water that has passed through does not move the mill&#8221;.<\/p>\n<p><a href=\"https:\/\/www.museodegrandas.es\/wp-content\/uploads\/2014\/02\/molino1.jpg\"><img class=\"aligncenter\" src=\"https:\/\/www.museodegrandas.es\/wp-content\/uploads\/2014\/02\/molino1.jpg\" alt=\"molino1\" width=\"500\" \/><\/a><\/p>\n<p>The mill&#8217;s <em>banzao<\/em> (bucket), where the water that moves the impellers accumulates, comes from Villaperi (Oviedo\/Uvi\u00e9u) and dates back to 1869. It was dismantled stone by stone and rebuilt with the collaboration of the Confederaci\u00f3n Hidrogr\u00e1fica del Norte. The milling machines were acquired in Valdoria (Siero), Nogueir\u00f3u (Grandas de Salime) and Colada (Ayande) and correspond to different models.<\/p>\n<p><a href=\"https:\/\/www.museodegrandas.es\/wp-content\/uploads\/2014\/02\/molino2.jpg\"><img class=\"aligncenter\" src=\"https:\/\/www.museodegrandas.es\/wp-content\/uploads\/2014\/02\/molino2.jpg\" alt=\"molino2\" width=\"500\" \/><\/a><!--:--><\/p>\n","protected":false},"excerpt":{"rendered":"<p>In 1994, a hydraulic flour mill was built in the Museum, which houses the machinery of three different millstones. The water supply comes from the small stream that runs through the Museum grounds. To solve the shortage of water during the summer, a clever mechanism was used whereby an electric pump drives the flow of [&hellip;]<\/p>\n","protected":false},"author":2,"featured_media":0,"parent":7280,"menu_order":0,"comment_status":"closed","ping_status":"closed","template":"","meta":{"_et_pb_use_builder":"","_et_pb_old_content":"","_et_gb_content_width":""},"_links":{"self":[{"href":"https:\/\/www.museodegrandas.es\/en\/wp-json\/wp\/v2\/pages\/7327"}],"collection":[{"href":"https:\/\/www.museodegrandas.es\/en\/wp-json\/wp\/v2\/pages"}],"about":[{"href":"https:\/\/www.museodegrandas.es\/en\/wp-json\/wp\/v2\/types\/page"}],"author":[{"embeddable":true,"href":"https:\/\/www.museodegrandas.es\/en\/wp-json\/wp\/v2\/users\/2"}],"replies":[{"embeddable":true,"href":"https:\/\/www.museodegrandas.es\/en\/wp-json\/wp\/v2\/comments?post=7327"}],"version-history":[{"count":0,"href":"https:\/\/www.museodegrandas.es\/en\/wp-json\/wp\/v2\/pages\/7327\/revisions"}],"up":[{"embeddable":true,"href":"https:\/\/www.museodegrandas.es\/en\/wp-json\/wp\/v2\/pages\/7280"}],"wp:attachment":[{"href":"https:\/\/www.museodegrandas.es\/en\/wp-json\/wp\/v2\/media?parent=7327"}],"curies":[{"name":"wp","href":"https:\/\/api.w.org\/{rel}","templated":true}]}}