

{"id":7284,"date":"2022-05-03T12:15:44","date_gmt":"2022-05-03T12:15:44","guid":{"rendered":"https:\/\/www.museodegrandas.es\/the-museum\/02-the-rectory-house\/02-02-a-lareira-kitchen\/"},"modified":"2022-05-03T12:15:44","modified_gmt":"2022-05-03T12:15:44","slug":"02-02-a-lareira-kitchen","status":"publish","type":"page","link":"https:\/\/www.museodegrandas.es\/en\/the-museum\/02-the-rectory-house\/02-02-a-lareira-kitchen\/","title":{"rendered":"02.02.- A Lareira \/ Kitchen"},"content":{"rendered":"<p>The kitchen was the nerve centre of peasant life and often the only room in the homes of the poorest families. It was where most of the domestic activities took place and the meeting point for the members of the family unit and their relatives, even serving as a bedroom. Its dual function as a place of work and for socialising was particularly important during the winter, when the long, cold nights were conducive to work and gatherings around the only source of light and warmth in the house.<\/p>\n<p>The kitchen of the Ethnographic Museum of Grandas de Salime &#8220;Pepe el Ferreiro&#8221; maintains its original location. It is accessed through the entrance hall<strong>\u00a0<\/strong>which, next to the front door of the house, consists of a wide corridor that acts as a passage way to the other rooms on the ground floor and the attic. A <em>taboao<\/em> (partition) of chestnut boards encloses this space, differentiating it from the rest of the kitchen.<\/p>\n<p><a href=\"https:\/\/www.museodegrandas.es\/wp-content\/uploads\/2014\/02\/Lareira1.jpg\"><img class=\"aligncenter\" src=\"https:\/\/www.museodegrandas.es\/wp-content\/uploads\/2014\/02\/Lareira1.jpg\" alt=\"Lareira1\" width=\"500\" \/><\/a><\/p>\n<p>In the entrance hall you can see a remarkable collection of objects and instruments for daily life and domestic work. From the <em>taboao<\/em> (partition), on which a coffee grinder can be seen, hang <em>mantelos de pigureiro<\/em> (shepherd&#8217;s cloaks) and above it is a display of baskets with various functions. In a prominent place is the <em>artesa<\/em>, a singularly important piece in a kitchen, where bread was kneaded and the loaf and meat for daily consumption were kept. A <em>conqueiro<\/em> (basin) and a <em>trabeira<\/em> (shelf) house the crockery and kitchen utensils. In the vestibule you can also see various types of<em> canadas o ferradas<\/em> for carrying water, baskets, cauldrons and some <em>ferramentas da terra<\/em> (farming implements), including <em>axadas<\/em> for digging the hills or <em>gaviochos<\/em>, <em>petas<\/em> and <em>rodos<\/em> for working the fields.<\/p>\n<p>Hanging on the wall and on the beam that crosses the vestibule are exhibited leather and wire sieves and <em>caldeiras<\/em> (cauldrons) of copper and wrought iron. The latter were made in the <em>Santalla d&#8217;Ozcos<\/em> mill and were used to melt the <em>rox\u00f3is<\/em> or pork fat.<\/p>\n<p>After passing through the entrance hall, you enter the strict area of the <em>lareira<\/em>, which occupies a quadrangular space located at a slightly higher level than the rest of the kitchen areas, all of which are tiled. In the centre, slightly raised above the surrounding floor and enclosed by vertical slate slabs, is <em>lar<\/em> or low wood fire where the food was cooked and where the family warmed up. The risk of fire is minimised by increasing the distance to the roof. Above the hearth, a framework of reeds or sticks, known as <em>ca\u00ednzo<\/em>, was placed, from which sausages, salted meat, chestnuts or any other product that needed to be cured by smoke were hung. The Rectory House had a chimney made of interwoven planks and sticks covered with lime and mud, a privilege of wealthy houses like this one, which was not available to peasant dwellings, where the smoke was evacuated through the cracks in the windows and roof.<\/p>\n<p><a href=\"https:\/\/www.museodegrandas.es\/wp-content\/uploads\/2014\/02\/Lareira2.jpg\"><img class=\"aligncenter\" src=\"https:\/\/www.museodegrandas.es\/wp-content\/uploads\/2014\/02\/Lareira2.jpg\" alt=\"Lareira2\" width=\"500\" \/><\/a><\/p>\n<p>In one corner stands the <em>guindaste<\/em>, a wooden structure made up of a right foot and a rotating arm from the end of which hangs the <em>garmalleira<\/em>, an adjustable chain from which the three-foot cast-iron pots or the iron or copper cauldrons in which the food was prepared are hung. This mechanism allowed the containers to be moved closer or further away from the fire, as required. In order to avoid direct exposure of the flat-bottomed containers to the fire, <em>estrepias<\/em> (trivets) were used.<\/p>\n<p>Around the central hearth, occupying three of its sides, there is a chestnut wood bench on which a folding table is anchored that is lowered for eating and folded away when space is needed for other tasks. Several <em>tallolos<\/em> (benches) are distributed in the passage area, extending the seating areas for large family groups. Built into the wall, around the bench, several closed cupboards are used to store food and house crockery and utensils. Everyday kitchen utensils such as <em>tixelas<\/em> (pans), cast iron and copper chocolate pots, mortars, <em>garfelos<\/em> (iron ladles), strainers, coffee grinders, saucepans, etc. are distributed around the room, concentrating on the <em>conqueiro<\/em> (corner shelf) and the <em>trabeiras<\/em> (shelves). Next to them, you can also see drums for roasting chestnuts, clothes irons and lighting elements such as carbides, oil lamps and candle holders.<\/p>\n<p><a href=\"https:\/\/www.museodegrandas.es\/wp-content\/uploads\/2014\/02\/Lareira3.jpg\"><img class=\"aligncenter\" src=\"https:\/\/www.museodegrandas.es\/wp-content\/uploads\/2014\/02\/Lareira3.jpg\" alt=\"Lareira3\" width=\"500\" \/><\/a><\/p>\n<p>Opposite the <em>lareira<\/em> is the <em>forno<\/em> (oven) where the family&#8217;s staple food, bread, was baked. Made of bricks or tiles, clay, slate and sandstone, the oven has a semicircular perimeter that stands out on the outside of the house. Its front has a <em>porta<\/em> (door) through which the bread is stoked and introduced. It is covered with a slate visor that prevents sparks from flying onto the wooden roof and causing a fire. Under the door is the <em>sinceiro<\/em> (ashtray), in which embers and ashes are placed.\u00a0 The <em>pairas<\/em> (shovels), the <em>rodalo<\/em>, the <em>baxase<\/em> (branch broom) and the <em>forqueta<\/em> (fork) are always placed next to the <em>forno<\/em> (oven). To bake the bread, the oven is fired with wood until the walls are \u201cwhite\u201d (glowing). The bread is then cleaned and baked. In each batch, about nine <em>fogazas<\/em> (loaves) and a <em>bolo<\/em> (bun) of bacon or chorizo were baked. Bread making was an exclusively female job. It was kneaded every fortnight and almost always on the eve of a festivity or a task requiring the participation of the neighbours, who were offered a plentiful meal. Before putting the bread in the <em>forno<\/em>, a cross was made and prayers were said for it to turn out well: <em>\u201cA San Pantale\u00f3n, que lo saque lo saque bon, a San Justo, que de pouco lo volva muito, y a San Vicente, que lo acreciente, y a San Bartolo, que saque von bolo, y a San Froil\u00e1n, que saque bon pan&#8221;<\/em> (Our\u00eda, council of Ibias).<\/p>\n<p>Under the window, benefiting from natural light, is the <em>fregadeiro<\/em> (sink), consisting of a monolithic basin embedded in the wall. The flaring of the opening allows for the creation of a small plateau on which the <em>sellas<\/em> or <em>ferradas<\/em> are placed with which the water was brought to the house from the fountain, a task carried out by the women.<\/p>\n<p>The <em>trobo de colar<\/em> is placed between the oven and the window. This device was used to wash the linen, a job that was also carried out by the women of the family. It consists of a hollow trunk, <em>trobo<\/em>, usually made of chestnut, which is placed on a round stone, <em>dala<\/em>, partially embedded in the facing and fitted with a spillway spout that acts as a spillway. The wet clothes are placed in the <em>trobo<\/em> and covered with a coarse, dense cloth filled with wood ash, over which cauldrons of hot water were poured in a sequence of <em>&#8220;three templad\u00edas, three calent\u00edas and three fervid\u00edas&#8221;<\/em>, so that the water in contact with the ash is transformed into a bleach that whitens and disinfects the clothes.<\/p>\n","protected":false},"excerpt":{"rendered":"<p>The kitchen was the nerve centre of peasant life and often the only room in the homes of the poorest families. It was where most of the domestic activities took place and the meeting point for the members of the family unit and their relatives, even serving as a bedroom. Its dual function as a [&hellip;]<\/p>\n","protected":false},"author":2,"featured_media":0,"parent":7281,"menu_order":0,"comment_status":"closed","ping_status":"closed","template":"","meta":{"_et_pb_use_builder":"","_et_pb_old_content":"","_et_gb_content_width":""},"_links":{"self":[{"href":"https:\/\/www.museodegrandas.es\/en\/wp-json\/wp\/v2\/pages\/7284"}],"collection":[{"href":"https:\/\/www.museodegrandas.es\/en\/wp-json\/wp\/v2\/pages"}],"about":[{"href":"https:\/\/www.museodegrandas.es\/en\/wp-json\/wp\/v2\/types\/page"}],"author":[{"embeddable":true,"href":"https:\/\/www.museodegrandas.es\/en\/wp-json\/wp\/v2\/users\/2"}],"replies":[{"embeddable":true,"href":"https:\/\/www.museodegrandas.es\/en\/wp-json\/wp\/v2\/comments?post=7284"}],"version-history":[{"count":0,"href":"https:\/\/www.museodegrandas.es\/en\/wp-json\/wp\/v2\/pages\/7284\/revisions"}],"up":[{"embeddable":true,"href":"https:\/\/www.museodegrandas.es\/en\/wp-json\/wp\/v2\/pages\/7281"}],"wp:attachment":[{"href":"https:\/\/www.museodegrandas.es\/en\/wp-json\/wp\/v2\/media?parent=7284"}],"curies":[{"name":"wp","href":"https:\/\/api.w.org\/{rel}","templated":true}]}}